{"id":3336,"date":"2026-01-12T10:36:46","date_gmt":"2026-01-12T10:36:46","guid":{"rendered":"https:\/\/zen.studio\/a-propos\/"},"modified":"2026-01-20T07:45:02","modified_gmt":"2026-01-20T07:45:02","slug":"a-propos","status":"publish","type":"page","link":"https:\/\/zen.studio\/fr\/a-propos\/","title":{"rendered":"\u00c1 propos"},"content":{"rendered":"\n<div id=\"creative-services\" class=\"wp-block-group has-base-background-color has-background has-global-padding is-layout-constrained wp-container-core-group-is-layout-9defe1ff wp-block-group-is-layout-constrained\" style=\"margin-top:0;margin-bottom:0;padding-top:0;padding-right:0;padding-bottom:0;padding-left:0\">\n<div class=\"wp-block-group is-vertical is-content-justification-left is-layout-flex wp-container-core-group-is-layout-cfddd789 wp-block-group-is-layout-flex\" style=\"padding-top:5px\">\n<div style=\"height:0px\" aria-hidden=\"true\" class=\"wp-block-spacer wp-container-content-4f2ccadb\"><\/div>\n\n\n\n<h2 class=\"wp-block-heading has-text-align-left has-xx-large-font-size\" data-aos=\"fade\" data-aos-mirror=\"true\"><span class=\"colordesign\">Services<\/span><\/h2>\n\n\n\n<div style=\"height:39px\" aria-hidden=\"true\" class=\"wp-block-spacer wp-container-content-d5d6ef74\"><\/div>\n\n\n\n<p class=\"has-text-align-left\">Zen Studio cr\u00e9e des concepts originaux<br>pour votre communication sur le march\u00e9.<\/p>\n\n\n\n<div style=\"height:20px\" aria-hidden=\"true\" class=\"wp-block-spacer wp-container-content-62aae154\"><\/div>\n<\/div>\n\n\n\n<div style=\"height:5px\" aria-hidden=\"true\" class=\"wp-block-spacer\"><\/div>\n\n\n\n<h3 class=\"wp-block-heading\">Graphisme et conception Web<\/h3>\n\n\n\n<details class=\"wp-block-details is-layout-flow wp-block-details-is-layout-flow\"><summary>Identit\u00e9 visuelle de la marque<\/summary>\n<p>Vous \u00eates une jeune start-up qui lance sa marque ou l\u2019identit\u00e9 visuelle actuelle ne r\u00e9pond plus \u00e0 l\u2019\u00e9volution de votre activit\u00e9 \u2013 contactez-nous. Nous vous aiderons \u00e0 vous (re)positionner sur le march\u00e9 avec un logotype et un environnement graphique originaux et diff\u00e9renciateurs. <\/p>\n<\/details>\n\n\n\n<details class=\"wp-block-details is-layout-flow wp-block-details-is-layout-flow\"><summary>Conception d&rsquo;applications web<\/summary>\n<p>Nous cr\u00e9ons des sites web attractifs, fonctionnels et optimis\u00e9s, le SEO \u00e9tant int\u00e9gr\u00e9 dans la conception web. Nous d\u00e9veloppons du contenu on-site\/r\u00e9seaux sociaux.  Le site web travaille pour vous et pas l\u2019inverse. Il vous aide \u00e0 \u00eatre visible, mais donne \u00e9galement de la cr\u00e9dibilit\u00e9 et de la transparence \u00e0 votre business. Nous nous assurons qu\u2019il est coh\u00e9rent avec l\u2019identit\u00e9 visuelle, accessible de tous les terminaux et facile \u00e0 maintenir.<\/p>\n<\/details>\n\n\n\n<details class=\"wp-block-details is-layout-flow wp-block-details-is-layout-flow\"><summary>Print design<\/summary>\n<p>Du design de la plaquette commerciale au catalogue, l\u2019emballage produit, la publicit\u00e9 ext\u00e9rieure, les PLV, \u2026 notre objectif est de concevoir un design original et efficace, force motrice de votre image et d\u00e9veloppement.<\/p>\n<\/details>\n\n\n\n<div style=\"margin-top:0;margin-bottom:0;height:50px\" aria-hidden=\"true\" class=\"wp-block-spacer\"><\/div>\n\n\n\n<h3 class=\"wp-block-heading\" data-aos=\"fade\" data-aos-mirror=\"true\">Marketing digital<\/h3>\n\n\n\n<details class=\"wp-block-details is-layout-flow wp-block-details-is-layout-flow\"><summary>SEO | GEO | R\u00e9dactionnel<\/summary>\n<p>Lorsque votre visibilit\u00e9 est importante, nous proposons des solutions compl\u00e8tes pour le d\u00e9veloppement de votre nouveau site web : \u00e9tude des mots-cl\u00e9s, structure SEO du site, r\u00e9daction SEO, cr\u00e9ation et marketing de contenu, optimisation GEO pour l&rsquo;IA. Pour nous, le r\u00e9f\u00e9rencement fait partie int\u00e9grante de la conception web, et l&rsquo;objectif est d&rsquo;assurer une visibilit\u00e9 organique \u00e0 vos produits et services. <\/p>\n<\/details>\n\n\n\n<details class=\"wp-block-details is-layout-flow wp-block-details-is-layout-flow\"><summary>Campagnes digitales<\/summary>\n<p>Vous ciblez des groupes de clients sp\u00e9cifiques ou vous avez un message urgent \u00e0 communiquer au march\u00e9 ? Zen Studio cr\u00e9e, configure et mesure des campagnes digitales cibl\u00e9es, pr\u00e9cises et mesurables sur Adwords, LinkedIn et Meta. <\/p>\n<\/details>\n\n\n\n<div style=\"margin-top:0;margin-bottom:0;height:50px\" aria-hidden=\"true\" class=\"wp-block-spacer\"><\/div>\n\n\n\n<h3 class=\"wp-block-heading\" data-aos=\"fade\" data-aos-mirror=\"true\">Relations publiques et gestion d&rsquo;\u00e9v\u00e9nements<\/h3>\n\n\n\n<details class=\"wp-block-details is-layout-flow wp-block-details-is-layout-flow\"><summary>Votre plan de comm d&rsquo;entreprise en Bulgarie<\/summary>\n<p>Le succ\u00e8s commence par un plan clair. Nous travaillons en \u00e9troite collaboration avec votre \u00e9quipe pour \u00e9laborer, budgeter et g\u00e9rer un cadre de communication complet. Nous analysons le march\u00e9 afin de d\u00e9terminer <strong>l&rsquo;endroit et le moment<\/strong> les plus efficaces pour faire de la publicit\u00e9 et communiquer, garantissant ainsi un rendement maximal.  <\/p>\n\n\n\n<h3 class=\"wp-block-heading\">Une pr\u00e9sence \u00e0 360 degr\u00e9s<\/h3>\n\n\n\n<p><strong>\u00c9v\u00e9nements et s\u00e9minaires cibl\u00e9s<\/strong><br>Nous identifions et invitons des groupes de clients sp\u00e9cifiques \u00e0 des s\u00e9minaires sp\u00e9cialis\u00e9s et \u00e0 des \u00e9v\u00e9nements d&rsquo;entreprise, transformant ainsi les contacts en v\u00e9ritables partenariats.<\/p>\n\n\n\n<p><strong>Leadership num\u00e9rique<\/strong><br>Nous s\u00e9lectionnons les m\u00e9dias num\u00e9riques et les r\u00e9seaux sociaux les plus appropri\u00e9s afin de transmettre vos messages directement \u00e0 votre public cible.<\/p>\n\n\n\n<p>Participation \u00e0 des salons<br>Nous prenons en charge l&rsquo;organisation compl\u00e8te et le positionnement de votre marque lors des salons professionnels cl\u00e9s.<\/p>\n<\/details>\n\n\n\n<div style=\"margin-top:0;margin-bottom:0;height:50px\" aria-hidden=\"true\" class=\"wp-block-spacer\"><\/div>\n\n\n\n<div class=\"wp-block-columns alignwide is-layout-flex wp-container-core-columns-is-layout-b1b7cb04 wp-block-columns-is-layout-flex\">\n<div class=\"wp-block-column has-accent-1-background-color has-background is-layout-flow wp-container-core-column-is-layout-e3d1c41b wp-block-column-is-layout-flow\" style=\"flex-basis:50%\"><\/div>\n\n\n\n<div class=\"wp-block-column is-vertically-aligned-center is-layout-flow wp-block-column-is-layout-flow\" style=\"padding-left:0;flex-basis:50%\" data-aos=\"fade-right\">\n<h3 class=\"wp-block-heading has-text-align-left has-body-font-family has-medium-font-size\" style=\"font-style:normal;font-weight:700;text-transform:uppercase\">Travaillons <br>ensemble !<\/h3>\n\n\n\n<p class=\"has-text-align-left has-medium-font-size\">Au cas ou votre projet aurait besoin de conception graphique et d\u2019une dose de cr\u00e9ativit\u00e9, n\u2019h\u00e9sitez pas \u00e0 nous contacter. Nous sommes toujours en recherche d\u2019approches innovantes et de nouveaux d\u00e9fis. <\/p>\n\n\n\n<h4 class=\"wp-block-heading is-style-with-arrow has-medium-font-size\" style=\"text-transform:uppercase\"><a href=\"https:\/\/zen.studio\/fr\/contact\/\" data-type=\"page\" data-id=\"1279\">Nous contacter<\/a><\/h4>\n<\/div>\n<\/div>\n\n\n\n<div style=\"height:50px\" aria-hidden=\"true\" class=\"wp-block-spacer\"><\/div>\n\n\n\n<div class=\"wp-block-group is-vertical is-layout-flex wp-container-core-group-is-layout-5f9f5280 wp-block-group-is-layout-flex\">\n<h3 class=\"wp-block-heading\">Notre processus de travail<\/h3>\n<\/div>\n\n\n\n<details class=\"wp-block-details is-layout-flow wp-block-details-is-layout-flow\" data-aos=\"fade-up\"><summary>1 | Il faut faire connaissance<\/summary>\n<p>Si vous pensez que nous sommes le partenaire pour votre prochain projet, faisons connaissance. Il est important pour le succ\u00e8s de notre collaboration de savoir qui vous \u00eates, quelle est votre ambition et environnement.<\/p>\n\n\n\n<p>Sur cette base nous pouvons vous conseiller sur la communication commerciale ou d\u2019image \u00e0 d\u00e9velopper et estimer son cout.<\/p>\n<\/details>\n\n\n\n<details class=\"wp-block-details is-layout-flow wp-block-details-is-layout-flow\" data-aos=\"fade-up\"><summary>2 | Nous faisons notre magie<\/summary>\n<p>Apr\u00e8s avoir \u00e9tabli le cadre du projet nous commen\u00e7ons avec une recherche graphique ou recherche des axes de communication et benchmarking des bonnes pratiques visuelles du secteur d\u2019activit\u00e9. A cette base nous ajoutons notre cr\u00e9ativit\u00e9 et exp\u00e9rience pour proposer des variantes originales, adapt\u00e9es au besoin. <\/p>\n<\/details>\n\n\n\n<details class=\"wp-block-details is-layout-flow wp-block-details-is-layout-flow\" data-aos=\"fade-up\"><summary>3 | Une solution est trouv\u00e9e<\/summary>\n<p>D\u00e8s que les directions du design soient valid\u00e9es nous \u00e9laborons un environnement graphique homog\u00e8ne pour vos moyens de communication print ou web. Ces r\u00e8gles de communication visuelle cr\u00e9ent une repr\u00e9sentation reconnaissable de la marque dans les medias de diffusion utilis\u00e9es et contribuent \u00e0 sa notori\u00e9t\u00e9. <\/p>\n<\/details>\n\n\n\n<div style=\"height:var(--wp--preset--spacing--20)\" aria-hidden=\"true\" class=\"wp-block-spacer\"><\/div>\n<\/div>\n","protected":false},"excerpt":{"rendered":"<p>Services Zen Studio cr\u00e9e des concepts originauxpour votre communication sur le march\u00e9. Graphisme et conception Web Marketing digital Relations publiques et gestion d&rsquo;\u00e9v\u00e9nements Travaillons ensemble ! Au cas ou votre projet aurait besoin de conception graphique et d\u2019une dose de cr\u00e9ativit\u00e9, n\u2019h\u00e9sitez pas \u00e0 nous contacter. Nous sommes toujours en recherche d\u2019approches innovantes et de [&hellip;]<\/p>\n","protected":false},"author":1,"featured_media":0,"parent":0,"menu_order":0,"comment_status":"closed","ping_status":"closed","template":"","meta":{"_acf_changed":false,"footnotes":""},"class_list":["post-3336","page","type-page","status-publish","hentry"],"acf":[],"_links":{"self":[{"href":"https:\/\/zen.studio\/fr\/wp-json\/wp\/v2\/pages\/3336","targetHints":{"allow":["GET"]}}],"collection":[{"href":"https:\/\/zen.studio\/fr\/wp-json\/wp\/v2\/pages"}],"about":[{"href":"https:\/\/zen.studio\/fr\/wp-json\/wp\/v2\/types\/page"}],"author":[{"embeddable":true,"href":"https:\/\/zen.studio\/fr\/wp-json\/wp\/v2\/users\/1"}],"replies":[{"embeddable":true,"href":"https:\/\/zen.studio\/fr\/wp-json\/wp\/v2\/comments?post=3336"}],"version-history":[{"count":0,"href":"https:\/\/zen.studio\/fr\/wp-json\/wp\/v2\/pages\/3336\/revisions"}],"wp:attachment":[{"href":"https:\/\/zen.studio\/fr\/wp-json\/wp\/v2\/media?parent=3336"}],"curies":[{"name":"wp","href":"https:\/\/api.w.org\/{rel}","templated":true}]}}