{"id":3370,"date":"2026-01-09T18:27:13","date_gmt":"2026-01-09T18:27:13","guid":{"rendered":"https:\/\/zen.studio\/analyse-des-mots-cles\/"},"modified":"2026-01-19T14:39:12","modified_gmt":"2026-01-19T14:39:12","slug":"analyse-mots-cles","status":"publish","type":"page","link":"https:\/\/zen.studio\/fr\/analyse-mots-cles\/","title":{"rendered":"Analyse des mots-cl\u00e9s"},"content":{"rendered":"\n<figure class=\"wp-block-image size-full\"><img loading=\"lazy\" decoding=\"async\" width=\"960\" height=\"500\" src=\"https:\/\/zen.studio\/wp-content\/uploads\/2026\/01\/keywords-seo-research.png\" alt=\"Analyse SEO des mots-cl\u00e9s pour un positionnement r\u00e9ussi\" class=\"wp-image-3156\" srcset=\"https:\/\/zen.studio\/wp-content\/uploads\/2026\/01\/keywords-seo-research.png 960w, https:\/\/zen.studio\/wp-content\/uploads\/2026\/01\/keywords-seo-research-300x156.png 300w, https:\/\/zen.studio\/wp-content\/uploads\/2026\/01\/keywords-seo-research-768x400.png 768w\" sizes=\"auto, (max-width: 960px) 100vw, 960px\" \/><\/figure>\n\n\n\n<p>L&rsquo;analyse des mots cl\u00e9s est \u00e0 la base de la strat\u00e9gie SEO de toute communication web r\u00e9ussie. Les mots s\u00e9lectionn\u00e9s sont ensuite utilis\u00e9s dans le contenu afin que le site web commence \u00e0 \u00eatre index\u00e9 (et \u00ab class\u00e9 \u00bb) en fonction de ceux-ci. <\/p>\n\n\n\n<div style=\"height:15px\" aria-hidden=\"true\" id=\"kakvo-e-prouchvane-na-keywords\" class=\"wp-block-spacer\"><\/div>\n\n\n\n<h2 class=\"wp-block-heading\">Qu&rsquo;est-ce que l&rsquo;\u00e9tude des mots-cl\u00e9s ?<\/h2>\n\n\n\n<div style=\"height:15px\" aria-hidden=\"true\" class=\"wp-block-spacer\"><\/div>\n\n\n\n<blockquote class=\"wp-block-quote is-layout-flow wp-block-quote-is-layout-flow\">\n<p>Le travail \u00e0 accomplir pour \u00e9laborer une liste exhaustive de mots-cl\u00e9s permettant d&rsquo;optimiser un contenu web pour les moteurs de recherche.<\/p>\n<\/blockquote>\n\n\n\n<details class=\"wp-block-details is-layout-flow wp-block-details-is-layout-flow\"><summary>Quelques pr\u00e9cisions sur les mots cl\u00e9s<\/summary>\n<p>Les phrases cl\u00e9s (ou expressions cl\u00e9s) sont des termes de recherche compos\u00e9s de plusieurs mots. Lorsque nous parlons de mots cl\u00e9s, nous ne faisons pas uniquement r\u00e9f\u00e9rence \u00e0 un seul mot. \u00ab <a href=\"https:\/\/zen.studio\/fr\/\">Studio de conception graphique<\/a> \u00bb est \u00e9galement un mot cl\u00e9, tout comme \u00ab graphiste \u00e0 Sofia \u00bb. \u00c9tant donn\u00e9 que les recherches sur Google sont rarement compos\u00e9es d&rsquo;un seul mot, lorsque nous parlons d&rsquo;\u00e9tude de mots-cl\u00e9s, nous faisons r\u00e9f\u00e9rence \u00e0 une \u00e9tude des phrases et expressions de recherche. <\/p>\n\n\n\n<p>Les mots-cl\u00e9s \u00e0 \u00ab\u00a0longue tra\u00eene\u00a0\u00bb (Long tail keywords) sont des expressions plus sp\u00e9cifiques et descriptives qui correspondent \u00e0 une recherche de niche. Plus les crit\u00e8res de recherche sont longs et sp\u00e9cifiques, plus il est facile d&rsquo;\u00eatre en t\u00eate des r\u00e9sultats pour ces mots-cl\u00e9s. Dans le contexte de Zen Studio, par exemple, il est difficile de se positionner en premi\u00e8re page pour des mots tels que \u00ab conception graphique \u00bb ou \u00ab conception de logo \u00bb. Cependant, si nous imaginons des concepts plus pr\u00e9cis et plus sp\u00e9cialis\u00e9s, il sera relativement facile de nous classer avec \u00ab <a href=\"https:\/\/zen.studio\/fr\/conception-emballages\/\" data-type=\"page\" data-id=\"3522\">conception et fabrication d&#8217;emballages<\/a> \u00bb ou \u00ab <a href=\"https:\/\/zen.studio\/fr\/creation-logo-entreprise\/\" data-type=\"page\" data-id=\"3460\">conception de logo pour cabinet comptable<\/a> \u00bb.<\/p>\n\n\n\n<p>La <strong>strat\u00e9gie SEO bas\u00e9e sur les mots-cl\u00e9s<\/strong> est un ensemble de d\u00e9cisions et un plan d&rsquo;action r\u00e9sultant d&rsquo;une \u00e9tude et d&rsquo;une d\u00e9finition des mots-cl\u00e9s pertinents pour votre activit\u00e9 et vos objectifs.<\/p>\n<\/details>\n\n\n\n<div style=\"height:15px\" aria-hidden=\"true\" id=\"vajno-prouchvane-na-kluchovi-dumi\" class=\"wp-block-spacer\"><\/div>\n\n\n\n<h2 class=\"wp-block-heading\">Pourquoi l&rsquo;\u00e9tude des mots-cl\u00e9s est-elle si importante ?<\/h2>\n\n\n\n<p>Souvent, les entreprises ont une culture et un vocabulaire propres qui d\u00e9crivent leurs produits et services d&rsquo;une mani\u00e8re diff\u00e9rente de celle utilis\u00e9e par leurs clients. Il est inutile d&rsquo;optimiser le contenu pour des expressions que les gens ne recherchent pas. <\/p>\n\n\n\n<div style=\"height:15px\" aria-hidden=\"true\" class=\"wp-block-spacer\"><\/div>\n\n\n\n<blockquote class=\"wp-block-quote is-layout-flow wp-block-quote-is-layout-flow\">\n<p>Une \u00e9tude correctement men\u00e9e des mots cl\u00e9s est importante pour d\u00e9terminer l&rsquo;ensemble des recherches r\u00e9ellement utilis\u00e9es par les clients potentiels.<\/p>\n<\/blockquote>\n\n\n\n<div style=\"height:15px\" aria-hidden=\"true\" class=\"wp-block-spacer\"><\/div>\n\n\n\n<p>Ainsi, tous les efforts d&rsquo;optimisation du contenu et de <a href=\"https:\/\/zen.studio\/fr\/seo-copywriting\/\" data-type=\"page\" data-id=\"852\">r\u00e9dactionel SEO<\/a> iront dans la bonne direction.<\/p>\n\n\n\n<div style=\"height:15px\" aria-hidden=\"true\" class=\"wp-block-spacer\"><\/div>\n\n\n\n<figure class=\"wp-block-image size-full\" id=\"process-prouchvane-na-kluchovi-dumi\"><img loading=\"lazy\" decoding=\"async\" width=\"960\" height=\"500\" src=\"https:\/\/zen.studio\/wp-content\/uploads\/2026\/01\/analiz-kluchovi-dumi.png\" alt=\"\" class=\"wp-image-3169\" srcset=\"https:\/\/zen.studio\/wp-content\/uploads\/2026\/01\/analiz-kluchovi-dumi.png 960w, https:\/\/zen.studio\/wp-content\/uploads\/2026\/01\/analiz-kluchovi-dumi-300x156.png 300w, https:\/\/zen.studio\/wp-content\/uploads\/2026\/01\/analiz-kluchovi-dumi-768x400.png 768w\" sizes=\"auto, (max-width: 960px) 100vw, 960px\" \/><\/figure>\n\n\n\n<h2 class=\"wp-block-heading\">\u00c9tude des mots-cl\u00e9s par Zen Studio<\/h2>\n\n\n\n<p>Comme pour tout autre projet de communication d&rsquo;entreprise, chez Zen Studio, on part du principe que les infos de base doivent venir du client. C&rsquo;est logique, car c&rsquo;est vous qui connaissez le mieux votre business, vos concurrents et vos objectifs marketing. On commence par un petit briefing pour avoir deux orientations principales pour notre recherche :  <\/p>\n\n\n\n<ul class=\"wp-block-list\">\n<li>Pour votre entreprise : qui vous \u00eates, quelle est votre mission, ce qui vous distingue de vos concurrents, quelles sont les caract\u00e9ristiques du march\u00e9 et de vos clients.<\/li>\n\n\n\n<li>Que recherchent vos clients (selon vous) ? Dressez une liste de vos hypoth\u00e8ses concernant les besoins des clients potentiels. Quels mots utiliseraient-ils dans leur recherche ? <\/li>\n<\/ul>\n\n\n\n<p>Avec ces informations initiales, Zen Studio commencera l&rsquo;\u00e9tude en utilisant les outils de Google, ceux de prestataires tiers, ainsi que la v\u00e9rification humaine et l&rsquo;analyse des r\u00e9sultats. Afin de mettre en \u0153uvre une strat\u00e9gie SEO efficace, nous essayons de d\u00e9terminer ce qui d\u00e9clenche la recherche. Le client souhaite-t-il s&rsquo;informer ? Recherche-t-il des informations commerciales ? Recherche-t-il des informations dans le contexte d&rsquo;une marque\/d&rsquo;un brand concurrent ? L&rsquo;\u00e9tude se termine par une liste aussi longue que possible de mots-cl\u00e9s correspondant \u00e0 des recherches r\u00e9elles. Ensuite, nous discutons ensemble avec le client et validons les priorit\u00e9s. En g\u00e9n\u00e9ral, le r\u00e9sultat est un mix de mots-cl\u00e9s courts et de mots-cl\u00e9s plus sp\u00e9cifiques (\u00e0 longue tra\u00eene).      <\/p>\n\n\n\n<p>Ces mots-cl\u00e9s prioritaires sont \u00e0 la base de l&rsquo;optimisation SEO et de la cr\u00e9ation de contenu pour le nouveau site web. Ils d\u00e9terminent \u00e9galement la strat\u00e9gie \u00e0 long terme en mati\u00e8re de mots-cl\u00e9s. <\/p>\n\n\n\n<div style=\"height:15px\" aria-hidden=\"true\" class=\"wp-block-spacer\"><\/div>\n\n\n\n<figure class=\"wp-block-image size-full\" id=\"prilojenie-prouchvane-na-kluchovi-dumi\"><img loading=\"lazy\" decoding=\"async\" width=\"960\" height=\"500\" src=\"https:\/\/zen.studio\/wp-content\/uploads\/2026\/01\/keywords-strategy.png\" alt=\"Strat\u00e9gie des mots-cl\u00e9s\" class=\"wp-image-3177\" srcset=\"https:\/\/zen.studio\/wp-content\/uploads\/2026\/01\/keywords-strategy.png 960w, https:\/\/zen.studio\/wp-content\/uploads\/2026\/01\/keywords-strategy-300x156.png 300w, https:\/\/zen.studio\/wp-content\/uploads\/2026\/01\/keywords-strategy-768x400.png 768w\" sizes=\"auto, (max-width: 960px) 100vw, 960px\" \/><\/figure>\n\n\n\n<h2 class=\"wp-block-heading\">Comment Zen Studio met en \u0153uvre la recherche de mots-cl\u00e9s ?<\/h2>\n\n\n\n<p>L&rsquo;application pratique des r\u00e9sultats de l&rsquo;\u00e9tude des mots-cl\u00e9s consiste \u00e0 d\u00e9terminer la <strong>structure du site<\/strong> et \u00e0 hi\u00e9rarchiser le contenu \u2013 pages principales (cornerstone), pages d&rsquo;atterrissage (lending) et pages secondaires.<\/p>\n\n\n\n<p><strong>Que sont les pages cornerstone ?<\/strong> Ils font partie de la structure principale du site. Ce sont les pages les plus importantes, qui couvrent les mots-cl\u00e9s les plus volumineux et accumulent la plus grande \u00ab autorit\u00e9 \u00bb. Ils doivent \u00eatre \u00ab class\u00e9s \u00bb pour les mots-cl\u00e9s les plus fr\u00e9quents et les plus importants. Puisque l&rsquo;objectif est qu&rsquo;elles soient visibles, leur contenu doit \u00eatre complet, informatif et facile \u00e0 lire. Tout comme la pr\u00e9sente page, elles sont destin\u00e9es au <strong>trafic organique provenant des moteurs de recherche<\/strong>, gr\u00e2ce \u00e0 un contenu d&rsquo;actualit\u00e9 (evergreen) qui accumule de l&rsquo;autorit\u00e9 et des liens au fil des ann\u00e9es. Ils sont optimis\u00e9s pour des phrases cl\u00e9s important\u0435s et \u00e0 fort volume (short-tail).     <\/p>\n\n\n\n<p><strong>Pages de destination (landing)<\/strong> &#8211; elles sont con\u00e7ues pour la conversion. Leur objectif est d&rsquo;inciter l&rsquo;utilisateur \u00e0 effectuer une action sp\u00e9cifique ici et maintenant : acheter un produit, s&rsquo;inscrire \u00e0 une newsletter ou demander un devis. Elles sont g\u00e9n\u00e9ralement isol\u00e9es, les menus \u00e9tant souvent supprim\u00e9s afin de ne pas distraire l&rsquo;utilisateur. Il n&rsquo;y a qu&rsquo;un seul chemin : vers le bouton d&rsquo;action (CTA). Elles sont normalement destin\u00e9es au trafic provenant de la <a href=\"https:\/\/zen.studio\/fr\/campagnes-marketing-digitales\/\" data-type=\"page\" data-id=\"3442\"><strong>publicit\u00e9 payante (PPC)<\/strong>,<\/a> des campagnes par e-mail ou des r\u00e9seaux sociaux. Les pages landing sont optimis\u00e9es pour des mots-cl\u00e9s tr\u00e8s sp\u00e9cifiques et de niche (longue tra\u00eene).<\/p>\n\n\n\n<p><strong>Que sont les pages de support ?<\/strong> Il s&rsquo;agit de pages consacr\u00e9es \u00e0 des termes plus sp\u00e9cifiques li\u00e9s \u00e0 l&rsquo;activit\u00e9, mais qui ne sont pas visibles dans la navigation principale. Dans la structure du site, elles se trouvent \u00e0 un niveau inf\u00e9rieur \u00e0 celui des pages principales (cornerstone), leur objectif \u00e9tant d&rsquo;am\u00e9liorer le classement des page principales et de leur transf\u00e9rer de l&rsquo;autorit\u00e9 gr\u00e2ce \u00e0 des liens contextuels et des balises. Par exemple, si une page cornerstone est optimis\u00e9e pour \u00ab pneus de voiture \u00bb, les pages secondaires peuvent r\u00e9pondre \u00e0 des recherches telles que \u00ab pneus de voiture d&rsquo;hiver \u00bb, \u00ab pneus de voiture d&rsquo;\u00e9t\u00e9 \u00bb, \u00ab comment choisir ses pneus \u00bb, \u00ab magasin de pneus \u00e0 Sofia \u00bb, etc. en fonction de l&rsquo;\u00e9tude des mots-cl\u00e9s.  <\/p>\n\n\n\n<details class=\"wp-block-details is-layout-flow wp-block-details-is-layout-flow\"><summary>Autres applications de l&rsquo;\u00e9tude<\/summary>\n<p>Il faut noter que l&rsquo;optimisation SEO est un processus long. En fonction de la concurrence dans le secteur, atteindre les premi\u00e8res places peut prendre entre 4 mois et un an, et personne, pas m\u00eame un employ\u00e9 de Google, ne peut pr\u00e9dire quand et o\u00f9 le site appara\u00eetra dans les r\u00e9sultats. Chez Zen Studio, nous savons que l&rsquo;application des bonnes pratiques et techniques pour un r\u00e9f\u00e9rencement et une optimisation de qualit\u00e9 donne des r\u00e9sultats. Bien que chacun de nos clients veuille entendre \u00ab premi\u00e8re place \u00bb, \u00ab dans les trois premiers \u00bb ou \u00ab premi\u00e8re page \u00bb, il serait arrogant de notre part de nous engager sur une pr\u00e9vision pr\u00e9cise.   <\/p>\n\n\n\n<p>Cela ne signifie pas que votre activit\u00e9 doit s&rsquo;arr\u00eater pendant qu&rsquo;on attend les r\u00e9sultats de nos efforts. La <a href=\"https:\/\/zen.studio\/fr\/campagnes-marketing-digitales\/\" data-type=\"page\" data-id=\"3442\">publicit\u00e9 payante sur AdWords et d&rsquo;autres canaux digitaux<\/a> est un excellent moyen d&rsquo;\u00eatre visible imm\u00e9diatement avec les bons mots-cl\u00e9s. L&rsquo;\u00e9tude<strong>des mots-cl\u00e9s<\/strong> est importante pour la configuration de la publicit\u00e9. Cela permet d&rsquo;optimiser le co\u00fbt des campagnes en configurant des mots-cl\u00e9s plus sp\u00e9cifiques et donc moins chers.<\/p>\n<\/details>\n\n\n\n<div style=\"height:15px\" aria-hidden=\"true\" id=\"synthese-prouchvane-na-kluchovi-dumi\" class=\"wp-block-spacer\"><\/div>\n\n\n\n<h2 class=\"wp-block-heading\">Conclusion<\/h2>\n\n\n\n<p>L&rsquo;\u00e9tude des mots-cl\u00e9s est le point de d\u00e9part de toute strat\u00e9gie SEO \u00e0 long terme. Elle fournit une longue liste de mots-cl\u00e9s \u00e0 partir desquels nous d\u00e9finissons ensemble les priorit\u00e9s. Sur cette base, nous d\u00e9terminons la structure et les th\u00e8mes du site \u2013 page principales et pages secondaires. Mais le plus difficile reste \u00e0 faire : la cr\u00e9ation du contenu lui-m\u00eame.   <\/p>\n\n\n\n<p>Chez Zen Studio, nous proposons un service complet comprenant l&rsquo;\u00e9tude des mots-cl\u00e9s, la d\u00e9finition d&rsquo;une strat\u00e9gie et d&rsquo;une structure, la r\u00e9daction web SEO, la conception et la cr\u00e9ation de sites web en bulgare, fran\u00e7ais et anglais.<\/p>\n\n\n\n<div style=\"height:15px\" aria-hidden=\"true\" id=\"synthese-prouchvane-na-kluchovi-dumi\" class=\"wp-block-spacer\"><\/div>\n","protected":false},"excerpt":{"rendered":"<p>L&rsquo;analyse des mots cl\u00e9s est \u00e0 la base de la strat\u00e9gie SEO de toute communication web r\u00e9ussie. Les mots s\u00e9lectionn\u00e9s sont ensuite utilis\u00e9s dans le contenu afin que le site web commence \u00e0 \u00eatre index\u00e9 (et \u00ab class\u00e9 \u00bb) en fonction de ceux-ci. Qu&rsquo;est-ce que l&rsquo;\u00e9tude des mots-cl\u00e9s ? Le travail \u00e0 accomplir pour \u00e9laborer [&hellip;]<\/p>\n","protected":false},"author":1,"featured_media":0,"parent":0,"menu_order":0,"comment_status":"closed","ping_status":"closed","template":"","meta":{"_acf_changed":false,"footnotes":""},"class_list":["post-3370","page","type-page","status-publish","hentry"],"acf":[],"_links":{"self":[{"href":"https:\/\/zen.studio\/fr\/wp-json\/wp\/v2\/pages\/3370","targetHints":{"allow":["GET"]}}],"collection":[{"href":"https:\/\/zen.studio\/fr\/wp-json\/wp\/v2\/pages"}],"about":[{"href":"https:\/\/zen.studio\/fr\/wp-json\/wp\/v2\/types\/page"}],"author":[{"embeddable":true,"href":"https:\/\/zen.studio\/fr\/wp-json\/wp\/v2\/users\/1"}],"replies":[{"embeddable":true,"href":"https:\/\/zen.studio\/fr\/wp-json\/wp\/v2\/comments?post=3370"}],"version-history":[{"count":0,"href":"https:\/\/zen.studio\/fr\/wp-json\/wp\/v2\/pages\/3370\/revisions"}],"wp:attachment":[{"href":"https:\/\/zen.studio\/fr\/wp-json\/wp\/v2\/media?parent=3370"}],"curies":[{"name":"wp","href":"https:\/\/api.w.org\/{rel}","templated":true}]}}