{"id":3415,"date":"2024-06-24T03:08:17","date_gmt":"2024-06-24T03:08:17","guid":{"rendered":"https:\/\/zen.studio\/seo-copywriting\/"},"modified":"2026-01-19T14:45:16","modified_gmt":"2026-01-19T14:45:16","slug":"seo-copywriting","status":"publish","type":"page","link":"https:\/\/zen.studio\/fr\/seo-copywriting\/","title":{"rendered":"SEO copywriting"},"content":{"rendered":"\n<div class=\"wp-block-columns is-layout-flex wp-container-core-columns-is-layout-7fc3d43a wp-block-columns-is-layout-flex\">\n<div class=\"wp-block-column is-layout-flow wp-block-column-is-layout-flow\">\n<figure class=\"wp-block-image size-full is-style-default\"><img loading=\"lazy\" decoding=\"async\" width=\"980\" height=\"626\" src=\"https:\/\/zen.studio\/wp-content\/uploads\/2025\/11\/copywriter-zen-studio.jpg\" alt=\"r\u00e9dacteur SEO chez Zen Studio, Sofia\" class=\"wp-image-2143\" srcset=\"https:\/\/zen.studio\/wp-content\/uploads\/2025\/11\/copywriter-zen-studio.jpg 980w, https:\/\/zen.studio\/wp-content\/uploads\/2025\/11\/copywriter-zen-studio-300x192.jpg 300w, https:\/\/zen.studio\/wp-content\/uploads\/2025\/11\/copywriter-zen-studio-768x491.jpg 768w\" sizes=\"auto, (max-width: 980px) 100vw, 980px\" \/><\/figure>\n<\/div>\n<\/div>\n\n\n\n<div style=\"height:70px\" aria-hidden=\"true\" id=\"kakvo_e_seo_copywriting\" class=\"wp-block-spacer\"><\/div>\n\n\n\n<h2 class=\"wp-block-heading has-large-font-size\">Qu&rsquo;est-ce que le SEO copywriting ?<\/h2>\n\n\n\n<div style=\"height:20px\" aria-hidden=\"true\" id=\"vajno_seo_copywriting\" class=\"wp-block-spacer\"><\/div>\n\n\n\n<blockquote class=\"wp-block-quote is-style-default has-base-background-color has-text-color has-background has-link-color wp-elements-6544c415813cdbd5a6f50b0a6348cab0 is-layout-flow wp-block-quote-is-layout-flow\" style=\"color:#00cee5\" data-aos=\"fade\" data-aos-delay=\"300\" data-aos-duration=\"50\">\n<p style=\"margin-top:0;margin-right:0;margin-bottom:0;margin-left:0;font-size:clamp(1.092rem, 1.092rem + ((1vw - 0.2rem) * 0.76), 1.7rem);\"><strong>\u00c9dition de contenu web<\/strong> optimis\u00e9 en fonction des recherches r\u00e9elles de vos clients potentiels dans les moteurs de recherche.<\/p>\n<\/blockquote>\n\n\n\n<div style=\"height:20px\" aria-hidden=\"true\" id=\"vajno_seo_copywriting\" class=\"wp-block-spacer\"><\/div>\n\n\n\n<p>La r\u00e9daction SEO fait partie de l&rsquo;optimisation \u00ab on-page \u00bb et \u00ab on-site \u00bb. Elle consiste \u00e0 adapter les textes non seulement aux clients potentiels, mais aussi \u00e0 un lecteur invisible : les robots des moteurs de recherche. Le sp\u00e9cialiste qui s&rsquo;en charge est appel\u00e9 <strong>r\u00e9dacteur\/r\u00e9dactrice web<\/strong> ou concepteur-r\u00e9dacteur SEO.  <\/p>\n\n\n\n<div style=\"height:70px\" aria-hidden=\"true\" id=\"vajno_seo_copywriting\" class=\"wp-block-spacer\"><\/div>\n\n\n\n<h2 class=\"wp-block-heading has-large-font-size\">Pourquoi le SEO copywriting est important?<\/h2>\n\n\n\n<p>Parce que le contenu est important. La mission de Google est de donner des r\u00e9sultats pr\u00e9cis, pour les termes de recherche des utilisateurs. Les algorithmes de l\u2019intelligence artificielle \u00e9valuent de fa\u00e7on sophistiqu\u00e9 chaque site \u2013 la conception technique, le design et l\u2019UX, la s\u00e9curit\u00e9. La note principale n\u00e9anmoins est attribu\u00e9e au contenu. Celui-ci doit \u00eatre bien \u00e9crit et r\u00e9pondre aux attentes des visiteurs.    <\/p>\n\n\n\n<p>Chez Zen Studio, nous sommes impressionn\u00e9s par le nombre d\u2019entreprises en France, proposant des services d\u2019optimisation SEO qui ne couvrent pas la cr\u00e9ation de contenu. Est-ce parce que le copywriting SEO demande l\u2019effort de se familiariser avec les produits et les services du client? Ou est-ce parce qu\u2019il est difficile d\u2019obtenir de bonnes informations initiales de la part des clients?  <\/p>\n\n\n\n<p>Quelle que soit la cause, votre objectif est d\u2019avoir le meilleur site pour votre activit\u00e9. Un travail chaotique n\u2019y contribue gu\u00e8re. Seule une approche holistique, structur\u00e9e, strat\u00e9gique et centr\u00e9e sur le SEO copywriting peut aider. Vous avez donc besoin d\u2019un concepteur-r\u00e9dacteur SEO.  <\/p>\n\n\n\n<div style=\"height:60px\" aria-hidden=\"true\" id=\"analiz_kluchovi_dumi\" class=\"wp-block-spacer\"><\/div>\n\n\n\n<blockquote class=\"wp-block-quote has-contrast-color has-text-color has-background has-link-color wp-elements-4897e07db5dbb7d9689a69c440f9809c is-layout-flow wp-block-quote-is-layout-flow\" style=\"background-color:#f1f55f;font-size:clamp(1.146rem, 1.146rem + ((1vw - 0.2rem) * 0.818), 1.8rem);\" data-aos=\"fade\">\n<p>Pour que votre site soit parmi les meilleurs de son secteur, les textes doivent \u00eatre bien structur\u00e9s, ancr\u00e9s dans le sujet, apportants de vraies r\u00e9ponses aux clients potentiels, faciles \u00e0 lire et <strong>compr\u00e9hensibles pour les moteurs de recherche<\/strong>.<\/p>\n<\/blockquote>\n\n\n\n<div style=\"height:60px\" aria-hidden=\"true\" id=\"analiz_kluchovi_dumi\" class=\"wp-block-spacer\"><\/div>\n\n\n\n<h2 class=\"wp-block-heading has-large-font-size\">Analyse pr\u00e9liminaire des mots cl\u00e9s<\/h2>\n\n\n\n<p>Avant d\u2019\u00e9crire, c\u2019est toujours bien de savoir quoi. Quels sont les sujets pour lesquels votre page doit \u00eatre en t\u00eate de liste? Naturellement ceux qui r\u00e9pondent aux termes de recherche de vos prospects. Est-ce que vous les connaissez?   <\/p>\n\n\n\n<p>Le premier pas vers une conception-r\u00e9daction SEO de qualit\u00e9 c\u2019est l\u2019\u00e9tude des mots cl\u00e9s. Ensuite un choix des priorit\u00e9s de d\u00e9veloppement de contenu est privil\u00e9gi\u00e9. Les priorit\u00e9s ne correspondent pas forcement aux phrases les plus \u00e9videntes et recherch\u00e9es. Selon le cas, une bonne strat\u00e9gie de d\u00e9part pourrait \u00eatre le choix d\u2019expressions secondaires et plus descriptives (long-tail).  <\/p>\n\n\n\n<p>Si vous avez travaill\u00e9 avec Zen Studio, vous savez que c\u2019est ainsi qu\u2019on \u00e9tablie la structure SEO du site: des pages de destination qui correspondent \u00e0 des mots-cl\u00e9s prioritaires.<\/p>\n\n\n\n<div style=\"height:60px\" aria-hidden=\"true\" id=\"process_seo_copywriting_4_etapa\" class=\"wp-block-spacer\"><\/div>\n\n\n\n<figure class=\"wp-block-image size-full is-style-default\"><img loading=\"lazy\" decoding=\"async\" width=\"980\" height=\"626\" src=\"https:\/\/zen.studio\/wp-content\/uploads\/2025\/11\/copywriter-space-zen-studio.jpg\" alt=\"Processus de r\u00e9daction SEO pour la cr\u00e9ation de contenu web en 4 \u00e9tapes\" class=\"wp-image-2148\" srcset=\"https:\/\/zen.studio\/wp-content\/uploads\/2025\/11\/copywriter-space-zen-studio.jpg 980w, https:\/\/zen.studio\/wp-content\/uploads\/2025\/11\/copywriter-space-zen-studio-300x192.jpg 300w, https:\/\/zen.studio\/wp-content\/uploads\/2025\/11\/copywriter-space-zen-studio-768x491.jpg 768w\" sizes=\"auto, (max-width: 980px) 100vw, 980px\" \/><figcaption class=\"wp-element-caption\">Chez Zen Studio, nous structurons le travail en 4 \u00e9tapes: pr\u00e9parer, \u00e9crire, \u00e9diter et ajouter des m\u00e9dias.<\/figcaption><\/figure>\n\n\n\n<div style=\"height:30px\" aria-hidden=\"true\" class=\"wp-block-spacer\"><\/div>\n\n\n\n<h2 class=\"wp-block-heading has-large-font-size\">SEO copywriting en quatre \u00e9tapes<\/h2>\n\n\n\n<p>Le processus de SEO copywriting n\u2019est pas tr\u00e8s diff\u00e9rent de la conception-r\u00e9daction d\u2019un article original. Une fois que nous avons une id\u00e9e claire du sujet de l&rsquo;article, nous pouvons commencer \u00e0 r\u00e9diger le contenu SEO. <\/p>\n\n\n\n<div style=\"height:25px\" aria-hidden=\"true\" class=\"wp-block-spacer\"><\/div>\n\n\n\n<div class=\"wp-block-group oble has-global-padding is-layout-constrained wp-container-core-group-is-layout-594587f7 wp-block-group-is-layout-constrained\" style=\"border-width:1px;padding-top:var(--wp--preset--spacing--20);padding-right:var(--wp--preset--spacing--30);padding-bottom:var(--wp--preset--spacing--20);padding-left:var(--wp--preset--spacing--30)\">\n<h3 class=\"wp-block-heading has-medium-font-size\">Pr\u00e9paration<\/h3>\n\n\n\n<p>Dans la phase de pr\u00e9paration, nous structurons le contenu, afin de r\u00e9pondre aux questions principales : Quel est le but de l\u2019article? Quel est le message principal? Qui est le public et quelles informations nous allons lui donner? Quelle est la s\u00e9quence logique et l\u2019argumentation?    <\/p>\n<\/div>\n\n\n\n<figure class=\"wp-block-image aligncenter size-full is-resized\" data-aos=\"fade-down\"><img loading=\"lazy\" decoding=\"async\" width=\"180\" height=\"263\" src=\"https:\/\/zen.studio\/wp-content\/uploads\/2024\/10\/next-project-stage.png\" alt=\"\u00c9tape suivante\" class=\"wp-image-1519\" style=\"width:auto;height:60px\"\/><\/figure>\n\n\n\n<div class=\"wp-block-group oble has-global-padding is-layout-constrained wp-container-core-group-is-layout-80fb368b wp-block-group-is-layout-constrained\" style=\"border-width:1px;padding-top:var(--wp--preset--spacing--30);padding-right:var(--wp--preset--spacing--30);padding-bottom:var(--wp--preset--spacing--30);padding-left:var(--wp--preset--spacing--30)\">\n<h3 class=\"wp-block-heading has-medium-font-size\">\u00c9criture<\/h3>\n\n\n\n<p>La r\u00e9daction de l\u2019article lui-m\u00eame n\u00e9cessite du temps et au moins 7 tasses de caf\u00e9. Le but est d\u2019\u00e9crire un texte aussi exhaustif que possible sur le sujet. Quel est le volume optimal? Google consid\u00e8re qu\u2019une page est \u00ab informative \u00bb si le texte n\u2019est pas inf\u00e9rieur \u00e0 350 mots. Chez Zen Studio, nous sommes arriv\u00e9s \u00e0 la conclusion que la taille optimale pour un bon ranking du contenu est entre 800 et 2000 mots.    <\/p>\n\n\n\n<p>Que faire s\u2019il n\u2019est pas possible ou souhaitable d\u2019\u00e9crire de gros articles? Dans de nombreux cas, le sujet de la publication ou le design de la page ne permettent pas la cr\u00e9ation d\u2019un texte aux normes SEO. Un exemple \u2013 le <a href=\"https:\/\/zen.studio\/fr\/\">portfolio de Zen Studio<\/a>. Si nous pr\u00e9sentions un projet de cr\u00e9ation de logo, site web, emballage ou brochure avec un \u00e9norme texte \u00e0 cot\u00e9, nous perdrions le focus qui devrait \u00eatre sur les photos des r\u00e9alisations accompagn\u00e9es d\u2019une courte pr\u00e9sentation bien claire. D\u2019ailleurs, ce type de pages ne pourra jamais arriver en t\u00eate du classement pour les termes de recherche les plus courants, car l\u2019information n\u2019explore pas en profondeur un concept g\u00e9n\u00e9ralis\u00e9 (par exemple \u00ab cr\u00e9ation de site web \u00bb), mais pr\u00e9sente un cas particulier. La solution logique est d\u2019optimiser ce type de pages pour des expressions plus sp\u00e9cifiques (par exemple, \u00ab cr\u00e9ation de site web BTP \u00bb).      <\/p>\n<\/div>\n\n\n\n<figure class=\"wp-block-image aligncenter size-full is-resized\" data-aos=\"fade-down\"><img loading=\"lazy\" decoding=\"async\" width=\"180\" height=\"263\" src=\"https:\/\/zen.studio\/wp-content\/uploads\/2024\/10\/next-webdesign-stage.png\" alt=\"\u00c9tape suivante\" class=\"wp-image-1522\" style=\"width:auto;height:60px\"\/><\/figure>\n\n\n\n<div class=\"wp-block-group oble has-global-padding is-layout-constrained wp-container-core-group-is-layout-80fb368b wp-block-group-is-layout-constrained\" style=\"border-width:1px;padding-top:var(--wp--preset--spacing--30);padding-right:var(--wp--preset--spacing--30);padding-bottom:var(--wp--preset--spacing--30);padding-left:var(--wp--preset--spacing--30)\">\n<h3 class=\"wp-block-heading has-medium-font-size\">Relecture et \u00e9dition<\/h3>\n\n\n\n<p>L\u2019\u00e9dition est la v\u00e9ritable \u00e9tape de la r\u00e9daction SEO. Nous travaillons sur la hi\u00e9rarchie du texte (titres, sous-titres, paragraphes) afin que l\u2019information soie fournie de mani\u00e8re logique. Le texte est adapt\u00e9 aux mots-cl\u00e9s et aux phrases de recherche analys\u00e9s au pr\u00e9alable.  <\/p>\n\n\n\n<p>L\u2019int\u00e9gration m\u00e9canique de mots-cl\u00e9s peut briser la lisibilit\u00e9, conduire \u00e0 des expressions grammaticalement incorrectes ou \u00e0 des phrases qui semblent confuses. Les mots cl\u00e9s ne doivent pas devenir des parasites, utilis\u00e9s \u00e0 des seules fins d\u2019optimisation pour les moteurs de recherche. Ils doivent \u00eatre int\u00e9gr\u00e9s sans nuire \u00e0 la qualit\u00e9 du contenu.  <\/p>\n\n\n\n<p>Dans un SEO copywriting de qualit\u00e9, les mots cl\u00e9s sont pr\u00e9sent\u00e9s en contexte, de pr\u00e9f\u00e9rence avec des explications sous plusieurs angles. Souvent plus de trois relectures sont n\u00e9cessaires pour arriver \u00e0 une version aboutie de l\u2019article. <\/p>\n<\/div>\n\n\n\n<figure class=\"wp-block-image aligncenter size-full is-resized\" data-aos=\"fade-down\"><img loading=\"lazy\" decoding=\"async\" width=\"180\" height=\"263\" src=\"https:\/\/zen.studio\/wp-content\/uploads\/2024\/10\/next-project-stage.png\" alt=\"\u00c9tape suivante\" class=\"wp-image-1519\" style=\"width:auto;height:60px\"\/><\/figure>\n\n\n\n<div class=\"wp-block-group oble has-global-padding is-layout-constrained wp-container-core-group-is-layout-80fb368b wp-block-group-is-layout-constrained\" style=\"border-width:1px;padding-top:var(--wp--preset--spacing--30);padding-right:var(--wp--preset--spacing--30);padding-bottom:var(--wp--preset--spacing--30);padding-left:var(--wp--preset--spacing--30)\">\n<h3 class=\"wp-block-heading has-medium-font-size\">M\u00e9dias \u2013 imagerie<\/h3>\n\n\n\n<p>Dans notre article, nous allons \u00e9voquer la pr\u00e9paration des m\u00e9dias car celles-ci font partie du contenu et donc de la r\u00e9daction SEO.<\/p>\n\n\n\n<p>Un <strong>contenu web de qualit\u00e9<\/strong> est visuel (Google). Pour r\u00e9pondre \u00e0 ce crit\u00e8re et rendre la page plus attrayante, illustrons le nouveau texte SEO avec des photos ou des vid\u00e9os. <\/p>\n\n\n\n<p>Quelle est la photo id\u00e9ale pour le r\u00e9f\u00e9rencement? En plus de ses qualit\u00e9s artistiques, elle est optimis\u00e9e pour les formats du site \u2013 versions mobile et bureau. Elle a une description alternative dans le code html de la page (alt), qui explique aux moteurs de recherche ainsi qu\u2019aux personnes malvoyantes ce que l\u2019image repr\u00e9sente. Google attache une grande importance \u00e0 la description alt, mais relie \u00e9galement la photo au contexte du texte environnant. Cela ne signifie pas de \u00ab spamer \u00bb chaque description alt de mots-cl\u00e9s, mais il est souhaitable que l\u2019image \u00e0 la une de l\u2019article contienne le mot-cl\u00e9 principal. Voir aussi <a href=\"https:\/\/developers.google.com\/search\/docs\/appearance\/google-images?hl=en\" target=\"_blank\" rel=\"noreferrer noopener\">les recommandations de Google<\/a>.     <\/p>\n\n\n\n<p>Bien s\u00fbr, il nous reste encore des t\u00e2ches \u00e0 accomplir avant de publier notre page optimis\u00e9e pour le r\u00e9f\u00e9rencement. Elles sont plut\u00f4t techniques et n&rsquo;ont pas de rapport direct avec la cr\u00e9ation de contenu : <\/p>\n\n\n\n<ul class=\"wp-block-list\">\n<li>Pr\u00e9paration des m\u00e9tadonn\u00e9es et JSON-LD (GEO) ;<\/li>\n\n\n\n<li>Cr\u00e9ation de liens contextuels ;<\/li>\n\n\n\n<li>Autres r\u00e9glages avanc\u00e9s, en fonction de la plateforme CMS utilis\u00e9e.<\/li>\n<\/ul>\n<\/div>\n\n\n\n<div style=\"height:60px\" aria-hidden=\"true\" class=\"wp-block-spacer\"><\/div>\n\n\n\n<h3 class=\"wp-block-heading has-text-align-center\">Exemples de projets<\/h3>\n\n\n\n<div style=\"height:20px\" aria-hidden=\"true\" class=\"wp-block-spacer\"><\/div>\n\n\n\n<div class=\"wp-block-columns is-layout-flex wp-container-core-columns-is-layout-7fc3d43a wp-block-columns-is-layout-flex\">\n<div class=\"wp-block-column is-layout-flow wp-block-column-is-layout-flow\">\n<figure class=\"wp-block-image aligncenter size-full\"><a href=\"https:\/\/zen.studio\/scada-seo\/\"><img loading=\"lazy\" decoding=\"async\" width=\"680\" height=\"592\" src=\"https:\/\/zen.studio\/wp-content\/uploads\/2024\/06\/seo-1st-result.png\" alt=\"\" class=\"wp-image-807\" srcset=\"https:\/\/zen.studio\/wp-content\/uploads\/2024\/06\/seo-1st-result.png 680w, https:\/\/zen.studio\/wp-content\/uploads\/2024\/06\/seo-1st-result-300x261.png 300w\" sizes=\"auto, (max-width: 680px) 100vw, 680px\" \/><\/a><figcaption class=\"wp-element-caption\">Dans le cadre du projet \u00ab scada.bg \u00bb, la r\u00e9daction SEO et l&rsquo;optimisation onsite ont permis au site d&rsquo;appara\u00eetre en premi\u00e8re page pour de nombreuses recherches contextuelles li\u00e9es aux syst\u00e8mes SCADA.<\/figcaption><\/figure>\n<\/div>\n\n\n\n<div class=\"wp-block-column is-layout-flow wp-block-column-is-layout-flow\">\n<figure class=\"wp-block-image aligncenter size-full\"><a href=\"https:\/\/zen.studio\/izrabotka-website-avtomatizacia\/\"><img loading=\"lazy\" decoding=\"async\" width=\"680\" height=\"610\" src=\"https:\/\/zen.studio\/wp-content\/uploads\/2024\/06\/newsystem-seowebdesign.png\" alt=\"\" class=\"wp-image-802\" srcset=\"https:\/\/zen.studio\/wp-content\/uploads\/2024\/06\/newsystem-seowebdesign.png 680w, https:\/\/zen.studio\/wp-content\/uploads\/2024\/06\/newsystem-seowebdesign-300x269.png 300w\" sizes=\"auto, (max-width: 680px) 100vw, 680px\" \/><\/a><figcaption class=\"wp-element-caption\">Gr\u00e2ce \u00e0 l&rsquo;optimisation on-site et \u00e0 des contenus web adapt\u00e9s, nous avons r\u00e9ussi \u00e0 positionner le site en t\u00eate des r\u00e9sultats de recherche pour ses activit\u00e9s principales : automatisation des b\u00e2timents, syst\u00e8mes BMS, gestion des b\u00e2timents, etc. <\/figcaption><\/figure>\n<\/div>\n<\/div>\n\n\n\n<div style=\"height:70px\" aria-hidden=\"true\" id=\"faq_seo_copiwriting\" class=\"wp-block-spacer\"><\/div>\n\n\n\n<div class=\"wp-block-cover\" style=\"padding-top:var(--wp--preset--spacing--30);padding-right:var(--wp--preset--spacing--40);padding-bottom:var(--wp--preset--spacing--30);padding-left:var(--wp--preset--spacing--40)\"><span aria-hidden=\"true\" class=\"wp-block-cover__background has-contrast-background-color has-background-dim-100 has-background-dim\"><\/span><div class=\"wp-block-cover__inner-container has-global-padding is-layout-constrained wp-container-core-cover-is-layout-3f8c44ea wp-block-cover-is-layout-constrained\">\n<h3 class=\"wp-block-heading alignwide is-style-with-arrow has-base-2-color has-text-color has-link-color has-x-large-font-size wp-elements-29bb95afb85699ae6d8303dd74c02b6d\" style=\"text-transform:uppercase\"><a href=\"https:\/\/zen.studio\/fr\/design-web\/\">Web design &amp; SEO<\/a><\/h3>\n\n\n\n<div style=\"height:30px\" aria-hidden=\"true\" class=\"wp-block-spacer\"><\/div>\n\n\n\n<p class=\"has-text-align-left\" style=\"font-size:clamp(0.984rem, 0.984rem + ((1vw - 0.2rem) * 0.645), 1.5rem);\" data-aos=\"fade-down\" data-aos-delay=\"100\">Notre \u00e9quipe combine des solutions innovantes et un design web esth\u00e9tique pour cr\u00e9er des sites uniques et fonctionnels qui r\u00e9pondent aux besoins sp\u00e9cifiques de votre entreprise. En mettant l&rsquo;accent sur l&rsquo;exp\u00e9rience utilisateur (UX), la s\u00e9curit\u00e9 et la visibilit\u00e9 (SEO), nous concevons des sites qui sont attrayants et qui permettent d&rsquo;atteindre les clients potentiels. <\/p>\n<\/div><\/div>\n\n\n\n<div style=\"height:70px\" aria-hidden=\"true\" id=\"faq_seo_copiwriting\" class=\"wp-block-spacer\"><\/div>\n\n\n\n<h2 class=\"wp-block-heading has-large-font-size\">La FAQ<\/h2>\n\n\n\n<p>Q. Quel est le profil professionnel du concepteur-r\u00e9dacteur SEO ?<br>R. Une id\u00e9e fausse \u2013 le r\u00e9dacteur SEO doit \u00eatre un philologue ou au moins un journaliste. La culture linguistique est certes importante, mais les comp\u00e9tences en marketing le sont davantage. Le bon concepteur-r\u00e9dacteur comprend les d\u00e9fis commerciaux de son commanditaire. Il\/elle est capable de les synth\u00e9tiser et de les trier par importance. <strong>Le r\u00e9dacteur SEO est avant tout un marketeur et psychologue<\/strong>. Il\/elle doit \u00e9crire un article argument\u00e9 et convaincant qui r\u00e9pond aux questions des clients potentiels. La seule diff\u00e9rence est que lorsque les questions sont pos\u00e9es sur un moteur de recherche, le r\u00e9dacteur <a href=\"https:\/\/zen.studio\/fr\/on-site-seo-geo\/\">SEO<\/a> optimise l\u2019article par rapport aux requ\u00eates de recherche.     <\/p>\n\n\n\n<p>Q. Est-ce qu\u2019un r\u00e9dacteur peut \u00e9crire pour tous les sujets ?<br>R. Si la collaboration avec son client est bonne, un r\u00e9dacteur SEO peut cr\u00e9er du contenu pour la plupart des sujets \u00ab non-sp\u00e9cialis\u00e9s \u00bb (ex. les produits de grande consommation). Plus le sujet est sp\u00e9cifique, plus le r\u00e9dacteur est sp\u00e9cialis\u00e9. Chez Zen Studio, par exemple, nous avons un \u00e9diteur technique et nous \u00e9crivons des articles pour des produits et des solutions sp\u00e9cifiques dans l\u2019industrie, l\u2019\u00e9nergie, l\u2019automatisation, l\u2019informatique, le b\u00e2timent, etc. En m\u00eame temps nous aurons du mal \u00e0 travailler pour un laboratoire pharmaceutique, parce que nous n\u2019avons pas les connaissances marketing pour ce secteur.   <\/p>\n\n\n\n<p>Q. Quand faire appel \u00e0 un r\u00e9dacteur professionnel ?<br>R. Lorsque vous avez une id\u00e9e claire de votre positionnement marketing. Si vous n\u2019avez pas de ciblage marketing, ne connaissez pas les avantages de vos produits et services, les canaux de vente et la valeur ajout\u00e9e de votre offre, le r\u00e9dacteur est susceptible de cr\u00e9er un contenu banalis\u00e9 et vos prospects ne ressentiront que du d\u00e9j\u00e0 vu.<\/p>\n\n\n\n<p>Q. Seule la r\u00e9daction SEO est-elle suffisante pour le r\u00e9f\u00e9rencement de mon site web?<br>R. Cela d\u00e9pend de la concurrence dans votre secteur. Si c\u2019est un site de niche, dans de nombreux cas, un contenu bien r\u00e9dig\u00e9 et une <a href=\"https:\/\/zen.studio\/fr\/analyse-mots-cles\/\">analyse professionnelle des mots cl\u00e9s<\/a> seront suffisants pour le r\u00e9f\u00e9rencement. Pour les activit\u00e9s satur\u00e9es, il faudra d\u00e9ployer plusieurs techniques, y compris une optimisation hors site.   <\/p>\n\n\n\n<p>Q. Peut-on utiliser l&rsquo;IA comme ChatGPT pour g\u00e9n\u00e9rer du contenu SEO ?<br>R. Non, du moins pour l&rsquo;instant. Les textes g\u00e9n\u00e9r\u00e9s avec ChatGPT jusqu&rsquo;\u00e0 la version 4.0 (actuelle, au moment de la publication de cet article) ne doivent pas \u00eatre utilis\u00e9s directement sans r\u00e9vision suppl\u00e9mentaire et intervention d&rsquo;un r\u00e9dacteur SEO. Ils peuvent toutefois servir de base \u00e0 l&rsquo;\u00e9laboration de contenu SEO, car ils pr\u00e9sentent les concepts sous plusieurs angles.   <\/p>\n\n\n\n<p>Q. Pouvez-vous optimiser le contenu en langue \u00e9trang\u00e8re ?<br>R. Si vous avez un site multilingue, le processus est le m\u00eame. La cr\u00e9ation d&rsquo;articles et de pages en langue \u00e9trang\u00e8re est un d\u00e9fi de taille. Il faut un niveau de connaissance tr\u00e8s \u00e9lev\u00e9 de la langue pour analyser correctement les phrases cl\u00e9s de recherche et r\u00e9diger un texte percutant pour un public \u00e9tranger. Les diff\u00e9rences culturelles doivent \u00e9galement \u00eatre prises en compte. Souvent, le plus simple est de traduire un article bulgare dans une langue \u00e9trang\u00e8re. Dans ce cas, cependant, il est difficile d&rsquo;appliquer une \u00e9tude des mots-cl\u00e9s. Chez Zen Studio, nous pr\u00e9f\u00e9rons r\u00e9\u00e9crire l&rsquo;article en suivant le processus en 4 \u00e9tapes d\u00e9crit ci-dessus. Pour l&rsquo;instant, nous proposons des services de r\u00e9daction SEO en fran\u00e7ais et en anglais.<\/p>\n\n\n\n<p>Q. Quel est le tarif pour le r\u00e9f\u00e9rencement SEO ?<br>R. Vous trouverez toutes sortes d&rsquo;offres sur Internet. Les tarifs des freelances commencent \u00e0 partir de 1 lev pour 100 mots. Chez Zen Studio, nous vous donnerons une estimation en fonction du projet sp\u00e9cifique. Un article web bien optimis\u00e9 de 1 500 \u00e0 2 000 mots prend au moins deux jours, avec le briefing, la recherche de mots-cl\u00e9s et les brouillons. En ce qui concerne les descriptions de produits, la productivit\u00e9 moyenne est d&rsquo;environ 10 fiches produit par jour et par r\u00e9dacteur. Pour un projet de page de destinationl compl\u00e8te, le temps consacr\u00e9 \u00e0 la conception web est \u00e9galement important.      <\/p>\n\n\n\n<div style=\"height:40px\" aria-hidden=\"true\" class=\"wp-block-spacer\"><\/div>\n\n\n\n<h2 class=\"wp-block-heading has-large-font-size\" id=\"zakluchenie_seo_copywriting\">Conclusion<\/h2>\n\n\n\n<p>La r\u00e9daction SEO (SEO copywriting) est un service de cr\u00e9ation de contenu web optimis\u00e9, visible par rapport \u00e0 des crit\u00e8res de recherche pr\u00e9d\u00e9finis. Les textes sont exhaustifs, lisibles et \u00e9crits pour les humains (clients potentiels). Les phrases cl\u00e9s sont int\u00e9gr\u00e9es de mani\u00e8re contextuelle et explicative, sans perturber la d\u00e9roulement logique de la pr\u00e9sentation. Des questions ? Des commentaires ? Contactez Zen Studio pour plus d\u2019informations.    <\/p>\n","protected":false},"excerpt":{"rendered":"<p>Qu&rsquo;est-ce que le SEO copywriting ? \u00c9dition de contenu web optimis\u00e9 en fonction des recherches r\u00e9elles de vos clients potentiels dans les moteurs de recherche. La r\u00e9daction SEO fait partie de l&rsquo;optimisation \u00ab on-page \u00bb et \u00ab on-site \u00bb. Elle consiste \u00e0 adapter les textes non seulement aux clients potentiels, mais aussi \u00e0 un lecteur [&hellip;]<\/p>\n","protected":false},"author":1,"featured_media":0,"parent":0,"menu_order":0,"comment_status":"closed","ping_status":"closed","template":"","meta":{"_acf_changed":false,"footnotes":""},"class_list":["post-3415","page","type-page","status-publish","hentry"],"acf":[],"_links":{"self":[{"href":"https:\/\/zen.studio\/fr\/wp-json\/wp\/v2\/pages\/3415","targetHints":{"allow":["GET"]}}],"collection":[{"href":"https:\/\/zen.studio\/fr\/wp-json\/wp\/v2\/pages"}],"about":[{"href":"https:\/\/zen.studio\/fr\/wp-json\/wp\/v2\/types\/page"}],"author":[{"embeddable":true,"href":"https:\/\/zen.studio\/fr\/wp-json\/wp\/v2\/users\/1"}],"replies":[{"embeddable":true,"href":"https:\/\/zen.studio\/fr\/wp-json\/wp\/v2\/comments?post=3415"}],"version-history":[{"count":0,"href":"https:\/\/zen.studio\/fr\/wp-json\/wp\/v2\/pages\/3415\/revisions"}],"wp:attachment":[{"href":"https:\/\/zen.studio\/fr\/wp-json\/wp\/v2\/media?parent=3415"}],"curies":[{"name":"wp","href":"https:\/\/api.w.org\/{rel}","templated":true}]}}