{"id":3442,"date":"2024-11-07T07:14:13","date_gmt":"2024-11-07T07:14:13","guid":{"rendered":"https:\/\/zen.studio\/gestion-des-campagnes-marketing-digitales\/"},"modified":"2026-01-20T07:48:00","modified_gmt":"2026-01-20T07:48:00","slug":"campagnes-marketing-digitales","status":"publish","type":"page","link":"https:\/\/zen.studio\/fr\/campagnes-marketing-digitales\/","title":{"rendered":"Gestion des campagnes marketing digitales"},"content":{"rendered":"\n<div class=\"wp-block-cover is-light\" style=\"padding-top:var(--wp--preset--spacing--50);padding-right:var(--wp--preset--spacing--50);padding-bottom:var(--wp--preset--spacing--50);padding-left:var(--wp--preset--spacing--50)\"><span aria-hidden=\"true\" class=\"wp-block-cover__background has-accent-1-background-color has-background-dim-100 has-background-dim\"><\/span><div class=\"wp-block-cover__inner-container has-global-padding is-layout-constrained wp-container-core-cover-is-layout-46fafb13 wp-block-cover-is-layout-constrained\">\n<h2 class=\"wp-block-heading has-text-align-left\">Une approche exclusive <span class=\"teaser\">Seulement pour nos projets web.<\/span><\/h2>\n\n\n\n<p class=\"has-large-font-size\">Zen Studio se d\u00e9marque par un principe fondamental. <strong>Nous proposons des services de marketing digital uniquement aux clients qui nous confient la cr\u00e9ation et la maintenance de leurs sites web.<\/strong><\/p>\n\n\n\n<figure class=\"wp-block-image size-large\"><img decoding=\"async\" src=\"https:\/\/zen.studio\/wp-content\/uploads\/2025\/12\/digital-advertising-campaigns.png\" alt=\"Campagnes publicitaires digitales\"\/><\/figure>\n<\/div><\/div>\n\n\n\n<div style=\"height:40px\" aria-hidden=\"true\" class=\"wp-block-spacer\"><\/div>\n\n\n\n<h2 class=\"wp-block-heading\">Ce n&rsquo;est pas une restriction, mais une garantie de qualit\u00e9.<\/h2>\n\n\n\n<p>La publicit\u00e9 digitale ne fonctionne pas dans le vide. M\u00eame la meilleure campagne Google Ads \u00e9chouera si elle renvoie vers un site web lent, mal structur\u00e9 ou confus. La publicit\u00e9 ne repr\u00e9sente que la moiti\u00e9 de l&rsquo;\u00e9quation. L&rsquo;autre moiti\u00e9 consiste \u00e0 \u00ab accueillir \u00bb l&rsquo;utilisateur.   <\/p>\n\n\n\n<p>En tant que d\u00e9veloppeurs de votre site web, nous connaissons son code, sa structure et son contenu dans les moindres d\u00e9tails. Cela nous permet de : <\/p>\n\n\n\n<ul class=\"wp-block-list\">\n<li>Cr\u00e9er une symbiose parfaite entre le message publicitaire et la page de destination (la landing page).<\/li>\n\n\n\n<li>Configurer avec pr\u00e9cision les codes de suivi (Pixel, Tag Manager, Analytics) sans obstacles techniques.<\/li>\n\n\n\n<li>Optimiser la vitesse de chargement pour les appareils mobiles, ce qui est essentiel pour le co\u00fbt par clic.<\/li>\n\n\n\n<li>R\u00e9agir rapidement si une modification du site est n\u00e9cessaire pour les besoins de la campagne.<\/li>\n<\/ul>\n\n\n\n<p>Cette approche holistique \u00e9limine le conflit entre \u00ab agence de marketing \u00bb et \u00ab maintenance de site web \u00bb. Avec Zen Studio, les deux ne font qu&rsquo;un. <\/p>\n\n\n\n<div style=\"height:50px\" aria-hidden=\"true\" class=\"wp-block-spacer\"><\/div>\n\n\n\n<blockquote class=\"wp-block-quote is-style-default is-layout-flow wp-block-quote-is-layout-flow\" style=\"border-top-left-radius:20px;border-top-right-radius:20px;border-bottom-left-radius:20px;border-bottom-right-radius:20px;border-right-width:5px;border-left-width:5px;margin-right:0;margin-left:0\">\n<p class=\"has-text-align-left\" style=\"font-size:clamp(0.875rem, 0.875rem + ((1vw - 0.2rem) * 0.531), 1.3rem);\">Zen Studio d\u00e9veloppe des solutions personnalis\u00e9es pour ses clients, bas\u00e9es sur une approche globale du d\u00e9veloppement de la pr\u00e9sence en ligne.<\/p>\n\n\n\n<p>C&rsquo;est pourquoi nos services de gestion de campagnes digitales ne sont pas une fin en soi. Nous les proposons uniquement aux clients qui nous ont confi\u00e9 la <a href=\"https:\/\/zen.studio\/fr\/design-web\/\">cr\u00e9ation et le d\u00e9veloppement de leur site web d&rsquo;entreprise<\/a>.<\/p>\n\n\n\n<div class=\"wp-block-columns is-not-stacked-on-mobile is-layout-flex wp-container-core-columns-is-layout-28f84493 wp-block-columns-is-layout-flex\">\n<div class=\"wp-block-column is-vertically-aligned-center is-layout-flow wp-block-column-is-layout-flow\" style=\"flex-basis:66.66%\">\n<p class=\"has-text-align-right\">Ivan DIMITROV<br>Chef de projets web<\/p>\n<\/div>\n\n\n\n<div class=\"wp-block-column is-layout-flow wp-block-column-is-layout-flow\" style=\"flex-basis:33.33%\">\n<figure class=\"wp-block-image aligncenter size-thumbnail is-resized has-custom-border is-style-rounded\"><img loading=\"lazy\" decoding=\"async\" width=\"150\" height=\"150\" src=\"https:\/\/zen.studio\/wp-content\/uploads\/2024\/10\/ivan-150x150.png\" alt=\"Ivan est concepteur web et SEO chez Zen Studio.\" class=\"wp-image-1463\" style=\"border-radius:50%;width:130px;height:auto\" srcset=\"https:\/\/zen.studio\/wp-content\/uploads\/2024\/10\/ivan-150x150.png 150w, https:\/\/zen.studio\/wp-content\/uploads\/2024\/10\/ivan-300x300.png 300w, https:\/\/zen.studio\/wp-content\/uploads\/2024\/10\/ivan.png 504w\" sizes=\"auto, (max-width: 150px) 100vw, 150px\" \/><\/figure>\n<\/div>\n<\/div>\n<\/blockquote>\n\n\n\n<div style=\"height:50px\" aria-hidden=\"true\" class=\"wp-block-spacer\"><\/div>\n\n\n\n<h3 class=\"wp-block-heading\">Objectif du service<\/h3>\n\n\n\n<p>L&rsquo;objectif principal de nos campagnes est de renforcer la visibilit\u00e9 de votre entreprise en touchant le public le plus susceptible d&rsquo;\u00eatre int\u00e9ress\u00e9 par vos services ou vos produits. <\/p>\n\n\n\n<p>Nous d\u00e9veloppons des strat\u00e9gies pour atteindre vos groupes cibles et optimiser les conversions.<\/p>\n\n\n\n<div style=\"height:50px\" aria-hidden=\"true\" class=\"wp-block-spacer\"><\/div>\n\n\n\n<h3 class=\"wp-block-heading\">Notre offre<\/h3>\n\n\n\n<details class=\"wp-block-details is-layout-flow wp-block-details-is-layout-flow\"><summary>Campagnes marketing sur Google Ads<\/summary>\n<p>Notre \u00e9quipe met en place des campagnes PPC (paiement par clic) cibl\u00e9es qui dirigeront les utilisateurs vers votre site web lorsqu&rsquo;ils recherchent des produits et services connexes. Gr\u00e2ce \u00e0 une recherche professionnelle de mots-cl\u00e9s, \u00e0 l&rsquo;optimisation des publicit\u00e9s et au suivi des r\u00e9sultats, nous garantissons une visibilit\u00e9 \u00e9lev\u00e9e par rapport \u00e0 votre investissement. <\/p>\n\n\n\n<p><strong>Notre approche repose sur :<\/strong><\/p>\n\n\n\n<ul class=\"wp-block-list\">\n<li><strong>Recherche approfondie des mots-cl\u00e9s<\/strong> : nous identifions non seulement les expressions courantes, mais aussi les expressions sp\u00e9cifiques \u00ab \u00e0 longue tra\u00eene \u00bb qui g\u00e9n\u00e8rent des clics moins co\u00fbteux et de meilleure qualit\u00e9.<\/li>\n\n\n\n<li><strong>Mots cl\u00e9s n\u00e9gatifs<\/strong> (Negative Keywords) : un des filtres de ciblage importants. Nous bloquons des mots tels que \u00ab\u00a0gratuit\u00a0\u00bb, \u00ab\u00a0travail\u00a0\u00bb, \u00ab\u00a0stage\u00a0\u00bb, ainsi que vos concurrents (que vous ne souhaitez pas cibler). Ainsi, vous ne payez que le trafic utile.  <\/li>\n\n\n\n<li><strong>Annonces textuelles adaptatives<\/strong> : nous r\u00e9digeons des titres et des descriptions convaincants qui correspondent exactement \u00e0 la recherche de l&rsquo;utilisateur.<\/li>\n<\/ul>\n\n\n\n<p>Comment Zen Studio optimise votre budget Google Ads ?<\/p>\n\n\n\n<p>Nous surveillons l&rsquo;indicateur <strong>Quality Score<\/strong> (score de qualit\u00e9). Google \u00e9value la pertinence de votre annonce par rapport \u00e0 votre site. Comme nous g\u00e9rons \u00e9galement le site, nous optimisons les pages de destination afin d&rsquo;am\u00e9liorer ce score. Un score \u00e9lev\u00e9 signifie un co\u00fbt par clic moins cher et un meilleur positionnement.   <\/p>\n<\/details>\n\n\n\n<details class=\"wp-block-details is-layout-flow wp-block-details-is-layout-flow\"><summary>LinkedIn Ads &#8211; campagnes publicitaires B2B pr\u00e9cises<\/summary>\n<p>Si votre entreprise vend \u00e0 d&rsquo;autres entreprises (B2B), LinkedIn est une plateforme incontournable. Contrairement \u00e0 Meta, ici, les utilisateurs sont en \u00ab mode professionnel \u00bb. Ils recherchent des partenaires, des fournisseurs et des solutions pour leur activit\u00e9.  <\/p>\n\n\n\n<p><strong>La force de LinkedIn est dans le ciblage.<\/strong> Votre publicit\u00e9 peut \u00eatre diffus\u00e9e aupr\u00e8s d&rsquo;un groupe de d\u00e9cideurs extr\u00eamement pr\u00e9cis, par exemple :<\/p>\n\n\n\n<ul class=\"wp-block-list\">\n<li><strong>Par postes<\/strong> : PDG, directeur des approvisionnements, architecte, directeur informatique.<\/li>\n\n\n\n<li><strong>Par secteur<\/strong> : Construction, \u00c9nergie, M\u00e9decine, Logiciels.<\/li>\n\n\n\n<li><strong>Par taille de l&rsquo;entreprise<\/strong> : ex. uniquement les entreprises de plus de 50 salari\u00e9s.<\/li>\n\n\n\n<li><strong>Par soci\u00e9t\u00e9s sp\u00e9cifiques<\/strong> : ciblage des employ\u00e9s d&rsquo;une liste sp\u00e9cifique d&rsquo;entreprises (marketing bas\u00e9 sur les clients).<\/li>\n<\/ul>\n\n\n\n<p>Types de campagnes que nous g\u00e9rons sur LinkedIn :<\/p>\n\n\n\n<p><strong>Formulaires Lead Gen<\/strong> : formulaires de collecte de contacts qui se remplissent automatiquement avec les donn\u00e9es du profil de l&rsquo;utilisateur. Cela supprime la friction pour les utilisateurs et augmente le nombre de demandes. <\/p>\n\n\n\n<p><strong>Contenu sponsoris\u00e9<\/strong> : publicit\u00e9s dans le fil d&rsquo;actualit\u00e9 (Newsfeed). Elles ressemblent \u00e0 des publications normales, mais touchent un public cibl\u00e9. Id\u00e9ales pour partager des livres blancs, des \u00e9tudes de cas et des actualit\u00e9s.  <\/p>\n\n\n\n<p><strong>Messages Ads (InMail)<\/strong> : envoi de messages directs dans la bo\u00eete mail des utilisateurs cibl\u00e9s. Efficace pour les invitations \u00e0 des webinaires ou les offres personnalis\u00e9es. <\/p>\n<\/details>\n\n\n\n<details class=\"wp-block-details is-layout-flow wp-block-details-is-layout-flow\"><summary>Facebook &amp; Instagram Ads &#8211; \u0432\u0438\u0437\u0443\u0430\u043b\u043d\u043e \u0432\u044a\u0437\u0434\u0435\u0439\u0441\u0442\u0432\u0438\u0435 \u0438 \u043c\u0430\u0449\u0430\u0431<\/summary>\n<p>Meta (Facebook et Instagram) dispose de la base de donn\u00e9es la plus d\u00e9taill\u00e9e sur les int\u00e9r\u00eats et le comportement des consommateurs. Lorsqu&rsquo;elles sont utilis\u00e9es correctement, ces plateformes sont excellentes tant pour la communication B2C (clients finaux) que B2B. <\/p>\n\n\n\n<p>Pourquoi la publicit\u00e9 sur Facebook est-elle n\u00e9cessaire ?<\/p>\n\n\n\n<p>Alors que Google \u00ab\u00a0capte\u00a0\u00bb la demande, Facebook \u00ab\u00a0cr\u00e9e\u00a0\u00bb la demande. L&rsquo;utilisateur peut ne pas savoir qu&rsquo;il a besoin de votre produit tant qu&rsquo;il ne le voit pas dans son fil d&rsquo;actualit\u00e9. <\/p>\n\n\n\n<p><strong>Exemples de strat\u00e9gies sur Facebook\/Instagram :<\/strong><\/p>\n\n\n\n<p><strong>Entreprise locale<\/strong> : cibler les personnes qui se trouvent dans un rayon autour de votre bureau ou magasin.<\/p>\n\n\n\n<p><strong>Histoire visuelle<\/strong> : nous exploitons la puissance des images et des vid\u00e9os. Zen Studio cr\u00e9e ou \u00e9dite vos supports m\u00e9diatiques afin de r\u00e9aliser des banni\u00e8res publicitaires. Nous \u00e9laborons des campagnes attrayantes et cr\u00e9atives qui captent l&rsquo;attention des consommateurs.  <\/p>\n\n\n\n<p><strong>Audiences similaires<\/strong> : nous utilisons les adresses e-mail de vos clients actuels pour demander \u00e0 l&rsquo;algorithme de trouver des personnes qui leur ressemblent en termes de comportement et d&rsquo;int\u00e9r\u00eats.<\/p>\n\n\n\n<p><strong>Carrousel publicitaire<\/strong> : pr\u00e9sentation d&rsquo;une s\u00e9rie de produits ou d&rsquo;avantages dans une seule publicit\u00e9.<\/p>\n<\/details>\n\n\n\n<div style=\"height:50px\" aria-hidden=\"true\" class=\"wp-block-spacer\"><\/div>\n\n\n\n<h3 class=\"wp-block-heading\">Notre processus op\u00e9rationnel<\/h3>\n\n\n\n<div style=\"height:20px\" aria-hidden=\"true\" class=\"wp-block-spacer\"><\/div>\n\n\n\n<div class=\"wp-block-columns is-layout-flex wp-container-core-columns-is-layout-549b0c86 wp-block-columns-is-layout-flex\">\n<div class=\"wp-block-column oble has-base-2-background-color has-background is-layout-flow wp-block-column-is-layout-flow\" style=\"padding-top:var(--wp--preset--spacing--20);padding-right:var(--wp--preset--spacing--30);padding-bottom:var(--wp--preset--spacing--20);padding-left:var(--wp--preset--spacing--30);box-shadow:var(--wp--preset--shadow--natural)\">\n<h4 class=\"wp-block-heading\">Analyse et planification <\/h4>\n\n\n\n<p>Nous commen\u00e7ons par \u00e9tudier votre activit\u00e9, votre audience et votre environnement concurrentiel. Sur la base de ces donn\u00e9es, nous formulons des strat\u00e9gies adapt\u00e9es. <\/p>\n<\/div>\n\n\n\n<div class=\"wp-block-column oble has-base-2-background-color has-background is-layout-flow wp-block-column-is-layout-flow\" style=\"padding-top:var(--wp--preset--spacing--20);padding-right:var(--wp--preset--spacing--30);padding-bottom:var(--wp--preset--spacing--20);padding-left:var(--wp--preset--spacing--30);box-shadow:var(--wp--preset--shadow--natural)\">\n<h4 class=\"wp-block-heading\">Mise en \u0153uvre des campagnes <\/h4>\n\n\n\n<p>Nous cr\u00e9ons et g\u00e9rons des campagnes en suivant les meilleures pratiques sur chaque plateforme, y compris la conception des publicit\u00e9s et le ciblage des audiences.<\/p>\n<\/div>\n<\/div>\n\n\n\n<div class=\"wp-block-columns is-layout-flex wp-container-core-columns-is-layout-549b0c86 wp-block-columns-is-layout-flex\">\n<div class=\"wp-block-column oble has-base-2-background-color has-background is-layout-flow wp-block-column-is-layout-flow\" style=\"padding-top:var(--wp--preset--spacing--20);padding-right:var(--wp--preset--spacing--30);padding-bottom:var(--wp--preset--spacing--20);padding-left:var(--wp--preset--spacing--30);box-shadow:var(--wp--preset--shadow--natural)\">\n<h4 class=\"wp-block-heading\">Suivi et optimisation<\/h4>\n\n\n\n<p>Nous surveillons et analysons en permanence les r\u00e9sultats des campagnes. Les donn\u00e9es et les indicateurs sont revues constament pour optimiser les efforts publicitaires et garantir une efficacit\u00e9 maximale. <\/p>\n<\/div>\n\n\n\n<div class=\"wp-block-column oble has-base-2-background-color has-background is-layout-flow wp-block-column-is-layout-flow\" style=\"padding-top:var(--wp--preset--spacing--20);padding-right:var(--wp--preset--spacing--30);padding-bottom:var(--wp--preset--spacing--20);padding-left:var(--wp--preset--spacing--30);box-shadow:var(--wp--preset--shadow--natural)\">\n<h4 class=\"wp-block-heading\">Rapports<\/h4>\n\n\n\n<p>Nous fournissons des rapports r\u00e9guliers sur l&rsquo;avancement des campagnes, accompagn\u00e9s d&rsquo;analyses d\u00e9taill\u00e9es et de suggestions pour les actions futures.<\/p>\n<\/div>\n<\/div>\n\n\n\n<div style=\"height:50px\" aria-hidden=\"true\" class=\"wp-block-spacer\"><\/div>\n\n\n\n<h3 class=\"wp-block-heading\">Foire aux questions (FAQ)<\/h3>\n\n\n\n<details class=\"wp-block-details is-layout-flow wp-block-details-is-layout-flow\"><summary>Combien co\u00fbte une campagne ?<\/summary>\n<p>Le prix de la publicit\u00e9 n&rsquo;est pas fixe. Vous d\u00e9terminez le budget publicitaire que vous payez directement aux plateformes (Google, Facebook). Zen Studio est r\u00e9mun\u00e9r\u00e9 pour la gestion et la configuration, selon un devis pr\u00e9alablement valid\u00e9 par vous. Le budget d\u00e9pend de votre secteur d&rsquo;activit\u00e9 et de vos objectifs. Nous vous conseillerons pour un lancement optimal.    <\/p>\n<\/details>\n\n\n\n<details class=\"wp-block-details is-layout-flow wp-block-details-is-layout-flow\"><summary>Quelle plateforme est la mieux adapt\u00e9e \u00e0 mes besoins ?<\/summary>\n<p>Cela d\u00e9pend de l&rsquo;activit\u00e9. Pour les services locaux (restaurant, assistance routi\u00e8re, serrurerie) : Google Ads. Pour les services B2B et les \u00e9quipements haut de gamme : LinkedIn et Google Ads. Pour la mode, les cosm\u00e9tiques et les \u00e9v\u00e9nements : Facebook et Instagram. Nous recommandons souvent un mix de plusieurs canaux.    <\/p>\n<\/details>\n\n\n\n<details class=\"wp-block-details is-layout-flow wp-block-details-is-layout-flow\"><summary>Qu&rsquo;attendez-vous de nous ?<\/summary>\n<p>Tirer \u00e0 l&rsquo;aveuglette dans le marketing digital co\u00fbte cher et n&rsquo;est pas efficace. Nous attendons de vous que vous connaissiez votre activit\u00e9 et vos clients cibl\u00e9s afin que nous puissions r\u00e9pondre ensemble \u00e0 ces questions cruciales : <\/p>\n\n\n\n<ol start=\"1\" class=\"wp-block-list\">\n<li><strong>Qui est votre client id\u00e9al ?<\/strong> (Persona)<\/li>\n\n\n\n<li><strong>O\u00f9 passe-t-il son temps en ligne ?<\/strong> (Platforme)<\/li>\n\n\n\n<li><strong>Son besoin pour lequel votre offre propose une solution ?<\/strong> (Message)<\/li>\n\n\n\n<li><strong>Quelle action attendons-nous de lui ?<\/strong> (Conversion)<\/li>\n<\/ol>\n\n\n\n<p>Ensemble, nous d\u00e9finissons les facteurs et les indicateurs de r\u00e9ussite (KPI). La publicit\u00e9 peut avoir diff\u00e9rents objectifs, que nous devons pr\u00e9ciser : <\/p>\n\n\n\n<p><strong>Engagement<\/strong> : mentions \u00ab J&rsquo;aime \u00bb, partages et commentaires (un indicateur souvent sous-estim\u00e9, mais important pour la d\u00e9monstration sociale).<\/p>\n\n\n\n<p><strong>Ventes<\/strong> : Achat direct depuis votre boutique en ligne.<\/p>\n\n\n\n<p><strong>Leads<\/strong> : Remplir un formulaire de contact ou demander un devis.<\/p>\n\n\n\n<p><strong>Visibilit\u00e9<\/strong> (notori\u00e9t\u00e9 de la marque) : toucher le plus grand nombre de personnes possible pour imposer la marque.<\/p>\n\n\n\n<p>Enfin, nous attendons de vous du contenu ou votre aide pour trouver du contenu que nous pourrons utiliser dans nos campagnes num\u00e9riques et nos publicit\u00e9s visuelles correspondantes.<\/p>\n<\/details>\n\n\n\n<details class=\"wp-block-details is-layout-flow wp-block-details-is-layout-flow\"><summary>Garantissez-vous des ventes ?<\/summary>\n<p>Aucune agence professionnelle ne peut garantir des ventes, car celles-ci d\u00e9pendent de votre mix marketing : le prix et les qualit\u00e9s du produit, la concurrence et le travail de vos commerciaux. Nous garantissons un trafic cibl\u00e9 de qualit\u00e9 et une visibilit\u00e9 aupr\u00e8s du bon public. <\/p>\n<\/details>\n\n\n\n<details class=\"wp-block-details is-layout-flow wp-block-details-is-layout-flow\"><summary>Pourquoi est-il pr\u00e9f\u00e9rable que Zen Studio g\u00e8re les publicit\u00e9s ?<\/summary>\n<p>Les plateformes deviennent de plus en plus complexes. Des param\u00e8tres incorrects peuvent \u00e9puiser votre budget en quelques heures sans r\u00e9sultat. De plus, nous connaissons votre site et pouvons l&rsquo;optimiser pour la publicit\u00e9, ce qu&rsquo;une autre agence aurait du mal \u00e0 faire. En tant que studio de conception graphique et web, nous cr\u00e9ons \u00e9galement les visuels de vos publicit\u00e9s.   <\/p>\n<\/details>\n\n\n\n<details class=\"wp-block-details is-layout-flow wp-block-details-is-layout-flow\"><summary>Pourquoi la page de destination (Landing Page) est-elle importante ?<\/summary>\n<div style=\"height:30px\" aria-hidden=\"true\" class=\"wp-block-spacer\"><\/div>\n\n\n\n<blockquote class=\"wp-block-quote is-layout-flow wp-block-quote-is-layout-flow\" style=\"border-top-left-radius:20px;border-top-right-radius:20px;border-bottom-left-radius:20px;border-bottom-right-radius:20px;border-right-width:5px;border-left-width:5px\">\n<p>La publicit\u00e9 n&rsquo;est qu&rsquo;une invitation. La page de destination est l&rsquo;endroit o\u00f9 se tient la f\u00eate. <\/p>\n<\/blockquote>\n\n\n\n<div style=\"height:5px\" aria-hidden=\"true\" class=\"wp-block-spacer\"><\/div>\n\n\n\n<p>Vous pouvez avoir une campagne num\u00e9rique parfaitement configur\u00e9e, mais si l&rsquo;utilisateur clique et tombe sur une page qui :<\/p>\n\n\n\n<ul class=\"wp-block-list\">\n<li>Charge lentement ;<\/li>\n\n\n\n<li>A une version mobile non-optimis\u00e9e ;<\/li>\n\n\n\n<li>A des textes et des messages confus ;<\/li>\n\n\n\n<li>N&rsquo;a pas de bouton d&rsquo;action clairement identifiable ; &#8230; il quittera imm\u00e9diatement. Vous avez pay\u00e9 pour le clic, mais vous avez perdu le client. <\/li>\n<\/ul>\n\n\n\n<div style=\"height:5px\" aria-hidden=\"true\" class=\"wp-block-spacer\"><\/div>\n\n\n\n<p>C&rsquo;est pourquoi Zen Studio propose un service complet. Nous ne nous au trafic qualifi\u00e9, mais nous analysons \u00e9galement les pages vers lesquelles m\u00e8ne la publicit\u00e9. Si un probl\u00e8me est d\u00e9tect\u00e9, nous le r\u00e9solvons. Nous pouvons cr\u00e9er des pages de destination sp\u00e9ciales pour chaque campagne, qui sont simples et ax\u00e9es uniquement sur la vente. Cela augmente consid\u00e9rablement le taux de conversion.    <\/p>\n<\/details>\n\n\n\n<div style=\"height:40px\" aria-hidden=\"true\" class=\"wp-block-spacer\"><\/div>\n\n\n\n<div class=\"wp-block-group cta-service has-global-padding is-layout-constrained wp-block-group-is-layout-constrained\">\n<figure class=\"wp-block-image size-full\"><img loading=\"lazy\" decoding=\"async\" width=\"960\" height=\"500\" src=\"https:\/\/zen.studio\/wp-content\/uploads\/2026\/01\/keywords-seo-research.png\" alt=\"Conception Web, r\u00e9f\u00e9rencement, GEO et campagnes publicitaires en ligne\" class=\"wp-image-3156\" srcset=\"https:\/\/zen.studio\/wp-content\/uploads\/2026\/01\/keywords-seo-research.png 960w, https:\/\/zen.studio\/wp-content\/uploads\/2026\/01\/keywords-seo-research-300x156.png 300w, https:\/\/zen.studio\/wp-content\/uploads\/2026\/01\/keywords-seo-research-768x400.png 768w\" sizes=\"auto, (max-width: 960px) 100vw, 960px\" \/><\/figure>\n\n\n\n<h2 class=\"wp-block-heading\">Nouveau projet de site web d&rsquo;entreprise ?<\/h2>\n\n\n\n<p>Si vous \u00eates actuellement \u00e0 la recherche d&rsquo;un prestataire pour cr\u00e9er votre nouveau site web, n&rsquo;h\u00e9sitez pas \u00e0 contacter Zen Studio. Nous proposons des solutions compl\u00e8tes, allant de la conception web et la cr\u00e9ation d&rsquo;un site optimis\u00e9 pour le r\u00e9f\u00e9rencement naturel (SEO) au d\u00e9veloppement de votre pr\u00e9sence num\u00e9rique gr\u00e2ce \u00e0 des campagnes PPC, des e-mailings et du contenu marketing. <\/p>\n\n\n\n<div class=\"wp-block-buttons is-layout-flex wp-block-buttons-is-layout-flex\">\n<div class=\"wp-block-button is-style-outline is-style-outline--1\"><a class=\"wp-block-button__link wp-element-button\" href=\"https:\/\/zen.studio\/fr\/creation-de-site-web-avec-wordpress\/\" style=\"border-top-left-radius:0px;border-top-right-radius:0px;border-bottom-left-radius:0px;border-bottom-right-radius:0px\">Conception de site web<\/a><\/div>\n\n\n\n<div class=\"wp-block-button is-style-outline is-style-outline--2\"><a class=\"wp-block-button__link wp-element-button\" href=\"https:\/\/zen.studio\/fr\/on-site-seo-geo\/\" style=\"border-top-left-radius:0px;border-top-right-radius:0px;border-bottom-left-radius:0px;border-bottom-right-radius:0px\">On-site SEO &amp; GEO<\/a><\/div>\n<\/div>\n<\/div>\n\n\n\n<div style=\"height:40px\" aria-hidden=\"true\" class=\"wp-block-spacer\"><\/div>\n\n\n\n<h3 class=\"wp-block-heading\">Conclusion<\/h3>\n\n\n\n<p>Chez Zen Studio, la publicit\u00e9 num\u00e9rique n&rsquo;est pas un service \u00e0 part, mais fait partie int\u00e9grante de votre projet web. Gr\u00e2ce aux campagnes digitales, votre entreprise b\u00e9n\u00e9ficiera de l&rsquo;\u00e9lan n\u00e9cessaire pour accro\u00eetre sa pr\u00e9sence en ligne et attirer un trafic qualifi\u00e9. Nous sommes engag\u00e9s \u00e0 obtenir des r\u00e9sultats et mettons toute notre \u00e9nergie \u00e0 atteindre vos objectifs commerciaux.   <\/p>\n","protected":false},"excerpt":{"rendered":"<p>Ce n&rsquo;est pas une restriction, mais une garantie de qualit\u00e9. La publicit\u00e9 digitale ne fonctionne pas dans le vide. M\u00eame la meilleure campagne Google Ads \u00e9chouera si elle renvoie vers un site web lent, mal structur\u00e9 ou confus. La publicit\u00e9 ne repr\u00e9sente que la moiti\u00e9 de l&rsquo;\u00e9quation. L&rsquo;autre moiti\u00e9 consiste \u00e0 \u00ab accueillir \u00bb l&rsquo;utilisateur. [&hellip;]<\/p>\n","protected":false},"author":1,"featured_media":0,"parent":0,"menu_order":0,"comment_status":"closed","ping_status":"closed","template":"","meta":{"_acf_changed":false,"footnotes":""},"class_list":["post-3442","page","type-page","status-publish","hentry"],"acf":[],"_links":{"self":[{"href":"https:\/\/zen.studio\/fr\/wp-json\/wp\/v2\/pages\/3442","targetHints":{"allow":["GET"]}}],"collection":[{"href":"https:\/\/zen.studio\/fr\/wp-json\/wp\/v2\/pages"}],"about":[{"href":"https:\/\/zen.studio\/fr\/wp-json\/wp\/v2\/types\/page"}],"author":[{"embeddable":true,"href":"https:\/\/zen.studio\/fr\/wp-json\/wp\/v2\/users\/1"}],"replies":[{"embeddable":true,"href":"https:\/\/zen.studio\/fr\/wp-json\/wp\/v2\/comments?post=3442"}],"version-history":[{"count":0,"href":"https:\/\/zen.studio\/fr\/wp-json\/wp\/v2\/pages\/3442\/revisions"}],"wp:attachment":[{"href":"https:\/\/zen.studio\/fr\/wp-json\/wp\/v2\/media?parent=3442"}],"curies":[{"name":"wp","href":"https:\/\/api.w.org\/{rel}","templated":true}]}}