{"id":3460,"date":"2025-01-11T09:35:53","date_gmt":"2025-01-11T09:35:53","guid":{"rendered":"https:\/\/zen.studio\/conception-didentite-visuelle-et-de-logo-dentreprise\/"},"modified":"2026-04-08T16:54:59","modified_gmt":"2026-04-08T16:54:59","slug":"creation-logo-entreprise","status":"publish","type":"page","link":"https:\/\/zen.studio\/fr\/creation-logo-entreprise\/","title":{"rendered":"Conception d&rsquo;identit\u00e9 visuelle et de logo d&rsquo;entreprise"},"content":{"rendered":"\n<div class=\"wp-block-cover is-light\" style=\"padding-top:var(--wp--preset--spacing--40);padding-right:var(--wp--preset--spacing--50);padding-bottom:var(--wp--preset--spacing--40);padding-left:var(--wp--preset--spacing--50)\"><span aria-hidden=\"true\" class=\"wp-block-cover__background has-background-dim-100 has-background-dim\" style=\"background-color:#f9f9f9\"><\/span><div class=\"wp-block-cover__inner-container has-global-padding is-layout-constrained wp-container-core-cover-is-layout-a9ed513b wp-block-cover-is-layout-constrained\">\n<div style=\"height:50px\" aria-hidden=\"true\" class=\"wp-block-spacer\"><\/div>\n\n\n\n<figure class=\"wp-block-image aligncenter size-full\"><img loading=\"lazy\" decoding=\"async\" width=\"680\" height=\"420\" src=\"https:\/\/zen.studio\/wp-content\/uploads\/2024\/11\/logo-design-financial.jpg\" alt=\"\" class=\"wp-image-1634\" srcset=\"https:\/\/zen.studio\/wp-content\/uploads\/2024\/11\/logo-design-financial.jpg 680w, https:\/\/zen.studio\/wp-content\/uploads\/2024\/11\/logo-design-financial-300x185.jpg 300w\" sizes=\"auto, (max-width: 680px) 100vw, 680px\" \/><\/figure>\n\n\n\n<p class=\"has-text-align-center has-small-font-size\" style=\"border-top-width:1px;padding-top:var(--wp--preset--spacing--20);padding-bottom:var(--wp--preset--spacing--20)\">Conception d&rsquo;un logo et d&rsquo;un symbole graphique pour une soci\u00e9t\u00e9 de courtage en cr\u00e9dit.<br>Ils travaillent sans rel\u00e2che pour vous trouver le pr\u00eat immobiliier qui vous convient, en n\u00e9gociant simultan\u00e9ment avec plusieurs banques. <a href=\"https:\/\/zen.studio\/izrabotvane-logo-website-crediten-posrednik\/\">En savoir plus sur le projet<\/a>&#8230;<\/p>\n\n\n\n<div style=\"height:30px\" aria-hidden=\"true\" class=\"wp-block-spacer\"><\/div>\n<\/div><\/div>\n\n\n\n<details class=\"wp-block-details is-layout-flow wp-block-details-is-layout-flow\"><summary>Qu&rsquo;est-ce qu&rsquo;un design professionnel de logo ?<\/summary>\n<p>La conception professionnelle d&rsquo;un logo est un processus r\u00e9alis\u00e9 par <strong>un graphiste<\/strong> afin de <strong>cr\u00e9er un logo<\/strong> adapt\u00e9 \u00e0 l&rsquo;entreprise. <\/p>\n\n\n\n<p>L&rsquo;objectif du logo et de l&rsquo;identit\u00e9 de marque, c&rsquo;est de cr\u00e9er une association chez les clients avec vos produits et services. Plus il est attrayant, original et marquant, plus votre reconnaissance est forte.  <\/p>\n\n\n\n<p>C&rsquo;est pourquoi la <strong>conception professionnelle du logo<\/strong> est extr\u00eamement importante. Elle n&rsquo;est pas un fruit du hasard. Un bon logotype est le r\u00e9sultat d&rsquo;un processus de travail, d&rsquo;une r\u00e9flexion strat\u00e9gique, d&rsquo;une \u00e9tude et de concepts cr\u00e9atifs. Chaque aspect du logo \u2013 graphisme, typographie, couleur \u2013 influence la perception que les clients ont de votre marque.   <\/p>\n<\/details>\n\n\n\n<div style=\"height:30px\" aria-hidden=\"true\" class=\"wp-block-spacer\"><\/div>\n\n\n\n<blockquote class=\"wp-block-quote is-style-default oble has-base-2-background-color has-background is-layout-flow wp-block-quote-is-layout-flow\" style=\"border-right-width:5px;border-left-width:5px\">\n<p>Votre logo est l&rsquo;\u00e9l\u00e9ment cl\u00e9 de l&rsquo;identit\u00e9 visuelle de la marque. Il est le visage de votre entreprise et cr\u00e9e la premi\u00e8re impression. <\/p>\n<\/blockquote>\n\n\n\n<div style=\"height:20px\" aria-hidden=\"true\" class=\"wp-block-spacer\"><\/div>\n\n\n\n<h2 class=\"wp-block-heading\">Les qualit\u00e9s d&rsquo;un bon logo<\/h2>\n\n\n\n<details class=\"wp-block-details is-layout-flow wp-block-details-is-layout-flow\"><summary>Le logo suscite l&rsquo;\u00e9motion<\/summary>\n<p>Cet objectif peut \u00eatre atteint efficacement \u00e0 l&rsquo;aide de la typographie et de la couleur, qui peuvent exprimer le traditionnel, le moderne, l&rsquo;institutionnel, le convivial, l&rsquo;ambitieux, le d\u00e9licat, le changeant, le stable, etc. Et lorsqu&rsquo;un graphisme est ajout\u00e9, il doit renforcer l&rsquo;\u00e9motion et souligner les diff\u00e9rences.<\/p>\n<\/details>\n\n\n\n<details class=\"wp-block-details is-layout-flow wp-block-details-is-layout-flow\"><summary>Le logo est original<\/summary>\n<p>Des clients souvent nous demandent \u00e0 visualiser dans le logo des aspects de l\u2019activit\u00e9 de l\u2019entreprise. M\u00eame stylis\u00e9s et bien ex\u00e9cut\u00e9s, les graphismes qui renvoient \u00e0 des attributs ou \u00e0 des objets sp\u00e9cifiques du m\u00e9tier donneront souvent une image simpliste et surcharg\u00e9e, difficile \u00e0 m\u00e9moriser, qui verrouille l\u2019identit\u00e9 et diminue sa vie. <\/p>\n\n\n\n<p>Imaginez une start-up dans les services informatiques qui voudrait avoir un ordinateur dans son logo. Un ordinateur d\u2019il y a 10 ans est diff\u00e9rant de l\u2019ordinateur d\u2019aujourd\u2019hui et encore plus du celui cr\u00e9\u00e9 dans 10 ans. Ce logo aurait eu non seulement un air vieux, mais serait aussi tr\u00e8s limitatif par rapport \u00e0 de nouvelles opportunit\u00e9s de business \u2013 tabletes, smartphones, architectures et r\u00e9seaux intelligents, etc.   <\/p>\n<\/details>\n\n\n\n<div style=\"height:40px\" aria-hidden=\"true\" class=\"wp-block-spacer\"><\/div>\n\n\n\n<div class=\"wp-block-cover is-light\" style=\"padding-top:var(--wp--preset--spacing--40);padding-right:var(--wp--preset--spacing--50);padding-bottom:var(--wp--preset--spacing--40);padding-left:var(--wp--preset--spacing--50)\"><span aria-hidden=\"true\" class=\"wp-block-cover__background has-background-dim-100 has-background-dim\" style=\"background-color:#f9f9f9\"><\/span><div class=\"wp-block-cover__inner-container has-global-padding is-layout-constrained wp-container-core-cover-is-layout-a9ed513b wp-block-cover-is-layout-constrained\">\n<div style=\"height:50px\" aria-hidden=\"true\" class=\"wp-block-spacer\"><\/div>\n\n\n\n<figure class=\"wp-block-image aligncenter size-full\"><img loading=\"lazy\" decoding=\"async\" width=\"680\" height=\"420\" src=\"https:\/\/zen.studio\/wp-content\/uploads\/2024\/11\/logo-design-accounting.jpg\" alt=\"\" class=\"wp-image-1637\" srcset=\"https:\/\/zen.studio\/wp-content\/uploads\/2024\/11\/logo-design-accounting.jpg 680w, https:\/\/zen.studio\/wp-content\/uploads\/2024\/11\/logo-design-accounting-300x185.jpg 300w\" sizes=\"auto, (max-width: 680px) 100vw, 680px\" \/><\/figure>\n\n\n\n<p class=\"has-text-align-center has-small-font-size\" style=\"border-top-width:1px;padding-top:var(--wp--preset--spacing--20);padding-bottom:var(--wp--preset--spacing--20)\">Conception d&rsquo;un logo typographique avec une police sp\u00e9cialement cr\u00e9\u00e9e pour un cabinet comptable.<\/p>\n\n\n\n<div style=\"height:30px\" aria-hidden=\"true\" class=\"wp-block-spacer\"><\/div>\n<\/div><\/div>\n\n\n\n<div style=\"height:40px\" aria-hidden=\"true\" class=\"wp-block-spacer\"><\/div>\n\n\n\n<details class=\"wp-block-details is-layout-flow wp-block-details-is-layout-flow\"><summary>Le logo n&rsquo;explique pas, il identifie<\/summary>\n<p>Parfois des cr\u00e9ations plus \u00ab litt\u00e9rales \u00bb pourraient \u00eatre la bonne r\u00e9ponse, dans le cas particulier des domaines d\u2019activit\u00e9 traditionnels ou artisanaux, mais quelle que soit l\u2019approche du design du logo \u2013 recherche du concret ou des associations figur\u00e9es, il est clair qu\u2019il ne pourra pas tout communiquer. Pour avoir l\u2019image globale de ce que l\u2019entreprise (ou la marque) des efforts compl\u00e9mentaires sont exig\u00e9s, tant en communication qu\u2019en marketing.<br><\/p>\n\n\n\n<div style=\"height:15px\" aria-hidden=\"true\" class=\"wp-block-spacer\"><\/div>\n\n\n\n<blockquote class=\"wp-block-quote is-style-default oble has-base-2-background-color has-background is-layout-flow wp-block-quote-is-layout-flow\" style=\"border-top-style:none;border-top-width:0px;border-right-width:5px;border-bottom-style:none;border-bottom-width:0px;border-left-width:5px\">\n<p>Le logo n&rsquo;est pas un dessin, c&rsquo;est le symbole d&rsquo;une organisation. Les symboles n&rsquo;expliquent pas, ils identifient. <\/p>\n<\/blockquote>\n\n\n\n<p>Il faut quelque chose de plus \u2013 par exemple, dans le logo ci-dessous, les gla\u00e7ons sont repr\u00e9sent\u00e9s dans un blason familial, et la typographie donne une impression r\u00e9tro et traditionnelle. <\/p>\n<\/details>\n\n\n\n<div style=\"height:40px\" aria-hidden=\"true\" class=\"wp-block-spacer\"><\/div>\n\n\n\n<div class=\"wp-block-cover is-light\" style=\"padding-top:var(--wp--preset--spacing--40);padding-right:var(--wp--preset--spacing--50);padding-bottom:var(--wp--preset--spacing--40);padding-left:var(--wp--preset--spacing--50)\"><span aria-hidden=\"true\" class=\"wp-block-cover__background has-background-dim-100 has-background-dim\" style=\"background-color:#f9f9f9\"><\/span><div class=\"wp-block-cover__inner-container has-global-padding is-layout-constrained wp-container-core-cover-is-layout-a9ed513b wp-block-cover-is-layout-constrained\">\n<div style=\"height:50px\" aria-hidden=\"true\" class=\"wp-block-spacer\"><\/div>\n\n\n\n<figure class=\"wp-block-image aligncenter size-full\"><a href=\"https:\/\/zen.studio\/logo-opakovka-redesign\/\"><img loading=\"lazy\" decoding=\"async\" width=\"680\" height=\"420\" src=\"https:\/\/zen.studio\/wp-content\/uploads\/2024\/11\/identity-logo-design-ice.jpg\" alt=\"Conception d'un logo pour un fabricant de glace en vrac\" class=\"wp-image-1643\" srcset=\"https:\/\/zen.studio\/wp-content\/uploads\/2024\/11\/identity-logo-design-ice.jpg 680w, https:\/\/zen.studio\/wp-content\/uploads\/2024\/11\/identity-logo-design-ice-300x185.jpg 300w\" sizes=\"auto, (max-width: 680px) 100vw, 680px\" \/><\/a><\/figure>\n\n\n\n<p class=\"has-text-align-center has-small-font-size\" style=\"border-top-width:1px;padding-top:var(--wp--preset--spacing--20);padding-bottom:var(--wp--preset--spacing--20)\">Logotype con\u00e7u pour une entreprise familiale sp\u00e9cialis\u00e9e dans le conditionnement de glace \u2013 une activit\u00e9 traditionnelle et clairement d\u00e9finie.<\/p>\n\n\n\n<div style=\"height:30px\" aria-hidden=\"true\" class=\"wp-block-spacer\"><\/div>\n<\/div><\/div>\n\n\n\n<div style=\"height:50px\" aria-hidden=\"true\" class=\"wp-block-spacer\"><\/div>\n\n\n\n<h2 class=\"wp-block-heading has-x-large-font-size\">La cr\u00e9ation de logo est un processus<\/h2>\n\n\n\n<p>Chaque concept et variante de logo est le r\u00e9sultat d&rsquo;un processus de travail ouvert, cr\u00e9atif, mais disciplin\u00e9. Il peut varier d&rsquo;un graphiste \u00e0 l&rsquo;autre, mais comprend toujours des phases de familiarisation, d&rsquo;\u00e9tude de l&rsquo;identit\u00e9 visuelle des concurrents, d&rsquo;esquisse et de test des concepts, ainsi que la cr\u00e9ation digitale du logo. <\/p>\n\n\n\n<details class=\"wp-block-details is-layout-flow wp-block-details-is-layout-flow\"><summary>\u00c9tape 1 | Pr\u00e9sentation et briefing<\/summary>\n<p>Lorsque nous d\u00e9couvrons le projet d&rsquo;identit\u00e9 visuelle dans notre brief initial, nous essayons d&rsquo;en extraire 3 types d&rsquo;informations :<\/p>\n\n\n\n<ul class=\"wp-block-list\">\n<li>Subjective \u2013 principalement les pr\u00e9f\u00e9rences des clients.<\/li>\n\n\n\n<li><strong>Marketing<\/strong> \u2013 pour le march\u00e9 sur lequel vous op\u00e9rez, pour vos clients, pour les concurrents ; pour les modes de distribution ou pour l&rsquo;historique du march\u00e9 (si le projet concerne une refonte et un repositionnement) ;<\/li>\n\n\n\n<li>Technique \u2013 comment, o\u00f9, sur quels m\u00e9dias et dans quelles dimensions le logo sera utilis\u00e9 ;<\/li>\n<\/ul>\n<\/details>\n\n\n\n<details class=\"wp-block-details is-layout-flow wp-block-details-is-layout-flow\"><summary>\u00c9tape 2 | \u00c9tude graphique<\/summary>\n<p>Le graphiste \u00e9tudie les identit\u00e9s visuelles du secteur d&rsquo;activit\u00e9 et des concurrents. Il identifie leurs forces et leurs faiblesses et trouve des pistes pour le style et la diff\u00e9renciation. <\/p>\n<\/details>\n\n\n\n<details class=\"wp-block-details is-layout-flow wp-block-details-is-layout-flow\"><summary>\u00c9tape 3 | Phase conceptuelle, esquisses et tests<\/summary>\n<p>C&rsquo;est la partie cr\u00e9ative du projet de conception d&rsquo;un logo. Le graphiste d\u00e9veloppe des concepts graphiques \u00e0 l&rsquo;aide d&rsquo;un crayon et de papier (certains designers le font directement sur ordinateur). Les \u00e9tapes pr\u00e9c\u00e9dentes du projet permettent d&rsquo;\u00e9valuer chaque concept cr\u00e9atif par rapport \u00e0 des crit\u00e8res clairement d\u00e9finis.  <\/p>\n<\/details>\n\n\n\n<details class=\"wp-block-details is-layout-flow wp-block-details-is-layout-flow\"><summary>\u00c9tape 4 | Cr\u00e9ation num\u00e9rique du logo<\/summary>\n<p>Lorsque nous disposons de concepts graphiques satisfaisants et r\u00e9pondant aux crit\u00e8res, il faut les retravailler num\u00e9riquement sur ordinateur dans Adobe Illustrator et au format vectoriel. Des r\u00e9glages finaux sont effectu\u00e9s au niveau de la typographie, des couleurs et des espacements. Nous pr\u00e9sentons g\u00e9n\u00e9ralement au client deux versions finales du logo, accompagn\u00e9es d&rsquo;un document d&rsquo;argumentation et de variantes du logo pour diff\u00e9rentes utilisations.  <\/p>\n<\/details>\n\n\n\n<div style=\"height:60px\" aria-hidden=\"true\" class=\"wp-block-spacer\"><\/div>\n\n\n\n<div class=\"wp-block-cover is-light\" style=\"padding-top:var(--wp--preset--spacing--40);padding-right:var(--wp--preset--spacing--50);padding-bottom:var(--wp--preset--spacing--40);padding-left:var(--wp--preset--spacing--50)\"><span aria-hidden=\"true\" class=\"wp-block-cover__background has-background-dim-100 has-background-dim\" style=\"background-color:#ebebeb\"><\/span><div class=\"wp-block-cover__inner-container has-global-padding is-layout-constrained wp-container-core-cover-is-layout-a9ed513b wp-block-cover-is-layout-constrained\">\n<figure class=\"wp-block-image aligncenter size-full\"><img loading=\"lazy\" decoding=\"async\" width=\"940\" height=\"627\" src=\"https:\/\/zen.studio\/wp-content\/uploads\/2024\/06\/fora-logo-design.svg\" alt=\"Conception de logo pour une start-up - menuiserie\" class=\"wp-image-681\"\/><\/figure>\n\n\n\n<p class=\"has-text-align-center has-small-font-size\">Conception d&rsquo;un logo typographique avec une police \u00ab florale \u00bb sp\u00e9cialement cr\u00e9\u00e9e pour une entreprise de menuiserie.<\/p>\n<\/div><\/div>\n\n\n\n<div style=\"height:60px\" aria-hidden=\"true\" class=\"wp-block-spacer\"><\/div>\n\n\n\n<h2 class=\"wp-block-heading has-x-large-font-size\">3 crit\u00e8res simples pour un bon design de logo d&rsquo;entreprise<\/h2>\n\n\n\n<p>Chaque graphiste vous donnera des d\u00e9finitions l\u00e9g\u00e8rement diff\u00e9rentes d&rsquo;un bon logo d&rsquo;entreprise. <br>Nous pouvons les simplifier en trois crit\u00e8res fondamentaux :<\/p>\n\n\n\n<ol class=\"wp-block-list\">\n<li><strong>Adapt\u00e9<\/strong> au client et \u00e0 son secteur d&rsquo;activit\u00e9 \u2013 forme, concept, \u00e9motion. Par exemple, l&rsquo;esth\u00e9tique d&rsquo;un logo pour des articles de sport devrait d\u00e9gager du dynamisme, celle d&rsquo;un logo pour une marque de mode \u2013 de l&rsquo;\u00e9l\u00e9gance et une typographie moderne, etc. <\/li>\n\n\n\n<li><strong>\u00c9pur\u00e9 et simple<\/strong>, afin de fonctionner efficacement et de mani\u00e8re flexible dans une large gamme de dimensions et de supports ;<\/li>\n\n\n\n<li><strong>M\u00e9morable<\/strong> \u2013 m\u00eame si le logo est \u00e9pur\u00e9 et simple, il doit \u00e9galement \u00eatre original et distinctif afin d&rsquo;\u00eatre facilement m\u00e9morisable.<\/li>\n<\/ol>\n\n\n\n<div style=\"height:60px\" aria-hidden=\"true\" class=\"wp-block-spacer\"><\/div>\n\n\n\n<div class=\"wp-block-cover\" style=\"padding-top:var(--wp--preset--spacing--40);padding-right:var(--wp--preset--spacing--50);padding-bottom:var(--wp--preset--spacing--40);padding-left:var(--wp--preset--spacing--50)\"><span aria-hidden=\"true\" class=\"wp-block-cover__background has-background-dim-100 has-background-dim\" style=\"background-color:#424d35\"><\/span><div class=\"wp-block-cover__inner-container has-global-padding is-layout-constrained wp-container-core-cover-is-layout-1f28d73a wp-block-cover-is-layout-constrained\">\n<div style=\"height:50px\" aria-hidden=\"true\" class=\"wp-block-spacer\"><\/div>\n\n\n\n<figure class=\"wp-block-image aligncenter size-full\"><img loading=\"lazy\" decoding=\"async\" width=\"940\" height=\"627\" src=\"https:\/\/zen.studio\/wp-content\/uploads\/2024\/06\/enigma-logo-visual-identity.jpg\" alt=\"Refonte du logo et modernisation de l'identit\u00e9 visuelle de la marque\" class=\"wp-image-712\" srcset=\"https:\/\/zen.studio\/wp-content\/uploads\/2024\/06\/enigma-logo-visual-identity.jpg 940w, https:\/\/zen.studio\/wp-content\/uploads\/2024\/06\/enigma-logo-visual-identity-300x200.jpg 300w, https:\/\/zen.studio\/wp-content\/uploads\/2024\/06\/enigma-logo-visual-identity-768x512.jpg 768w\" sizes=\"auto, (max-width: 940px) 100vw, 940px\" \/><\/figure>\n\n\n\n<p class=\"has-text-align-center has-small-font-size\">Refonte du logo et modernisation de l&rsquo;identit\u00e9 visuelle | Enigma Leather<\/p>\n\n\n\n<div style=\"height:30px\" aria-hidden=\"true\" class=\"wp-block-spacer\"><\/div>\n<\/div><\/div>\n\n\n\n<div style=\"height:40px\" aria-hidden=\"true\" class=\"wp-block-spacer\"><\/div>\n\n\n\n<h2 class=\"wp-block-heading\">Nos tarifs pour la conception d&rsquo;un logotype<\/h2>\n\n\n\n<p>Chaque projet d&rsquo;identit\u00e9 visuelle de marque est unique. Apr\u00e8s avoir pris connaissance du projet, des besoins et du secteur d&rsquo;activit\u00e9, nous vous ferons parvenir un devis.  <\/p>\n\n\n\n<div style=\"height:40px\" aria-hidden=\"true\" class=\"wp-block-spacer\"><\/div>\n\n\n\n<div class=\"wp-block-cover is-light\" style=\"padding-top:var(--wp--preset--spacing--40);padding-right:var(--wp--preset--spacing--50);padding-bottom:var(--wp--preset--spacing--40);padding-left:var(--wp--preset--spacing--50)\"><span aria-hidden=\"true\" class=\"wp-block-cover__background has-background-dim-100 has-background-dim\" style=\"background-color:#ebebeb\"><\/span><div class=\"wp-block-cover__inner-container has-global-padding is-layout-constrained wp-container-core-cover-is-layout-1f28d73a wp-block-cover-is-layout-constrained\">\n<div style=\"height:50px\" aria-hidden=\"true\" class=\"wp-block-spacer\"><\/div>\n\n\n\n<figure class=\"wp-block-image aligncenter size-full\"><img loading=\"lazy\" decoding=\"async\" width=\"940\" height=\"640\" src=\"https:\/\/zen.studio\/wp-content\/uploads\/2024\/06\/logo-design-pirin.png\" alt=\"Conception d'un logo pour des produits alimentaires \u00e9nerg\u00e9tiques et \u00e9quilibr\u00e9s\" class=\"wp-image-589\" srcset=\"https:\/\/zen.studio\/wp-content\/uploads\/2024\/06\/logo-design-pirin.png 940w, https:\/\/zen.studio\/wp-content\/uploads\/2024\/06\/logo-design-pirin-300x204.png 300w, https:\/\/zen.studio\/wp-content\/uploads\/2024\/06\/logo-design-pirin-768x523.png 768w\" sizes=\"auto, (max-width: 940px) 100vw, 940px\" \/><\/figure>\n\n\n\n<p class=\"has-text-align-center has-small-font-size\">Conception du logo pour les produits \u00e9nerg\u00e9tiques \u00ab Pirin \u00bb<\/p>\n\n\n\n<div style=\"height:30px\" aria-hidden=\"true\" class=\"wp-block-spacer\"><\/div>\n<\/div><\/div>\n\n\n\n<div style=\"height:40px\" aria-hidden=\"true\" class=\"wp-block-spacer\"><\/div>\n\n\n\n<h2 class=\"wp-block-heading has-x-large-font-size\">De la conception du logo \u00e0 l&rsquo;identit\u00e9 visuelle de la marque<\/h2>\n\n\n\n<p>L&rsquo;identit\u00e9 visuelle de marque (aussi appel\u00e9e style corporatif ou simplement identit\u00e9 visuelle) consiste \u00e0 d\u00e9velopper des r\u00e8gles graphiques et un environnement graphique pour les moyens de communication de l&rsquo;entreprise. Elle d\u00e9finit l&rsquo;utilisation du logo pour diff\u00e9rents m\u00e9dias, les couleurs de l&rsquo;entreprise (principales et secondaires) et la typographie (polices). Selon la nature de l&rsquo;activit\u00e9 et de la communication, le projet peut inclure la cr\u00e9ation de mod\u00e8les pour les cartes de visite, les en-t\u00eates de lettres, les pr\u00e9sentations, les sites web (charte web), les brochures, les catalogues, les emballages, etc.  <\/p>\n\n\n\n<p>Ces r\u00e8gles graphiques permettent \u00e0 l&rsquo;entreprise de communiquer sur le march\u00e9 dans un environnement visuel homog\u00e8ne qui, au fil du temps, renforce la reconnaissance de la marque et construit son identit\u00e9 visuelle. Le client re\u00e7oit un guide de l&rsquo;identit\u00e9 de marque et du style d&rsquo;entreprise (style guide). Il s&rsquo;agit d&rsquo;un document qui est fourni \u00e0 chaque graphiste ou concepteur web afin qu&rsquo;il respecte le style d&rsquo;entreprise \u00e9tabli.  <\/p>\n\n\n\n<div style=\"height:25px\" aria-hidden=\"true\" class=\"wp-block-spacer\"><\/div>\n\n\n\n<blockquote class=\"wp-block-quote oble is-style-default has-base-background-color has-background is-layout-flow wp-block-quote-is-layout-flow\" style=\"border-radius:20px;border-right-color:#111111;border-right-width:5px;border-left-color:#111111;border-left-width:5px;padding-top:var(--wp--preset--spacing--30);padding-right:var(--wp--preset--spacing--40);padding-bottom:var(--wp--preset--spacing--30);padding-left:var(--wp--preset--spacing--40)\">\n<p class=\"has-large-font-size\">Le logo a d\u00e9j\u00e0 ses propres objectifs \u2013 \u00eatre attractif, simple \u00e0 comprendre, reconnaissable, original, durable, coh\u00e9rent\u2026<br>Donnons-lui une chance \u00e0 nous surprendre.<\/p>\n<\/blockquote>\n","protected":false},"excerpt":{"rendered":"<p>Votre logo est l&rsquo;\u00e9l\u00e9ment cl\u00e9 de l&rsquo;identit\u00e9 visuelle de la marque. Il est le visage de votre entreprise et cr\u00e9e la premi\u00e8re impression. Les qualit\u00e9s d&rsquo;un bon logo La cr\u00e9ation de logo est un processus Chaque concept et variante de logo est le r\u00e9sultat d&rsquo;un processus de travail ouvert, cr\u00e9atif, mais disciplin\u00e9. Il peut varier [&hellip;]<\/p>\n","protected":false},"author":1,"featured_media":0,"parent":0,"menu_order":0,"comment_status":"closed","ping_status":"closed","template":"","meta":{"_acf_changed":false,"footnotes":""},"class_list":["post-3460","page","type-page","status-publish","hentry"],"acf":[],"_links":{"self":[{"href":"https:\/\/zen.studio\/fr\/wp-json\/wp\/v2\/pages\/3460","targetHints":{"allow":["GET"]}}],"collection":[{"href":"https:\/\/zen.studio\/fr\/wp-json\/wp\/v2\/pages"}],"about":[{"href":"https:\/\/zen.studio\/fr\/wp-json\/wp\/v2\/types\/page"}],"author":[{"embeddable":true,"href":"https:\/\/zen.studio\/fr\/wp-json\/wp\/v2\/users\/1"}],"replies":[{"embeddable":true,"href":"https:\/\/zen.studio\/fr\/wp-json\/wp\/v2\/comments?post=3460"}],"version-history":[{"count":1,"href":"https:\/\/zen.studio\/fr\/wp-json\/wp\/v2\/pages\/3460\/revisions"}],"predecessor-version":[{"id":4347,"href":"https:\/\/zen.studio\/fr\/wp-json\/wp\/v2\/pages\/3460\/revisions\/4347"}],"wp:attachment":[{"href":"https:\/\/zen.studio\/fr\/wp-json\/wp\/v2\/media?parent=3460"}],"curies":[{"name":"wp","href":"https:\/\/api.w.org\/{rel}","templated":true}]}}