{"id":3473,"date":"2024-10-29T17:32:09","date_gmt":"2024-10-29T17:32:09","guid":{"rendered":"https:\/\/zen.studio\/creation-de-site-web-avec-wordpress\/"},"modified":"2026-01-18T05:51:08","modified_gmt":"2026-01-18T05:51:08","slug":"design-web","status":"publish","type":"page","link":"https:\/\/zen.studio\/fr\/design-web\/","title":{"rendered":"Cr\u00e9ation de site web avec WordPress"},"content":{"rendered":"\n<div class=\"wp-block-cover alignfull\" style=\"margin-top:0;margin-bottom:0;padding-top:var(--wp--preset--spacing--40);padding-right:var(--wp--preset--spacing--50);padding-bottom:var(--wp--preset--spacing--40);padding-left:var(--wp--preset--spacing--50)\"><span aria-hidden=\"true\" class=\"wp-block-cover__background has-contrast-background-color has-background-dim-100 has-background-dim\"><\/span><div class=\"wp-block-cover__inner-container has-global-padding is-layout-constrained wp-container-core-cover-is-layout-8da0c361 wp-block-cover-is-layout-constrained\">\n<div style=\"height:40px\" aria-hidden=\"true\" class=\"wp-block-spacer\"><\/div>\n\n\n\n<h2 class=\"wp-block-heading has-xx-large-font-size\">R\u00e9alisation de sites web d&rsquo;entreprise avec WordPress<\/h2>\n\n\n\n<div style=\"height:10px\" aria-hidden=\"true\" class=\"wp-block-spacer\"><\/div>\n\n\n\n<p class=\"has-text-align-left\" style=\"font-size:clamp(0.875rem, 0.875rem + ((1vw - 0.2rem) * 0.531), 1.3rem);\">Zen Studio cr\u00e9e de sites web avec un design \u00e9pur\u00e9 et marquant, en accord avec l&rsquo;identit\u00e9 visuelle de votre entreprise. WordPress est notre plateforme pr\u00e9f\u00e9r\u00e9e pour les sites web d&rsquo;entreprise et de e-commerce en raison des possibilit\u00e9s illimit\u00e9es en mati\u00e8re de design, d&rsquo;optimisation et de cr\u00e9ation de fonctionnalit\u00e9s suppl\u00e9mentaires. <\/p>\n\n\n\n<div style=\"height:10px\" aria-hidden=\"true\" class=\"wp-block-spacer\"><\/div>\n\n\n\n<div class=\"wp-block-boldblocks-counting-number has-text-align-left has-text-align-center has-base-color has-text-color has-link-color wp-elements-3e37a0145a0dfd3ffb954bb625ef8c1b\" style=\"border-style:none;border-width:0px;margin-top:0;margin-bottom:0;padding-top:0;padding-bottom:0;font-size:clamp(2.917rem, 2.917rem + ((1vw - 0.2rem) * 3.479), 5.7rem);line-height:1\"><span class=\"value\" data-value=\"40\" data-start-val=\"0\" data-duration=\"4\" data-separator=\",\" data-decimal=\".\" data-enable-scroll-spy=\"true\" data-scroll-spy-once=\"true\" data-scroll-spy-delay=\"0\" data-prefix=\"\" data-suffix=\"%\" aria-hidden=\"true\">0<\/span><span class=\"sr-value\">40<\/span><span class=\"suffix\">%<\/span><\/div>\n\n\n\n<p class=\"has-base-color has-text-color has-link-color wp-elements-3d716626bd743a83514a2a91be27a63b\">de tous les sites web utilisent WordPress,<br>et 60 % des sites avec CMS<\/p>\n\n\n\n<div style=\"height:40px\" aria-hidden=\"true\" class=\"wp-block-spacer\"><\/div>\n<\/div><\/div>\n\n\n\n<div class=\"wp-block-cover alignfull is-light\" style=\"margin-top:0;margin-bottom:0;padding-top:var(--wp--preset--spacing--40);padding-right:var(--wp--preset--spacing--50);padding-bottom:var(--wp--preset--spacing--40);padding-left:var(--wp--preset--spacing--50)\"><span aria-hidden=\"true\" class=\"wp-block-cover__background has-base-background-color has-background-dim-100 has-background-dim\"><\/span><div class=\"wp-block-cover__inner-container has-global-padding is-layout-constrained wp-container-core-cover-is-layout-8da0c361 wp-block-cover-is-layout-constrained\">\n<div style=\"height:40px\" aria-hidden=\"true\" class=\"wp-block-spacer\"><\/div>\n\n\n\n<blockquote class=\"wp-block-quote is-layout-flow wp-block-quote-is-layout-flow\">\n<p>Notre expertise combine la pr\u00e9cision technique et la ma\u00eetrise des applications web modernes afin de vous proposer des solutions compl\u00e8tes : UI\/UX, fonctionnalit\u00e9s client, r\u00e9dactionel et optimisation.<\/p>\n\n\n\n<div class=\"wp-block-columns is-not-stacked-on-mobile redesign is-layout-flex wp-container-core-columns-is-layout-28f84493 wp-block-columns-is-layout-flex\">\n<div class=\"wp-block-column is-vertically-aligned-center is-layout-flow wp-block-column-is-layout-flow\">\n<p class=\"has-text-align-right has-medium-font-size\">Ivan Dimitrov<br>Chef de projets web<\/p>\n<\/div>\n\n\n\n<div class=\"wp-block-column is-layout-flow wp-block-column-is-layout-flow\">\n<figure class=\"wp-block-image size-thumbnail is-style-rounded\"><img loading=\"lazy\" decoding=\"async\" width=\"150\" height=\"150\" src=\"https:\/\/zen.studio\/wp-content\/uploads\/2024\/10\/ivan-150x150.png\" alt=\"Ivan Dimitrov - chef de projet web et r\u00e9f\u00e9rencement chez Zen Studio\" class=\"wp-image-1463\" srcset=\"https:\/\/zen.studio\/wp-content\/uploads\/2024\/10\/ivan-150x150.png 150w, https:\/\/zen.studio\/wp-content\/uploads\/2024\/10\/ivan-300x300.png 300w, https:\/\/zen.studio\/wp-content\/uploads\/2024\/10\/ivan.png 504w\" sizes=\"auto, (max-width: 150px) 100vw, 150px\" \/><\/figure>\n<\/div>\n<\/div>\n<\/blockquote>\n\n\n\n<div style=\"height:40px\" aria-hidden=\"true\" class=\"wp-block-spacer\"><\/div>\n<\/div><\/div>\n\n\n\n<div class=\"wp-block-cover alignfull is-light\" style=\"margin-top:0;margin-bottom:0;padding-top:var(--wp--preset--spacing--40);padding-right:var(--wp--preset--spacing--50);padding-bottom:var(--wp--preset--spacing--40);padding-left:var(--wp--preset--spacing--50)\"><span aria-hidden=\"true\" class=\"wp-block-cover__background has-accent-1-background-color has-background-dim-100 has-background-dim\"><\/span><div class=\"wp-block-cover__inner-container has-global-padding is-layout-constrained wp-container-core-cover-is-layout-8da0c361 wp-block-cover-is-layout-constrained\">\n<div style=\"height:55px\" aria-hidden=\"true\" class=\"wp-block-spacer\"><\/div>\n\n\n\n<h2 class=\"wp-block-heading\">Quels types de sites web concevons-nous ?<\/h2>\n\n\n\n<details class=\"wp-block-details is-layout-flow wp-block-details-is-layout-flow\"><summary>Site web d&rsquo;entreprise<\/summary>\n<div class=\"wp-block-boldblocks-counting-number has-text-color has-link-color wp-elements-6485d623feb7c46aeb0ad03ec3a577e0\" style=\"color:#00cee5\"><span class=\"prefix\">\u00e0 partir de <\/span><span class=\"value\" data-value=\"1399\" data-start-val=\"0\" data-duration=\"2\" data-separator=\" \" data-decimal=\".\" data-enable-scroll-spy=\"true\" data-scroll-spy-once=\"true\" data-scroll-spy-delay=\"0\" data-prefix=\"\u043e\u0442 \" data-suffix=\" \u20ac\" aria-hidden=\"true\">0<\/span><span class=\"sr-value\">1399<\/span><span class=\"suffix\"> \u20ac<\/span><\/div>\n\n\n\n<p>Le support id\u00e9al pour pr\u00e9senter votre entreprise, vos produits et vos services, ainsi que pour mettre en \u0153uvre une strat\u00e9gie SEO \u00e0 long terme gr\u00e2ce au d\u00e9veloppement de contenu. Zen Studio se concentre sur le design, l&rsquo;image de marque et l&rsquo;information, tout en structurant et en optimisant le contenu en fonction des objectifs commerciaux. <\/p>\n\n\n\n<h4 class=\"wp-block-heading\">Que comprend ce pack ?<\/h4>\n\n\n\n<p>Conception et cr\u00e9ation d&rsquo;un site web &#8211; vitrine de votre activit\u00e9. Application des derni\u00e8res tendances techniques et frameworks lors de la cr\u00e9ation de l&rsquo;interface utilisateur &#8211; ergonomie, navigation, adaptabilit\u00e9 \u00e0 tous les appareils, r\u00e9f\u00e9rencement on-page. En g\u00e9n\u00e9ral, la structure informative d&rsquo;un site web d&rsquo;entreprise comprend :  <\/p>\n\n\n\n<ul class=\"wp-block-list\">\n<li>Page d&rsquo;accueil<\/li>\n\n\n\n<li>Plusieurs pages consacr\u00e9es \u00e0 diff\u00e9rents services\/produits<\/li>\n\n\n\n<li>Blog (ou Actualit\u00e9s) &#8211; pour d\u00e9velopper du contenu suppl\u00e9mentaire<\/li>\n\n\n\n<li>Formulaire de contact<\/li>\n\n\n\n<li>SEO de base<\/li>\n<\/ul>\n<\/details>\n\n\n\n<details class=\"wp-block-details is-layout-flow wp-block-details-is-layout-flow\"><summary>Site web avec fonctionnalit\u00e9s client<\/summary>\n<p>Lorsque vous avez besoin d&rsquo;une fonctionnalit\u00e9 suppl\u00e9mentaire pour votre entreprise qui n&rsquo;est pas propos\u00e9e en standard par WordPress, Zen Studio l&rsquo;ajoute. Il existe des milliers d&rsquo;extensions fonctionnelles, gratuites ou commerciales, qui enrichissent la plateforme avec des fonctionnalit\u00e9s personnalis\u00e9es. S&rsquo;il n&rsquo;existe pas de solution toute faite, notre studio la programmera.  <\/p>\n\n\n\n<p>Des exemples classiques de fonctionnalit\u00e9s additionnelles sont le support multilingue, le portfolio\/projets, le syst\u00e8me de r\u00e9servation, la synchronisation des calendriers, l&rsquo;int\u00e9gration des r\u00e9seaux sociaux, etc.<\/p>\n<\/details>\n\n\n\n<details class=\"wp-block-details is-layout-flow wp-block-details-is-layout-flow\"><summary>Site e-commerce<\/summary>\n<p>Pour nos clients int\u00e9ress\u00e9s par le commerce \u00e9lectronique, nous proposons l&rsquo;int\u00e9gration et la configuration de WooCommerce. <\/p>\n\n\n\n<p>WooCommerce est une puissante carte de shopping pour WordPress qui permet la gestion facile d&rsquo;une boutique en ligne. <\/p>\n\n\n\n<p>Zen Studio vous aide \u00e0 cr\u00e9er une boutique en ligne esth\u00e9tique et fonctionnelle, et \u00e0 int\u00e9grer des outils de paiement, de gestion des stocks et de marketing, afin d&rsquo;augmenter les ventes.<\/p>\n<\/details>\n\n\n\n<div style=\"height:55px\" aria-hidden=\"true\" class=\"wp-block-spacer\"><\/div>\n<\/div><\/div>\n\n\n\n<div class=\"wp-block-cover alignfull\" style=\"margin-top:0;margin-bottom:0;padding-top:var(--wp--preset--spacing--40);padding-right:var(--wp--preset--spacing--50);padding-bottom:var(--wp--preset--spacing--40);padding-left:var(--wp--preset--spacing--50)\"><span aria-hidden=\"true\" class=\"wp-block-cover__background has-contrast-background-color has-background-dim-100 has-background-dim\"><\/span><div class=\"wp-block-cover__inner-container has-global-padding is-layout-constrained wp-container-core-cover-is-layout-4ff75f1a wp-block-cover-is-layout-constrained\">\n<h3 class=\"wp-block-heading alignwide is-style-with-arrow has-base-2-color has-text-color has-link-color has-x-large-font-size wp-elements-7231333cf8bd5f8fb51aa5d0cf00ab3a\" style=\"text-transform:uppercase\"><a href=\"https:\/\/zen.studio\/fr\/contact\/\">Nous contacter<\/a><\/h3>\n\n\n\n<div style=\"height:30px\" aria-hidden=\"true\" class=\"wp-block-spacer\"><\/div>\n\n\n\n<p class=\"has-text-align-left\" style=\"font-size:clamp(0.984rem, 0.984rem + ((1vw - 0.2rem) * 0.645), 1.5rem);\" data-aos=\"fade-down\" data-aos-delay=\"100\">Notre \u00e9quipe combine des solutions innovantes et un design web ergonomique pour cr\u00e9er des sites uniques et fonctionnels qui r\u00e9pondent aux besoins sp\u00e9cifiques de votre entreprise. En mettant l&rsquo;accent sur l&rsquo;exp\u00e9rience utilisateur (UX), la s\u00e9curit\u00e9 et la visibilit\u00e9 (SEO), nous concevons des sites qui sont \u00e0 la fois esth\u00e9tiques et efficaces pour convertir vos prospects. <\/p>\n<\/div><\/div>\n\n\n\n<div class=\"wp-block-cover alignfull is-light\" style=\"margin-top:0;margin-bottom:0;padding-top:var(--wp--preset--spacing--40);padding-right:var(--wp--preset--spacing--50);padding-bottom:var(--wp--preset--spacing--40);padding-left:var(--wp--preset--spacing--50)\"><span aria-hidden=\"true\" class=\"wp-block-cover__background has-background-dim-100 has-background-dim\" style=\"background-color:#f9f9f9\"><\/span><div class=\"wp-block-cover__inner-container has-global-padding is-layout-constrained wp-container-core-cover-is-layout-8304368d wp-block-cover-is-layout-constrained\">\n<div style=\"height:40px\" aria-hidden=\"true\" class=\"wp-block-spacer\"><\/div>\n\n\n\n<h2 class=\"wp-block-heading\">Quelques-uns de nos projets<\/h2>\n\n\n\n<p>Conception, cr\u00e9ation et optimisation de<br>sites web d&rsquo;entreprise, propuls\u00e9s par<br>WordPress<\/p>\n\n\n\n<div style=\"height:40px\" aria-hidden=\"true\" class=\"wp-block-spacer\"><\/div>\n\n\n\n<figure class=\"wp-block-image aligncenter size-full\"><a href=\"https:\/\/zen.studio\/nat-food-firmen-site-logo\/\"><img loading=\"lazy\" decoding=\"async\" width=\"680\" height=\"610\" src=\"https:\/\/zen.studio\/wp-content\/uploads\/2025\/01\/food-website-design.jpg\" alt=\"Webdesign du site web de l'entreprise alimentaire NatFood avec WordPress\" class=\"wp-image-1766\" srcset=\"https:\/\/zen.studio\/wp-content\/uploads\/2025\/01\/food-website-design.jpg 680w, https:\/\/zen.studio\/wp-content\/uploads\/2025\/01\/food-website-design-300x269.jpg 300w\" sizes=\"auto, (max-width: 680px) 100vw, 680px\" \/><\/a><\/figure>\n\n\n\n<p class=\"has-text-align-center\" style=\"border-top-width:1px;padding-top:var(--wp--preset--spacing--20);padding-bottom:var(--wp--preset--spacing--20)\">Conception et r\u00e9alisation de site web pour un fabricant de produits alimentaires naturels.<\/p>\n\n\n\n<div style=\"height:40px\" aria-hidden=\"true\" class=\"wp-block-spacer\"><\/div>\n\n\n\n<figure class=\"wp-block-image aligncenter size-full\"><a href=\"https:\/\/newsystem.bg\/\" target=\"_blank\" rel=\" noreferrer noopener\"><img loading=\"lazy\" decoding=\"async\" width=\"680\" height=\"616\" src=\"https:\/\/zen.studio\/wp-content\/uploads\/2024\/06\/web-design.gif\" alt=\"Conception du site web d'un int\u00e9grateur de syst\u00e8mes BMS et automatismes des b\u00e2timents avec WordPress\" class=\"wp-image-793\"\/><\/a><\/figure>\n\n\n\n<p class=\"has-text-align-center\" style=\"border-top-width:1px;padding-top:var(--wp--preset--spacing--20);padding-bottom:var(--wp--preset--spacing--20)\">Conception et r\u00e9alisation du site web de NewSystem &#8211; int\u00e9grateur de syst\u00e8mes BMS<\/p>\n\n\n\n<div style=\"height:40px\" aria-hidden=\"true\" class=\"wp-block-spacer\"><\/div>\n\n\n\n<figure class=\"wp-block-image aligncenter size-full\"><a href=\"https:\/\/smartelectrix.bg\/\" target=\"_blank\" rel=\" noreferrer noopener\"><img loading=\"lazy\" decoding=\"async\" width=\"680\" height=\"610\" src=\"https:\/\/zen.studio\/wp-content\/uploads\/2024\/06\/solar-energy-webdesign.jpg\" alt=\"Conception web d'un site pour des syst\u00e8mes photovolta\u00efques avec WordPress\" class=\"wp-image-815\" srcset=\"https:\/\/zen.studio\/wp-content\/uploads\/2024\/06\/solar-energy-webdesign.jpg 680w, https:\/\/zen.studio\/wp-content\/uploads\/2024\/06\/solar-energy-webdesign-300x269.jpg 300w\" sizes=\"auto, (max-width: 680px) 100vw, 680px\" \/><\/a><\/figure>\n\n\n\n<p class=\"has-text-align-center\" style=\"border-top-width:1px;padding-top:var(--wp--preset--spacing--20);padding-bottom:var(--wp--preset--spacing--20)\">Conception et r\u00e9alisation de site web d&rsquo;entreprise pour int\u00e9grateur de syst\u00e8mes photovolta\u00efques<\/p>\n\n\n\n<div style=\"height:40px\" aria-hidden=\"true\" class=\"wp-block-spacer\"><\/div>\n<\/div><\/div>\n\n\n\n<div class=\"wp-block-cover alignfull is-light\" style=\"margin-top:0;margin-bottom:0\"><span aria-hidden=\"true\" class=\"wp-block-cover__background has-base-background-color has-background-dim-100 has-background-dim\"><\/span><div class=\"wp-block-cover__inner-container has-global-padding is-layout-constrained wp-container-core-cover-is-layout-a9039071 wp-block-cover-is-layout-constrained\">\n<div style=\"height:60px\" aria-hidden=\"true\" class=\"wp-block-spacer\"><\/div>\n\n\n\n<h2 class=\"wp-block-heading has-x-large-font-size\">Quelles sont les \u00e9tapes du d\u00e9v\u00e9loppement d&rsquo;un site web d&rsquo;entreprise ?<\/h2>\n\n\n\n<p>Chez Zen Studio, nous suivons un processus de travail bien d\u00e9fini afin de garantir la qualit\u00e9 de nos services.<\/p>\n\n\n\n<figure class=\"wp-block-image size-full\"><img loading=\"lazy\" decoding=\"async\" width=\"1280\" height=\"190\" src=\"https:\/\/zen.studio\/wp-content\/uploads\/2024\/10\/webdesign-project-stages.png\" alt=\"Processus de cr\u00e9ation d'un site web d'entreprise\" class=\"wp-image-1506\" srcset=\"https:\/\/zen.studio\/wp-content\/uploads\/2024\/10\/webdesign-project-stages.png 1280w, https:\/\/zen.studio\/wp-content\/uploads\/2024\/10\/webdesign-project-stages-300x45.png 300w, https:\/\/zen.studio\/wp-content\/uploads\/2024\/10\/webdesign-project-stages-1024x152.png 1024w, https:\/\/zen.studio\/wp-content\/uploads\/2024\/10\/webdesign-project-stages-768x114.png 768w\" sizes=\"auto, (max-width: 1280px) 100vw, 1280px\" \/><\/figure>\n\n\n\n<div style=\"height:30px\" aria-hidden=\"true\" class=\"wp-block-spacer\"><\/div>\n\n\n\n<details class=\"wp-block-details is-layout-flow wp-block-details-is-layout-flow\"><summary>\u00c9tape 1 | Briefing et cahier des charges du client<\/summary>\n<p>C&rsquo;est notre premi\u00e8re r\u00e9union pour discuter les sp\u00e9cifications du projet de cr\u00e9ation du site web de votre entreprise. L&rsquo;objectif de ce briefing est de d\u00e9finir un maximum de param\u00e8tres qui serviront de crit\u00e8res objectifs pour la validation de chaque \u00e9tape suivante. <\/p>\n\n\n\n<p>Il est souhaitable que vous pr\u00e9pariez les informations suivantes :<\/p>\n\n\n\n<ul class=\"wp-block-list\">\n<li>Pr\u00e9sentation de l&rsquo;entreprise et de ses activit\u00e9s ;<\/li>\n\n\n\n<li>Informations marketing sur les clients potentiels et les concurrents ;<\/li>\n\n\n\n<li>Identit\u00e9 visuelle &#8211; logo \/ charte graphique (le cas \u00e9ch\u00e9ant) ;<\/li>\n\n\n\n<li>Description des fonctionnalit\u00e9s m\u00e9tier sp\u00e9cifiques du site (s&rsquo;il y en a) ;<\/li>\n\n\n\n<li>Parcourir le contenu disponible : textes, photos, vid\u00e9os&#8230;<\/li>\n<\/ul>\n\n\n\n<p><\/p>\n<\/details>\n\n\n\n<details class=\"wp-block-details is-layout-flow wp-block-details-is-layout-flow\"><summary>\u00c9tape 2 | Validation de notre proposition commerciale<\/summary>\n<p>Sur la base de notre briefing, nous vous enverrons un devis d\u00e9taill\u00e9 comprenant :<\/p>\n\n\n\n<ul class=\"wp-block-list\">\n<li>Les \u00e9tapes du projet ;<\/li>\n\n\n\n<li>Le d\u00e9roulement de chaque \u00e9tape et sa validation ;<\/li>\n\n\n\n<li>Structure d\u00e9taill\u00e9e du site web (quelles pages sont cr\u00e9\u00e9es) ;<\/li>\n\n\n\n<li>Cadre technique ;<\/li>\n\n\n\n<li>\u00c9ch\u00e9ancier ;<\/li>\n\n\n\n<li>Prix et mode de paiement.<\/li>\n<\/ul>\n<\/details>\n\n\n\n<details class=\"wp-block-details is-layout-flow wp-block-details-is-layout-flow\"><summary>\u00c9tape 3 | Validation du design<\/summary>\n<p>Nous vous pr\u00e9sentons ici des aper\u00e7us statiques (PDF) des pages principales du site web, r\u00e9alis\u00e9s par notre graphiste. Ils contiennent la mise en page, la palette de couleurs, la typographie et la navigation d\u00e9velopp\u00e9es et donnent une id\u00e9e r\u00e9elle de ce \u00e0 quoi ressemblera le futur site. Nous pouvons \u00e9galement r\u00e9aliser une maquette sur Figma, si vous le souhaitez (co\u00fbt additionnel). <\/p>\n\n\n\n<p><strong>Important<\/strong> ! Le design et le contenu forment l&rsquo;ensemble. Pour la phase de conception, il est essentiel de travailler avec un contenu aussi r\u00e9aliste que possible (texte\/messages, photos, vid\u00e9os). <\/p>\n\n\n\n<p>Une fois le design valid\u00e9, la cr\u00e9ation du site web peut commencer.<\/p>\n<\/details>\n\n\n\n<details class=\"wp-block-details is-layout-flow wp-block-details-is-layout-flow\"><summary>\u0415\u0442\u0430\u043f 4 | \u0418\u0437\u0433\u0440\u0430\u0436\u0434\u0430\u043d\u0435 \u0438 \u043e\u043f\u0442\u0438\u043c\u0438\u0437\u0430\u0446\u0438\u044f \u043d\u0430 \u0443\u0435\u0431\u0441\u0430\u0439\u0442\u0430<\/summary>\n<p>Nous \u00e9laborons votre site web conform\u00e9ment au design valid\u00e9.<br>Nous installons ou programmons les fonctionnalit\u00e9s suppl\u00e9mentaires n\u00e9cessaires.<br><a href=\"https:\/\/zen.studio\/fr\/on-site-seo-geo\/\" data-type=\"page\" data-id=\"3103\">L&rsquo;optimisation SEO<\/a> de base est faite pour chaque page.<br>Le contenu et le code sont \u00e9galement optimis\u00e9s pour une vitesse de chargement maximale.<\/p>\n\n\n\n<p>Le d\u00e9veloppement du site est r\u00e9alis\u00e9 sur un serveur propre \u00e0 Zen Studio.<br>Une fois le site web pr\u00eat et approuv\u00e9, il sera transf\u00e9r\u00e9 vers votre h\u00e9bergeur. Apr\u00e8s le transfert, nous effectuerons tous les r\u00e9glages suppl\u00e9mentaires n\u00e9cessaires aupr\u00e8s de votre h\u00e9bergeur, tels que SSL, mise en cache, cr\u00e9ation de comptes e-mail, etc. <\/p>\n<\/details>\n\n\n\n<div style=\"height:30px\" aria-hidden=\"true\" class=\"wp-block-spacer\"><\/div>\n\n\n\n<h2 class=\"wp-block-heading\">Pourquoi WordPress <span class=\"teaser\">et pourquoi choisir Zen Studio ?<\/span><\/h2>\n\n\n\n<details class=\"wp-block-details is-layout-flow wp-block-details-is-layout-flow\"><summary>Les avantages de WordPress<\/summary>\n<p>WordPress est la plateforme pr\u00e9f\u00e9r\u00e9e de nombreuses entreprises et start-ups gr\u00e2ce \u00e0 ses avantages pour le client final :<\/p>\n\n\n\n<ol class=\"wp-block-list\">\n<li><strong>Gestion facile du site<\/strong> : WordPress offre une interface intuitive qui permet aux utilisateurs de g\u00e9rer leur contenu sans comp\u00e9tences techniques pointues.<\/li>\n\n\n\n<li><strong>Flexibilit\u00e9<\/strong> : personnalisation des fonctionnalit\u00e9s de votre site web en fonction des besoins de votre entreprise.<\/li>\n\n\n\n<li><strong>Optimisation SEO<\/strong> : WordPress est structur\u00e9 de mani\u00e8re \u00e0 faciliter l&rsquo;optimisation pour les moteurs de recherche, ce qui est essentiel pour votre visibilit\u00e9 en ligne.<\/li>\n\n\n\n<li>S\u00e9curit\u00e9 et fiabilit\u00e9 : mises \u00e0 jour fr\u00e9quentes et d\u00e9veloppement constant de nouvelles solutions de cybers\u00e9curit\u00e9.<\/li>\n<\/ol>\n<\/details>\n\n\n\n<details class=\"wp-block-details is-layout-flow wp-block-details-is-layout-flow\"><summary>Les avantages de Zen Studio<\/summary>\n<div class=\"wp-block-cover alignfull is-light\" style=\"margin-top:0;margin-bottom:0;padding-right:var(--wp--preset--spacing--40);padding-left:var(--wp--preset--spacing--40);min-height:350px;aspect-ratio:unset;\" data-aos=\"fade-up\"><span aria-hidden=\"true\" class=\"wp-block-cover__background has-background-dim-100 has-background-dim\" style=\"background-color:#f1f55f\"><\/span><div class=\"wp-block-cover__inner-container has-global-padding is-layout-constrained wp-container-core-cover-is-layout-9b4de0b0 wp-block-cover-is-layout-constrained\">\n<blockquote class=\"wp-block-quote is-style-plain is-layout-flow wp-block-quote-is-layout-flow is-style-plain--1\" style=\"font-size:clamp(0.984rem, 0.984rem + ((1vw - 0.2rem) * 0.645), 1.5rem);\">\n<div style=\"height:20px\" aria-hidden=\"true\" class=\"wp-block-spacer\"><\/div>\n\n\n\n<p class=\"has-text-align-left\" style=\"font-size:clamp(0.984rem, 0.984rem + ((1vw - 0.2rem) * 0.645), 1.5rem);\" data-aos=\"fade-down\" data-aos-delay=\"100\">Avec nous, vous obtenez non seulement un site web, mais aussi un <strong>partenaire strat\u00e9gique<\/strong> qui comprend vos objectifs et vous aide \u00e0 les atteindre. C&rsquo;est pourquoi Zen Studio s&rsquo;engage \u00e0 long terme et propose des services de maintenance, de <a href=\"https:\/\/zen.studio\/fr\/seo-copywriting\/\">d\u00e9veloppement de contenu\/SEO<\/a> et de campagnes num\u00e9riques sur les r\u00e9seaux sociaux et Google Ads. Ils vous aident \u00e0 transformer votre \u00ab pr\u00e9sence \u00bb num\u00e9rique en une r\u00e9ussite commerciale !  <\/p>\n\n\n\n<div style=\"height:20px\" aria-hidden=\"true\" class=\"wp-block-spacer\"><\/div>\n<\/blockquote>\n<\/div><\/div>\n<\/details>\n\n\n\n<div style=\"height:30px\" aria-hidden=\"true\" class=\"wp-block-spacer\"><\/div>\n\n\n\n<h2 class=\"wp-block-heading has-text-align-left has-x-large-font-size\">Votre site web d&rsquo;entreprise est en ligne. <span class=\"teaser\">Faisons-en le moteur de votre business !<\/span><\/h2>\n\n\n\n<div style=\"height:30px\" aria-hidden=\"true\" class=\"wp-block-spacer\"><\/div>\n\n\n\n<div class=\"wp-block-group cta-service has-global-padding is-layout-constrained wp-block-group-is-layout-constrained\">\n<figure class=\"wp-block-image size-full\"><img loading=\"lazy\" decoding=\"async\" width=\"960\" height=\"500\" src=\"https:\/\/zen.studio\/wp-content\/uploads\/2026\/01\/keywords-seo-research.png\" alt=\"SEO, GEO et campagnes num\u00e9riques\" class=\"wp-image-3156\" srcset=\"https:\/\/zen.studio\/wp-content\/uploads\/2026\/01\/keywords-seo-research.png 960w, https:\/\/zen.studio\/wp-content\/uploads\/2026\/01\/keywords-seo-research-300x156.png 300w, https:\/\/zen.studio\/wp-content\/uploads\/2026\/01\/keywords-seo-research-768x400.png 768w\" sizes=\"auto, (max-width: 960px) 100vw, 960px\" \/><\/figure>\n\n\n\n<h2 class=\"wp-block-heading\">Visibilit\u00e9<\/h2>\n\n\n\n<p>Chaque site web cr\u00e9\u00e9 par Zen Studio est optimis\u00e9 techniquement et structurellement pour un bon r\u00e9f\u00e9rencement naturel. Nous proposons \u00e9galement des services avanc\u00e9s de r\u00e9f\u00e9rencement et de g\u00e9olocalisation, ainsi que la gestion de campagnes num\u00e9riques sur les r\u00e9seaux sociaux et Google Ads, afin de garantir un trafic qualifi\u00e9. <\/p>\n\n\n\n<div class=\"wp-block-buttons is-layout-flex wp-block-buttons-is-layout-flex\">\n<div class=\"wp-block-button is-style-outline is-style-outline--2\"><a class=\"wp-block-button__link wp-element-button\" href=\"https:\/\/zen.studio\/fr\/on-site-seo-geo\/\" style=\"border-top-left-radius:0px;border-top-right-radius:0px;border-bottom-left-radius:0px;border-bottom-right-radius:0px\">On-site SEO et GEO<\/a><\/div>\n\n\n\n<div class=\"wp-block-button is-style-outline is-style-outline--3\"><a class=\"wp-block-button__link wp-element-button\" href=\"https:\/\/zen.studio\/fr\/campagnes-marketing-digitales\/\" style=\"border-top-left-radius:0px;border-top-right-radius:0px;border-bottom-left-radius:0px;border-bottom-right-radius:0px\">Campagnes digitales<\/a><\/div>\n<\/div>\n<\/div>\n\n\n\n<div style=\"height:30px\" aria-hidden=\"true\" class=\"wp-block-spacer\"><\/div>\n<\/div><\/div>\n","protected":false},"excerpt":{"rendered":"","protected":false},"author":1,"featured_media":3474,"parent":0,"menu_order":0,"comment_status":"closed","ping_status":"closed","template":"","meta":{"_acf_changed":false,"footnotes":""},"class_list":["post-3473","page","type-page","status-publish","has-post-thumbnail","hentry"],"acf":[],"_links":{"self":[{"href":"https:\/\/zen.studio\/fr\/wp-json\/wp\/v2\/pages\/3473","targetHints":{"allow":["GET"]}}],"collection":[{"href":"https:\/\/zen.studio\/fr\/wp-json\/wp\/v2\/pages"}],"about":[{"href":"https:\/\/zen.studio\/fr\/wp-json\/wp\/v2\/types\/page"}],"author":[{"embeddable":true,"href":"https:\/\/zen.studio\/fr\/wp-json\/wp\/v2\/users\/1"}],"replies":[{"embeddable":true,"href":"https:\/\/zen.studio\/fr\/wp-json\/wp\/v2\/comments?post=3473"}],"version-history":[{"count":0,"href":"https:\/\/zen.studio\/fr\/wp-json\/wp\/v2\/pages\/3473\/revisions"}],"wp:featuredmedia":[{"embeddable":true,"href":"https:\/\/zen.studio\/fr\/wp-json\/wp\/v2\/media\/3474"}],"wp:attachment":[{"href":"https:\/\/zen.studio\/fr\/wp-json\/wp\/v2\/media?parent=3473"}],"curies":[{"name":"wp","href":"https:\/\/api.w.org\/{rel}","templated":true}]}}