{"id":3487,"date":"2025-01-11T17:35:02","date_gmt":"2025-01-11T17:35:02","guid":{"rendered":"https:\/\/zen.studio\/design-graphique-de-brochures-imprimees-et-numeriques\/"},"modified":"2026-01-20T07:37:46","modified_gmt":"2026-01-20T07:37:46","slug":"design-de-brochure","status":"publish","type":"page","link":"https:\/\/zen.studio\/fr\/design-de-brochure\/","title":{"rendered":"Design graphique de brochures imprim\u00e9es et num\u00e9riques"},"content":{"rendered":"\n<figure class=\"wp-block-image size-full\"><img loading=\"lazy\" decoding=\"async\" width=\"940\" height=\"627\" src=\"https:\/\/zen.studio\/wp-content\/uploads\/2024\/06\/etem-catalogs-brochures-design.jpg\" alt=\"Conception de brochures pour des mat\u00e9riaux de construction\" class=\"wp-image-546\" srcset=\"https:\/\/zen.studio\/wp-content\/uploads\/2024\/06\/etem-catalogs-brochures-design.jpg 940w, https:\/\/zen.studio\/wp-content\/uploads\/2024\/06\/etem-catalogs-brochures-design-300x200.jpg 300w, https:\/\/zen.studio\/wp-content\/uploads\/2024\/06\/etem-catalogs-brochures-design-768x512.jpg 768w\" sizes=\"auto, (max-width: 940px) 100vw, 940px\" \/><figcaption class=\"wp-element-caption\">Conception de brochures produits pour showroom et r\u00e9unions commerciales.<br>Client : ETEM<\/figcaption><\/figure>\n\n\n\n<div style=\"height:20px\" aria-hidden=\"true\" class=\"wp-block-spacer\"><\/div>\n\n\n\n<h2 class=\"wp-block-heading has-x-large-font-size\" id=\"why-you-need-a-brochure\">Une brochure imprim\u00e9e ?<\/h2>\n\n\n\n<p>Dans le contexte des strat\u00e9gies digitales sans papier, les brochures peuvent para\u00eetre comme une relique du pass\u00e9. D&rsquo;un autre c\u00f4t\u00e9, la communication d&rsquo;entreprise est un syst\u00e8me fragile qui doit tenir compte des canaux d&rsquo;acc\u00e8s au march\u00e9 et de leurs besoins. Malgr\u00e9 les nombreuses ressources en ligne, les brochures restent un outil pr\u00e9cieux pour les organisations qui souhaitent conqu\u00e9rir de nouveaux clients.  <\/p>\n\n\n\n<details class=\"wp-block-details is-layout-flow wp-block-details-is-layout-flow\"><summary>La brochure est-elle n\u00e9cessaire pour votre entreprise ?<\/summary>\n<p>Oui, lorsque le processus commercial repose sur des interactions en face \u00e0 face. Contrairement \u00e0 un site web ou \u00e0 un e-mail, une brochure est un objet physique. Elle est tenue dans la main et peut \u00eatre transmise, cr\u00e9ant ainsi un lien entre le commer\u00e7ant et le client et lui donnant le sentiment de recevoir quelque chose. Cette mat\u00e9rialit\u00e9 les rend \u00e9galement plus m\u00e9morables lors de la transmission d&rsquo;informations. La brochure reste chez le client, tandis que le site web peut \u00eatre oubli\u00e9 ou perdu dans la multitude d&rsquo;onglets ouverts.    <\/p>\n<\/details>\n\n\n\n<details class=\"wp-block-details is-layout-flow wp-block-details-is-layout-flow\"><summary>Usages de la brochure imprim\u00e9e :<\/summary>\n<ul class=\"wp-block-list\">\n<li><strong>Rencontres avec les clients<\/strong>. La qualit\u00e9 du graphisme et la structure de la brochure contribuent \u00e0 appuyer les arguments commerciaux de mani\u00e8re concise et claire. <\/li>\n\n\n\n<li><strong>Salons professionnels et showroom<\/strong>. La brochure rappelle aux clients potentiels ce que vous proposez et instaure un climat de confiance. <\/li>\n\n\n\n<li><strong>Mailing \u00e0 des clients cibles<\/strong>. L\u00e0 o\u00f9 l&rsquo;appel t\u00e9l\u00e9phonique ne passe pas la secr\u00e9taire et o\u00f9 votre e-mail est class\u00e9 dans les spams, la brochure imprim\u00e9e atteint souvent son objectif. <\/li>\n<\/ul>\n<\/details>\n\n\n\n<div style=\"height:25px\" aria-hidden=\"true\" class=\"wp-block-spacer\"><\/div>\n\n\n\n<div class=\"wp-block-cover is-light\" style=\"padding-top:var(--wp--preset--spacing--30);padding-right:var(--wp--preset--spacing--50);padding-bottom:var(--wp--preset--spacing--30);padding-left:var(--wp--preset--spacing--50);min-height:260px;aspect-ratio:unset;\"><span aria-hidden=\"true\" class=\"wp-block-cover__background has-accent-1-background-color has-background-dim-100 has-background-dim\"><\/span><div class=\"wp-block-cover__inner-container has-global-padding is-layout-constrained wp-container-core-cover-is-layout-c86a0911 wp-block-cover-is-layout-constrained\">\n<div style=\"height:25px\" aria-hidden=\"true\" class=\"wp-block-spacer\"><\/div>\n\n\n\n<blockquote class=\"wp-block-quote is-style-plain is-layout-flow wp-block-quote-is-layout-flow is-style-plain--1\" style=\"border-width:1px\">\n<p class=\"has-large-font-size\">Les brochures imprim\u00e9es compl\u00e8tent votre strat\u00e9gie digitale et constituent un canal de communication vers des clients cibl\u00e9s. Elles offrent des possibilit\u00e9s \u00e9tendues en mati\u00e8re de mise en page, de structuration et de conception graphique, tout en renfor\u00e7ant l&rsquo;image de marque et en transmettant l&rsquo;information de mani\u00e8re plus m\u00e9morable. <\/p>\n<\/blockquote>\n\n\n\n<div style=\"height:5px\" aria-hidden=\"true\" class=\"wp-block-spacer\"><\/div>\n<\/div><\/div>\n\n\n\n<div style=\"height:25px\" aria-hidden=\"true\" class=\"wp-block-spacer\"><\/div>\n\n\n\n<figure class=\"wp-block-image size-full\"><img loading=\"lazy\" decoding=\"async\" width=\"940\" height=\"627\" src=\"https:\/\/zen.studio\/wp-content\/uploads\/2024\/06\/cosmetics-brochure-print-design.jpg\" alt=\"\" class=\"wp-image-531\" srcset=\"https:\/\/zen.studio\/wp-content\/uploads\/2024\/06\/cosmetics-brochure-print-design.jpg 940w, https:\/\/zen.studio\/wp-content\/uploads\/2024\/06\/cosmetics-brochure-print-design-300x200.jpg 300w, https:\/\/zen.studio\/wp-content\/uploads\/2024\/06\/cosmetics-brochure-print-design-768x512.jpg 768w\" sizes=\"auto, (max-width: 940px) 100vw, 940px\" \/><figcaption class=\"wp-element-caption\">Conception d&rsquo;une brochure produit pour des cosm\u00e9tiques bio \u2013 pour les salons et les points de vente.<br>Client : arb\u00fc<\/figcaption><\/figure>\n\n\n\n<div style=\"height:40px\" aria-hidden=\"true\" class=\"wp-block-spacer\"><\/div>\n\n\n\n<h2 class=\"wp-block-heading has-x-large-font-size\" id=\"benefits-digital-brochure\">Conception de brochures \u00e9lectroniques au format PDF <span class=\"teaser\">Quels sont les b\u00e9n\u00e9fices ?<\/span><\/h2>\n\n\n\n<p>Lorsque Zen Studio r\u00e9alise un projet de <strong>conception graphique et d&rsquo;impression d&rsquo;une brochure d&rsquo;entreprise<\/strong>, nous la pr\u00e9parons toujours au format PDF num\u00e9rique, optimis\u00e9 pour le web et l&rsquo;envoi par e-mail. Nous concevons \u00e9galement des brochures PDF interactives, qui sont diffus\u00e9es uniquement par voie \u00e9lectronique. <\/p>\n\n\n\n<details class=\"wp-block-details is-layout-flow wp-block-details-is-layout-flow\"><summary>Avantages des brochures digitales<\/summary>\n<p>Les brochures digitales sont un moyen de communication numerique. Elles n&rsquo;ont pas les avantages des brochures imprim\u00e9es, mais offrent de nombreux avantages en termes de visualisation \u00e0 l&rsquo;\u00e9cran par rapport \u00e0 d&rsquo;autres m\u00e9dias num\u00e9riques : <\/p>\n\n\n\n<ul class=\"wp-block-list\">\n<li><strong>Plus de flexibilit\u00e9 dans la mise en page et la conception graphique<\/strong>, meilleure pr\u00e9sentation et structure des pr\u00e9sentations que sur les pages Web ou les r\u00e9seaux sociaux.<\/li>\n\n\n\n<li><strong>Interactivit\u00e9<\/strong> \u2013 possibilit\u00e9 de cr\u00e9er des hyperliens \u00e0 partir du contenu et entre les pages, des formulaires de contact, etc.<\/li>\n\n\n\n<li><strong>SEO<\/strong> \u2013 lorsque vous les publiez sur votre site web, le contenu des brochures digitales est visible pour les moteurs de recherche. Elles font partie int\u00e9grante de votre <a href=\"https:\/\/zen.studio\/fr\/seo-copywriting\/\">optimisation SEO<\/a> et de votre r\u00e9f\u00e9rencement. <\/li>\n\n\n\n<li><strong>Diffusion en ligne et hors ligne<\/strong> \u2013 via un site web, les r\u00e9seaux sociaux ou par e-mail, mais pouvent \u00eatre conserv\u00e9s pour consultation sans connexion Internet.<\/li>\n\n\n\n<li><strong>Meilleure lisibilit\u00e9<\/strong> et possibilit\u00e9s d&rsquo;agrandissement des \u00e9l\u00e9ments graphiques gr\u00e2ce \u00e0 l&rsquo;utilisation de formats vectoriels.<\/li>\n\n\n\n<li><strong>Repr\u00e9sentation visuelle plus fid\u00e8le<\/strong> de la marque et des produits gr\u00e2ce aux couleurs CMYK et \u00e0 une typographie conforme \u00e0 la charte graphique de l&rsquo;entreprise.<\/li>\n<\/ul>\n<\/details>\n\n\n\n<div style=\"height:40px\" aria-hidden=\"true\" class=\"wp-block-spacer\"><\/div>\n\n\n\n<figure class=\"wp-block-image size-full\"><img loading=\"lazy\" decoding=\"async\" width=\"940\" height=\"560\" src=\"https:\/\/zen.studio\/wp-content\/uploads\/2025\/01\/renault-brochures-bulgarie.jpg\" alt=\"Conception et adaptation de brochures pour Renault-Nissan\" class=\"wp-image-1671\" srcset=\"https:\/\/zen.studio\/wp-content\/uploads\/2025\/01\/renault-brochures-bulgarie.jpg 940w, https:\/\/zen.studio\/wp-content\/uploads\/2025\/01\/renault-brochures-bulgarie-300x179.jpg 300w, https:\/\/zen.studio\/wp-content\/uploads\/2025\/01\/renault-brochures-bulgarie-768x458.jpg 768w\" sizes=\"auto, (max-width: 940px) 100vw, 940px\" \/><figcaption class=\"wp-element-caption\">Adaptation, pr\u00e9-impression et contr\u00f4le de l&rsquo;impression de brochures d&rsquo;entreprise.<br>Client : Renault-Nissan Bulgarie<\/figcaption><\/figure>\n\n\n\n<div style=\"height:25px\" aria-hidden=\"true\" class=\"wp-block-spacer\"><\/div>\n\n\n\n<figure class=\"wp-block-image size-full\"><img loading=\"lazy\" decoding=\"async\" width=\"940\" height=\"627\" src=\"https:\/\/zen.studio\/wp-content\/uploads\/2024\/06\/odace-catalogue-design.jpg\" alt=\"Conception et impression d'une brochure pour le lancement d'une gamme d'ultra-terminaux\" class=\"wp-image-582\" srcset=\"https:\/\/zen.studio\/wp-content\/uploads\/2024\/06\/odace-catalogue-design.jpg 940w, https:\/\/zen.studio\/wp-content\/uploads\/2024\/06\/odace-catalogue-design-300x200.jpg 300w, https:\/\/zen.studio\/wp-content\/uploads\/2024\/06\/odace-catalogue-design-768x512.jpg 768w\" sizes=\"auto, (max-width: 940px) 100vw, 940px\" \/><figcaption class=\"wp-element-caption\">Conception d&rsquo;une brochure produit pour le lancement de la gamme de interrupteurs et de prises Odace.<br>Client : <strong>Schneider Electric Bulgarie<\/strong><\/figcaption><\/figure>\n\n\n\n<div style=\"height:20px\" aria-hidden=\"true\" class=\"wp-block-spacer\"><\/div>\n\n\n\n<h2 class=\"wp-block-heading\" id=\"brochure-design-process\">Processus de conception d&rsquo;une brochure<\/h2>\n\n\n\n<p>Comme pour tout projet cr\u00e9atif, la cr\u00e9ation d&rsquo;une brochure commence par un briefing avec le client. \u00c0 ce stade, nous pr\u00e9cisons les objectifs et le contenu de la brochure, les messages cl\u00e9s, les r\u00e8gles graphiques et l&rsquo;identit\u00e9 visuelle de l&rsquo;entreprise, nous examinons l&rsquo;imagerie disponible ou les besoins en la mati\u00e8re. Nous fixons un d\u00e9lai pour la conception et la r\u00e9alisation de la brochure et \u00e9tablissons un devis.   <\/p>\n\n\n\n<p>L&rsquo;une des r\u00e8gles fondamentales auxquelles nous adh\u00e9rons (apprise \u00e0 la dure) est de rassembler, traiter et valider avec le client l&rsquo;ensemble du contenu avant de proc\u00e9der \u00e0 la conception graphique de la brochure. Le design suit le contenu, et non l&rsquo;inverse. <\/p>\n\n\n\n<p>Vous pouvez \u00e9galement nous confier l&rsquo;impression ! Nous disposons d&rsquo;une grande exp\u00e9rience et de connaissances sp\u00e9cialis\u00e9es dans tous les domaines du graphisme, du pr\u00e9presse et du contr\u00f4le d&rsquo;impression. Nous connaissons les capacit\u00e9s et les technologies de toutes les imprimeries \u00e0 Sofia et vous pouvez \u00eatre s\u00fbr que nous utiliserons les mat\u00e9riaux et le proc\u00e9d\u00e9 d&rsquo;impression parfaits pour votre brochure. Notre \u00e9quipe cr\u00e9ative peut vous recommander des finitions d&rsquo;impression, des couchages et des vernis s\u00e9lectifs qui laisseront une impression durable \u00e0 vos clients. Chez Zen Studio, nous g\u00e9rons l&rsquo;ensemble du processus, de la conception graphique \u00e0 la brochure imprim\u00e9e et digitale finale.    <\/p>\n","protected":false},"excerpt":{"rendered":"<p>Une brochure imprim\u00e9e ? Dans le contexte des strat\u00e9gies digitales sans papier, les brochures peuvent para\u00eetre comme une relique du pass\u00e9. D&rsquo;un autre c\u00f4t\u00e9, la communication d&rsquo;entreprise est un syst\u00e8me fragile qui doit tenir compte des canaux d&rsquo;acc\u00e8s au march\u00e9 et de leurs besoins. Malgr\u00e9 les nombreuses ressources en ligne, les brochures restent un outil [&hellip;]<\/p>\n","protected":false},"author":1,"featured_media":0,"parent":0,"menu_order":0,"comment_status":"closed","ping_status":"closed","template":"","meta":{"_acf_changed":false,"footnotes":""},"class_list":["post-3487","page","type-page","status-publish","hentry"],"acf":[],"_links":{"self":[{"href":"https:\/\/zen.studio\/fr\/wp-json\/wp\/v2\/pages\/3487","targetHints":{"allow":["GET"]}}],"collection":[{"href":"https:\/\/zen.studio\/fr\/wp-json\/wp\/v2\/pages"}],"about":[{"href":"https:\/\/zen.studio\/fr\/wp-json\/wp\/v2\/types\/page"}],"author":[{"embeddable":true,"href":"https:\/\/zen.studio\/fr\/wp-json\/wp\/v2\/users\/1"}],"replies":[{"embeddable":true,"href":"https:\/\/zen.studio\/fr\/wp-json\/wp\/v2\/comments?post=3487"}],"version-history":[{"count":0,"href":"https:\/\/zen.studio\/fr\/wp-json\/wp\/v2\/pages\/3487\/revisions"}],"wp:attachment":[{"href":"https:\/\/zen.studio\/fr\/wp-json\/wp\/v2\/media?parent=3487"}],"curies":[{"name":"wp","href":"https:\/\/api.w.org\/{rel}","templated":true}]}}