{"id":3512,"date":"2025-12-10T07:38:58","date_gmt":"2025-12-10T07:38:58","guid":{"rendered":"https:\/\/zen.studio\/catalog-design\/"},"modified":"2026-01-20T07:40:52","modified_gmt":"2026-01-20T07:40:52","slug":"design-catalogue","status":"publish","type":"page","link":"https:\/\/zen.studio\/fr\/design-catalogue\/","title":{"rendered":"Catalog Design"},"content":{"rendered":"\n<figure class=\"wp-block-image size-full\"><img loading=\"lazy\" decoding=\"async\" width=\"940\" height=\"560\" src=\"https:\/\/zen.studio\/wp-content\/uploads\/2025\/12\/massive-se-tech-catalogs.jpg\" alt=\"Technical catalogs design for Schneider Electric\" class=\"wp-image-2483\" srcset=\"https:\/\/zen.studio\/wp-content\/uploads\/2025\/12\/massive-se-tech-catalogs.jpg 940w, https:\/\/zen.studio\/wp-content\/uploads\/2025\/12\/massive-se-tech-catalogs-300x179.jpg 300w, https:\/\/zen.studio\/wp-content\/uploads\/2025\/12\/massive-se-tech-catalogs-768x458.jpg 768w\" sizes=\"auto, (max-width: 940px) 100vw, 940px\" \/><figcaption class=\"wp-element-caption\">Design, prepress &amp; print of technical catalogs for Schneider Electric<\/figcaption><\/figure>\n\n\n\n<div style=\"height:30px\" aria-hidden=\"true\" class=\"wp-block-spacer\"><\/div>\n\n\n\n<h2 class=\"wp-block-heading\">Est-ce que les entreprises ont besoin de catalogues imprim\u00e9s \u00e0 l&rsquo;\u00e8re num\u00e9rique ?<\/h2>\n\n\n\n<div style=\"height:5px\" aria-hidden=\"true\" class=\"wp-block-spacer\"><\/div>\n\n\n\n<p>Les plateformes digitales sont r\u00e9actives et accessibles. Cependant, l&rsquo;impression offre des avantages concurrentiels que les \u00e9crans ne peuvent reproduire. La d\u00e9cision d&rsquo;investir dans l&rsquo;impression d\u00e9pend de votre mod\u00e8le commercial, mais pour les secteurs B2B, les avantages sont incontestables.  <\/p>\n\n\n\n<details class=\"wp-block-details is-layout-flow wp-block-details-is-layout-flow\"><summary>La puissance de la concentration<\/summary>\n<p>Internet est un environnement plein de distractions. Lorsqu&rsquo;un client consulte des produits sur un site web, il n&rsquo;est qu&rsquo;\u00e0 un clic de la concurrence ou des r\u00e9seaux sociaux. Le catalogue imprim\u00e9 capte l&rsquo;attention de mani\u00e8re exclusive. Il n&rsquo;y a pas de fen\u00eatres contextuelles. Votre client est pleinement concentr\u00e9 sur votre contenu. C&rsquo;est essentiel pour la vente de produits techniques complexes qui n\u00e9cessitent de la comparaison et de la compr\u00e9hension.     <\/p>\n<\/details>\n\n\n\n<details class=\"wp-block-details is-layout-flow wp-block-details-is-layout-flow\"><summary>Pr\u00e9sence physique et permanence<\/summary>\n<p>Le site Web dispara\u00eet lorsque le navigateur est ferm\u00e9. Le catalogue imprim\u00e9 occupe une place physique sur le bureau du responsable des achats. Il sert de rappel permanent de votre activit\u00e9. Dans les domaines techniques, les ing\u00e9nieurs et les m\u00e9caniciens pr\u00e9f\u00e8rent souvent disposer d&rsquo;un r\u00e9f\u00e9rentiel physique sur site, sans avoir besoin d&rsquo;Internet. L&rsquo;atelier n&rsquo;est pas toujours un environnement adapt\u00e9 \u00e0 l&rsquo;utilisation d&rsquo;une tablette, mais un catalogue papier de qualit\u00e9 fonctionne sans faille.    <\/p>\n<\/details>\n\n\n\n<details class=\"wp-block-details is-layout-flow wp-block-details-is-layout-flow\"><summary>Une assistance pratique lors des r\u00e9unions commerciales<\/summary>\n<p>Lors d&rsquo;une rencontre en face \u00e0 face, le catalogue, tout comme la <a href=\"https:\/\/zen.studio\/fr\/design-de-brochure\/\">brochure<\/a>, est un outil de collaboration. Il permet au commer\u00e7ant et au client de regarder la m\u00eame page ensemble, d&rsquo;indiquer des sp\u00e9cifications et de prendre des notes. Cela facilite la conversation. Le d\u00e9filement de l&rsquo;\u00e9cran cr\u00e9e souvent une barri\u00e8re, tandis que le feuilletage des pages cr\u00e9e une exp\u00e9rience partag\u00e9e.   <\/p>\n<\/details>\n\n\n\n<details class=\"wp-block-details is-layout-flow wp-block-details-is-layout-flow\"><summary>Autorit\u00e9 de l&rsquo;entreprise et de la marque<\/summary>\n<p>L&rsquo;impression t\u00e9moigne de la stabilit\u00e9. Investir dans un catalogue de qualit\u00e9 montre que votre entreprise est bien \u00e9tablie et que votre gamme de produits est durable. La haute qualit\u00e9 de l&rsquo;impression sugg\u00e8re la haute qualit\u00e9 des produits.  <\/p>\n<\/details>\n\n\n\n<div style=\"height:30px\" aria-hidden=\"true\" class=\"wp-block-spacer\"><\/div>\n\n\n\n<figure class=\"wp-block-image size-full\"><img loading=\"lazy\" decoding=\"async\" width=\"940\" height=\"620\" src=\"https:\/\/zen.studio\/wp-content\/uploads\/2025\/12\/wato-catalog-design.jpg\" alt=\"Conception graphique, pr\u00e9presse et print d'un catalogue technique en anglais par Zen Studio\" class=\"wp-image-2484\" srcset=\"https:\/\/zen.studio\/wp-content\/uploads\/2025\/12\/wato-catalog-design.jpg 940w, https:\/\/zen.studio\/wp-content\/uploads\/2025\/12\/wato-catalog-design-300x198.jpg 300w, https:\/\/zen.studio\/wp-content\/uploads\/2025\/12\/wato-catalog-design-768x507.jpg 768w\" sizes=\"auto, (max-width: 940px) 100vw, 940px\" \/><figcaption class=\"wp-element-caption\">Conception, pr\u00e9presse et production d&rsquo;un catalogue en anglais pour WATO<\/figcaption><\/figure>\n\n\n\n<div style=\"height:29px\" aria-hidden=\"true\" class=\"wp-block-spacer\"><\/div>\n\n\n\n<h2 class=\"wp-block-heading\">\u00c0 qui profite un catalogue au design professionnel ?<\/h2>\n\n\n\n<div style=\"height:5px\" aria-hidden=\"true\" class=\"wp-block-spacer\"><\/div>\n\n\n\n<p>Toutes les entreprises n&rsquo;ont pas besoin d&rsquo;un catalogue imprim\u00e9. Mais pour celles qui travaillent avec des biens physiques et des acheteurs professionnels, c&rsquo;est une n\u00e9cessit\u00e9. <\/p>\n\n\n\n<p>Le catalogue est incontournable pour les entreprises qui correspondent \u00e0 l&rsquo;un des trois profils suivants :<\/p>\n\n\n\n<ol start=\"1\" class=\"wp-block-list\">\n<li><strong>Grand nombre d&rsquo;articles (SKU)<\/strong> : vous commercialisez des centaines, voire des milliers de variantes de produits.<\/li>\n\n\n\n<li><strong>Complexit\u00e9 technique<\/strong> : les produits n\u00e9cessitent des tableaux de donn\u00e9es et des sch\u00e9mas pour \u00eatre compris.<\/li>\n\n\n\n<li><strong>Ravitaillement professionnel<\/strong> : vos clients sont des ing\u00e9nieurs, des architectes ou des commer\u00e7ants qui passent r\u00e9guli\u00e8rement commande.<\/li>\n<\/ol>\n\n\n\n<p>Voici quelques exemples concrets de secteurs o\u00f9 le bon design d&rsquo;un catalogue est essentiel :<\/p>\n\n\n\n<details class=\"wp-block-details is-layout-flow wp-block-details-is-layout-flow\"><summary>Produits industriels et composants m\u00e9caniques<\/summary>\n<p>C&rsquo;est le secteur le plus demandeur de catalogues techniques.<\/p>\n\n\n\n<ul class=\"wp-block-list\">\n<li><strong>Exemples de produits<\/strong> : \u00e9l\u00e9ments de fixation, vannes, pompes, composants \u00e9lectroniques, \u00e9quipements \u00e9lectriques, roulements, machines et architectures syst\u00e8me.<\/li>\n\n\n\n<li><strong>Le besoin<\/strong> : l&rsquo;ing\u00e9nieur doit pouvoir consulter les caract\u00e9ristiques, le d\u00e9bit, la pression, les mat\u00e9riaux et les plans en un seul endroit.<\/li>\n\n\n\n<li><strong>Le r\u00f4le du catalogue<\/strong> : il sert de manuel technique. La conception privil\u00e9gie les tableaux de donn\u00e9es plut\u00f4t que l&rsquo;imagerie \u00ab\u00a0lifestyle\u00a0\u00bb de mise en situation. La pr\u00e9cision et la clart\u00e9 des informations sont l&rsquo;objectif principal.  <\/li>\n<\/ul>\n<\/details>\n\n\n\n<details class=\"wp-block-details is-layout-flow wp-block-details-is-layout-flow\"><summary>Commerce et distribution B2B et grossistes<\/summary>\n<p>Les distributeurs regroupent les produits de nombreuses marques dans une seule offre.<\/p>\n\n\n\n<ul class=\"wp-block-list\">\n<li><strong>Exemples de produits<\/strong> : fournitures de bureau, v\u00eatements de travail, produits d&rsquo;entretien.<\/li>\n\n\n\n<li><strong>Le besoin<\/strong> : les acheteurs pour les grands sites commandent tout en une seule fois. Ils parcourent rapidement les pages pour trouver les codes. <\/li>\n\n\n\n<li><strong>Le r\u00f4le du catalogue<\/strong> : l&rsquo;efficacit\u00e9. La mise en page doit \u00eatre dense, mais lisible, permettant de trouver rapidement le code et le prix. Le codage couleur des sections est essentiel.  <\/li>\n<\/ul>\n<\/details>\n\n\n\n<details class=\"wp-block-details is-layout-flow wp-block-details-is-layout-flow\"><summary>Construction et architecture<\/summary>\n<ul class=\"wp-block-list\">\n<li><strong>Exemples de produits<\/strong> : Carrelages, rev\u00eatements de sol, \u00e9clairage, isolants, peintures, syst\u00e8mes de construction.<\/li>\n\n\n\n<li>Le besoin : les architectes et les entrepreneurs doivent tenir compte \u00e0 la fois de l&rsquo;esth\u00e9tique et des sp\u00e9cifications techniques.<\/li>\n\n\n\n<li><strong>Le r\u00f4le du catalogue<\/strong> : un m\u00e9lange d&rsquo;inspiration et d&rsquo;information. Les photos de qualit\u00e9 montrent le design, tandis que les sections techniques expliquent l&rsquo;assemblage. Ces catalogues restent souvent dans les biblioth\u00e8ques des bureaux d&rsquo;architecture et des entreprises de construction pendant des ann\u00e9es.  <\/li>\n<\/ul>\n<\/details>\n\n\n\n<div style=\"height:29px\" aria-hidden=\"true\" class=\"wp-block-spacer\"><\/div>\n\n\n\n<figure class=\"wp-block-image size-full\"><img loading=\"lazy\" decoding=\"async\" width=\"940\" height=\"560\" src=\"https:\/\/zen.studio\/wp-content\/uploads\/2025\/12\/catalog-fasadi-etem.jpg\" alt=\"Sch\u00e9mas et d\u00e9tails d'installation dans le catalogue d'architecture et de construction\" class=\"wp-image-2486\" srcset=\"https:\/\/zen.studio\/wp-content\/uploads\/2025\/12\/catalog-fasadi-etem.jpg 940w, https:\/\/zen.studio\/wp-content\/uploads\/2025\/12\/catalog-fasadi-etem-300x179.jpg 300w, https:\/\/zen.studio\/wp-content\/uploads\/2025\/12\/catalog-fasadi-etem-768x458.jpg 768w\" sizes=\"auto, (max-width: 940px) 100vw, 940px\" \/><figcaption class=\"wp-element-caption\">D\u00e9tails d&rsquo;assemblage dans le catalogue architecture et construction pour fa\u00e7ades suspendues, que nous avons r\u00e9alis\u00e9 pour Etem<\/figcaption><\/figure>\n\n\n\n<div style=\"height:30px\" aria-hidden=\"true\" class=\"wp-block-spacer\"><\/div>\n\n\n\n<h2 class=\"wp-block-heading\">Services cr\u00e9atifs et processus de conception de catalogue<\/h2>\n\n\n\n<div style=\"height:4px\" aria-hidden=\"true\" class=\"wp-block-spacer\"><\/div>\n\n\n\n<p>La cr\u00e9ation d&rsquo;un catalogue est un d\u00e9fi logistique et cr\u00e9atif. Elle exige un \u00e9quilibre entre l&rsquo;aspect visuel et une structure rigoureuse. Chez Zen Studio, nous traitons chaque conception de catalogue comme un projet d&rsquo;ing\u00e9nierie.  <\/p>\n\n\n\n<p>Notre processus garantit pr\u00e9cision, lisibilit\u00e9 et impression impeccable.<\/p>\n\n\n\n<details class=\"wp-block-details is-layout-flow wp-block-details-is-layout-flow\"><summary>Phase 1 | Strat\u00e9gie et organisation des donn\u00e9es<\/summary>\n<p>Avant de commencer la conception, nous analysons le contenu. C&rsquo;est l&rsquo;\u00e9tape la plus importante dans la r\u00e9alisation de catalogues techniques. <\/p>\n\n\n\n<ul class=\"wp-block-list\">\n<li><strong>V\u00e9rification des donn\u00e9es<\/strong> : nous examinons vos bases de donn\u00e9es produits et vos tableaux Excel. Nous d\u00e9tectons les incoh\u00e9rences et standardisons la pr\u00e9sentation. <\/li>\n\n\n\n<li><strong>Exp\u00e9rience utilisateur (UX) pour l&rsquo;impression<\/strong> : nous d\u00e9terminons comment l&rsquo;utilisateur recherchera un produit : par cat\u00e9gorie, par application ou par r\u00e9f\u00e9rence ? Nous concevons des syst\u00e8mes de navigation : codes couleur, onglets et contenu clair. <\/li>\n<\/ul>\n<\/details>\n\n\n\n<details class=\"wp-block-details is-layout-flow wp-block-details-is-layout-flow\"><summary>Phase 2 | Design et mise en page<\/summary>\n<p>La coh\u00e9rence est essentielle. Nous cr\u00e9ons une grille de mise en page qui d\u00e9finit la position de chaque \u00e9l\u00e9ment afin d&rsquo;assurer la coh\u00e9rence du contenu et la lisibilit\u00e9. <\/p>\n\n\n\n<ul class=\"wp-block-list\">\n<li><strong>Hi\u00e9rarchie visuelle<\/strong> : nous guidons le regard du lecteur. La photo, le titre, la description et le tableau ont chacun un poids diff\u00e9rent. <\/li>\n\n\n\n<li><strong>Tableaux techniques<\/strong> : Il s&rsquo;agit d&rsquo;un aspect sp\u00e9cifique de notre savoir-faire. Les donn\u00e9es techniques doivent \u00eatre lisibles. Nos graphistes cr\u00e9ent des tableaux faciles \u00e0 parcourir, en utilisant des couleurs contrast\u00e9es et des titres clairs.  <\/li>\n\n\n\n<li>Automatisation : pour les catalogues volumineux, la saisie manuelle comporte des risques. Nous utilisons des outils de fusion de donn\u00e9es (Data Merge) dans un logiciel professionnel. Cela permet de relier directement votre fichier Excel \u00e0 la mise en page. Si vous modifiez un prix dans le fichier, il est automatiquement mis \u00e0 jour dans le document. Cela r\u00e9duit consid\u00e9rablement les erreurs humaines.    <\/li>\n<\/ul>\n<\/details>\n\n\n\n<details class=\"wp-block-details is-layout-flow wp-block-details-is-layout-flow\"><summary>Phase 3 | Pr\u00e9presse et contr\u00f4le de l&rsquo;impression<\/summary>\n<p>Votre catalogue sur \u00e9cran subira encore quelques traitements et pr\u00e9parations avant d&rsquo;\u00eatre imprim\u00e9 avec de l&rsquo;encre sur papier. Ici, l&rsquo;expertise technique de Zen Studio est essentielle pour obtenir la qualit\u00e9 requise. <\/p>\n\n\n\n<ul class=\"wp-block-list\">\n<li><strong>Gestion des couleurs<\/strong> : nous appliquons les profils de couleurs adapt\u00e9s au papier et \u00e0 la machine d&rsquo;impression utilis\u00e9s.<\/li>\n\n\n\n<li>Choix du papier : nous vous aidons \u00e0 choisir la bonne densit\u00e9. Par exemple, un catalogue technique peut n\u00e9cessiter un papier plus fin afin de ne pas \u00eatre trop lourd. Un catalogue de meubles haut de gamme n\u00e9cessite un papier \u00e9pais, etc.  <\/li>\n\n\n\n<li><strong>Reliure<\/strong> : nous choisissons la m\u00e9thode de reliure des pages \u2013 thermocollage, agrafage ou spirale \u2013 afin de garantir une durabilit\u00e9 optimale de l&rsquo;\u00e9dition.<\/li>\n\n\n\n<li>Contr\u00f4le de l&rsquo;impression : un collaborateur de Zen Studio est physiquement pr\u00e9sent lors de l&rsquo;impression dans l&rsquo;imprimerie et v\u00e9rifie la conformit\u00e9 de chaque tirage.<\/li>\n<\/ul>\n<\/details>\n\n\n\n<div style=\"height:30px\" aria-hidden=\"true\" class=\"wp-block-spacer\"><\/div>\n\n\n\n<figure class=\"wp-block-image size-full has-custom-border\"><img loading=\"lazy\" decoding=\"async\" width=\"940\" height=\"560\" src=\"https:\/\/zen.studio\/wp-content\/uploads\/2025\/12\/wato-tech-illustrations-catalog.jpg\" alt=\"Conception d'un catalogue avec illustrations techniques des applications.\" class=\"wp-image-2489\" style=\"border-top-color:var(--wp--preset--color--base);border-top-width:1px;border-right-style:none;border-right-width:0px;border-bottom-style:none;border-bottom-width:0px;border-left-color:var(--wp--preset--color--base);border-left-width:1px\" srcset=\"https:\/\/zen.studio\/wp-content\/uploads\/2025\/12\/wato-tech-illustrations-catalog.jpg 940w, https:\/\/zen.studio\/wp-content\/uploads\/2025\/12\/wato-tech-illustrations-catalog-300x179.jpg 300w, https:\/\/zen.studio\/wp-content\/uploads\/2025\/12\/wato-tech-illustrations-catalog-768x458.jpg 768w\" sizes=\"auto, (max-width: 940px) 100vw, 940px\" \/><figcaption class=\"wp-element-caption\">Cr\u00e9ation d&rsquo;illustrations d&rsquo;applications techniques pour catalogue et brochures. Client : WATO <\/figcaption><\/figure>\n\n\n\n<div style=\"height:30px\" aria-hidden=\"true\" class=\"wp-block-spacer\"><\/div>\n\n\n\n<h2 class=\"wp-block-heading\">Catalogue PDF digital ou catalogue imprim\u00e9 ?<\/h2>\n\n\n\n<div style=\"height:5px\" aria-hidden=\"true\" class=\"wp-block-spacer\"><\/div>\n\n\n\n<p>Nous comprenons les besoins de l&rsquo;environnement num\u00e9rique. Zen Studio pr\u00e9pare toujours une version digitale de votre catalogue. Les deux formats ont des r\u00f4les diff\u00e9rents et compl\u00e9mentaires.  <\/p>\n\n\n\n<details class=\"wp-block-details is-layout-flow wp-block-details-is-layout-flow\"><summary>Emploi du catalogue imprim\u00e9<\/summary>\n<ul class=\"wp-block-list\">\n<li><strong>R\u00f4le<\/strong> : Outil principal pour conclure des transactions et collaborer avec des clients cl\u00e9s.<\/li>\n\n\n\n<li><strong>Focus<\/strong> : images haute r\u00e9solution, couleurs quadrichromiques, navigation statique.<\/li>\n<\/ul>\n<\/details>\n\n\n\n<details class=\"wp-block-details is-layout-flow wp-block-details-is-layout-flow\"><summary>Le catalogue \u00e9lectronique au format PDF<\/summary>\n<ul class=\"wp-block-list\">\n<li><strong>R\u00f4le<\/strong> : outil de r\u00e9action rapide. Utilis\u00e9 pour l&rsquo;envoi par e-mail et le t\u00e9l\u00e9chargement depuis un site web. <\/li>\n\n\n\n<li><strong>Focus<\/strong> : taille optimis\u00e9e des fichiers et des images pour un chargement rapide dans le navigateur. Couleurs optimis\u00e9es pour l&rsquo;\u00e9cran. <\/li>\n\n\n\n<li><strong>Interactivit\u00e9<\/strong> : ici, la version num\u00e9rique pr\u00e9sente des avantages. Nous ajoutons des hyperliens dans le contenu pour un acc\u00e8s rapide aux pages, une recherche par texte et des liens vers votre site web ou votre boutique en ligne. <\/li>\n<\/ul>\n<\/details>\n\n\n\n<div style=\"height:30px\" aria-hidden=\"true\" class=\"wp-block-spacer\"><\/div>\n\n\n\n<figure class=\"wp-block-image size-full\"><img loading=\"lazy\" decoding=\"async\" width=\"940\" height=\"560\" src=\"https:\/\/zen.studio\/wp-content\/uploads\/2025\/12\/desktop-publishing-aircon-catalog.jpg\" alt=\"Conception et print d'un catalogue pour climatiseurs\" class=\"wp-image-2487\" srcset=\"https:\/\/zen.studio\/wp-content\/uploads\/2025\/12\/desktop-publishing-aircon-catalog.jpg 940w, https:\/\/zen.studio\/wp-content\/uploads\/2025\/12\/desktop-publishing-aircon-catalog-300x179.jpg 300w, https:\/\/zen.studio\/wp-content\/uploads\/2025\/12\/desktop-publishing-aircon-catalog-768x458.jpg 768w\" sizes=\"auto, (max-width: 940px) 100vw, 940px\" \/><figcaption class=\"wp-element-caption\">Conception et production d&rsquo;un catalogue climatisation pour Carrier<\/figcaption><\/figure>\n\n\n\n<div style=\"height:30px\" aria-hidden=\"true\" class=\"wp-block-spacer\"><\/div>\n\n\n\n<h2 class=\"wp-block-heading\">Combien co\u00fbte <br>la conception d&rsquo;un catalogue ?<\/h2>\n\n\n\n<p>Le <strong>design d&rsquo;un catalogue<\/strong> est un service sp\u00e9cifique dont le prix chez Zen Studio est d\u00e9termin\u00e9 en fonction du projet et non d&rsquo;un tarif fixe. La tarification tient compte des \u00e9l\u00e9ments suivants : <\/p>\n\n\n\n<ul class=\"wp-block-list\">\n<li><strong>Complexit\u00e9 du design<\/strong> : faut-il une grille complexe pour des donn\u00e9s techniques ou un design plus libre et publicitaire ?<\/li>\n\n\n\n<li><strong>Charge de travail avant impression<\/strong> : nombre d&rsquo;articles, n\u00e9cessit\u00e9 d&rsquo;automatiser les donn\u00e9es (fusion de donn\u00e9es) et v\u00e9rification de centaines de sp\u00e9cifications.<\/li>\n\n\n\n<li><strong>\u00c9l\u00e9ments suppl\u00e9mentaires<\/strong> : n\u00e9cessit\u00e9 de cr\u00e9er de nouveaux dessins, illustrations ou de retoucher un grand nombre de photos de mauvaise qualit\u00e9.<\/li>\n<\/ul>\n\n\n\n<p>Bien que nous adoptions une approche personnalis\u00e9e, nous proposons une \u00e9valuation de base transparente des co\u00fbts par page. Cette approche nous permet de r\u00e9duire le prix unitaire pour les volumes plus importants, ce qui optimise votre budget et tient compte de la r\u00e9partition du travail de conception et de pr\u00e9paration en fonction du nombre de pages. <\/p>\n\n\n\n<details class=\"wp-block-details is-layout-flow wp-block-details-is-layout-flow\"><summary>Estimation de base des co\u00fbts de conception d&rsquo;un catalogue<br>(par page)<\/summary>\n<figure class=\"wp-block-table\"><table class=\"has-fixed-layout\"><thead><tr><td><strong>Volume du catalogue<\/strong><\/td><td><strong>Prix par page<\/strong><\/td><\/tr><\/thead><tbody><tr><td><strong>Jusqu&rsquo;\u00e0 32 pages<\/strong><\/td><td><strong>40 EUR\/page<\/strong><\/td><\/tr><tr><td><strong>Jusqu&rsquo;\u00e0 10 pages<\/strong><\/td><td><strong>30 EUR\/page<\/strong><\/td><\/tr><tr><td><strong>Plus de 100 pages<\/strong><\/td><td><strong>25 EUR\/page<\/strong><\/td><\/tr><\/tbody><\/table><\/figure>\n\n\n\n<p><strong>Remarques :<\/strong><\/p>\n\n\n\n<ul class=\"wp-block-list\">\n<li>Les prix indiqu\u00e9s sont des prix de base et n&rsquo;incluent pas les services suppl\u00e9mentaires tels que le traitement des photos, la cr\u00e9ation de dessins techniques, la r\u00e9daction.<\/li>\n\n\n\n<li>Le devis final est \u00e9tabli apr\u00e8s un examen d\u00e9taill\u00e9 de votre base de donn\u00e9es produits et de l&rsquo;ensemble de votre contenu.<\/li>\n<\/ul>\n\n\n\n<p>Contactez Zen Studio pour discuter de votre projet de cr\u00e9ation de catalogue.<\/p>\n<\/details>\n\n\n\n<div style=\"height:30px\" aria-hidden=\"true\" class=\"wp-block-spacer\"><\/div>\n\n\n\n<h3 class=\"wp-block-heading\">Conclusion<\/h3>\n\n\n\n<p>Le catalogue repr\u00e9sente un investissement consid\u00e9rable en temps et en ressources. Il n\u00e9cessite un partenaire qui s&rsquo;y conna\u00eet non seulement en conception graphique, mais aussi en structuration des donn\u00e9es, en logistique et contr\u00f4le d&rsquo;impression, et en cr\u00e9ation de documents num\u00e9riques PDF interactifs. <\/p>\n\n\n\n<p>Zen Studio offre justement cet \u00e9quilibre. Nous prenons en charge la complexit\u00e9 des catalogues techniques afin que vous puissiez vous concentrer sur la vente des produits qu&rsquo;ils contiennent. <\/p>\n","protected":false},"excerpt":{"rendered":"<p>Est-ce que les entreprises ont besoin de catalogues imprim\u00e9s \u00e0 l&rsquo;\u00e8re num\u00e9rique ? Les plateformes digitales sont r\u00e9actives et accessibles. Cependant, l&rsquo;impression offre des avantages concurrentiels que les \u00e9crans ne peuvent reproduire. La d\u00e9cision d&rsquo;investir dans l&rsquo;impression d\u00e9pend de votre mod\u00e8le commercial, mais pour les secteurs B2B, les avantages sont incontestables. \u00c0 qui profite un [&hellip;]<\/p>\n","protected":false},"author":1,"featured_media":0,"parent":0,"menu_order":0,"comment_status":"closed","ping_status":"closed","template":"","meta":{"_acf_changed":false,"footnotes":""},"class_list":["post-3512","page","type-page","status-publish","hentry"],"acf":[],"_links":{"self":[{"href":"https:\/\/zen.studio\/fr\/wp-json\/wp\/v2\/pages\/3512","targetHints":{"allow":["GET"]}}],"collection":[{"href":"https:\/\/zen.studio\/fr\/wp-json\/wp\/v2\/pages"}],"about":[{"href":"https:\/\/zen.studio\/fr\/wp-json\/wp\/v2\/types\/page"}],"author":[{"embeddable":true,"href":"https:\/\/zen.studio\/fr\/wp-json\/wp\/v2\/users\/1"}],"replies":[{"embeddable":true,"href":"https:\/\/zen.studio\/fr\/wp-json\/wp\/v2\/comments?post=3512"}],"version-history":[{"count":0,"href":"https:\/\/zen.studio\/fr\/wp-json\/wp\/v2\/pages\/3512\/revisions"}],"wp:attachment":[{"href":"https:\/\/zen.studio\/fr\/wp-json\/wp\/v2\/media?parent=3512"}],"curies":[{"name":"wp","href":"https:\/\/api.w.org\/{rel}","templated":true}]}}