{"id":3522,"date":"2025-01-12T12:28:50","date_gmt":"2025-01-12T12:28:50","guid":{"rendered":"https:\/\/zen.studio\/conception-demballages\/"},"modified":"2026-01-19T09:39:48","modified_gmt":"2026-01-19T09:39:48","slug":"conception-emballages","status":"publish","type":"page","link":"https:\/\/zen.studio\/fr\/conception-emballages\/","title":{"rendered":"Conception d&#8217;emballages"},"content":{"rendered":"\n<h2 class=\"wp-block-heading\">Quels sont les principaux crit\u00e8res<br\/>d&rsquo;un emballage produit efficace ?<\/h2>\n\n<p>Un bel emballage n&rsquo;est pas n\u00e9cessairement efficace. Pour bien se vendre, il doit r\u00e9pondre \u00e0 trois autres crit\u00e8res : <\/p>\n\n<details class=\"wp-block-details is-layout-flow wp-block-details-is-layout-flow\"><summary>1. Le design de l&#8217;emballage est accrocheur<\/summary>\n<p>Chaque client qui fait ses courses dans un supermarch\u00e9, une \u00e9picerie ou une pharmacie voit en moyenne 5 produits par seconde. Il est donc important que votre produit se d\u00e9marque et contraste avec les produits concurrents, que ce soit par sa forme, ses couleurs, le mat\u00e9riau de son emballage ou un ensemble de nombreux param\u00e8tres diff\u00e9rents dans sa conception, afin qu&rsquo;il crie visuellement \u00ab Coucou, je suis ici ! \u00bb. <\/p>\n<\/details>\n\n<details class=\"wp-block-details is-layout-flow wp-block-details-is-layout-flow\"><summary>2. Le design de l&#8217;emballage communique les principaux avantages<\/summary>\n<p>Une fois que le design a attir\u00e9 l&rsquo;attention du client potentiel, vous disposez d&rsquo;environ une demi-seconde pour lui expliquer en quoi votre produit est unique.<\/p>\n<\/details>\n\n<details class=\"wp-block-details is-layout-flow wp-block-details-is-layout-flow\"><summary>3. L&#8217;emballage est adapt\u00e9 \u00e0 la r\u00e9alit\u00e9 des points de vente.<\/summary>\n<p>Il doit \u00e9galement avoir une valeur pour le magasin. Si son volume est r\u00e9duit, le produit sera plus facilement accept\u00e9 par les commer\u00e7ants. Il est aussi important que les vendeurs en magasin puissent manipuler le produit rapidement et sans erreur.  <\/p>\n<\/details>\n\n<div style=\"height:20px\" aria-hidden=\"true\" class=\"wp-block-spacer\"><\/div>\n\n<figure class=\"wp-block-image size-full\"><img loading=\"lazy\" decoding=\"async\" width=\"876\" height=\"1016\" src=\"https:\/\/zen.studio\/wp-content\/uploads\/2025\/01\/primer-dobra-opakovka.png\" alt=\"Exemple de bon design d'emballage\" class=\"wp-image-1678\" srcset=\"https:\/\/zen.studio\/wp-content\/uploads\/2025\/01\/primer-dobra-opakovka.png 876w, https:\/\/zen.studio\/wp-content\/uploads\/2025\/01\/primer-dobra-opakovka-259x300.png 259w, https:\/\/zen.studio\/wp-content\/uploads\/2025\/01\/primer-dobra-opakovka-768x891.png 768w\" sizes=\"auto, (max-width: 876px) 100vw, 876px\" \/><figcaption class=\"wp-element-caption\">Emballage d&rsquo;une barre bio v\u00e9g\u00e9talienne. Les informations essentielles sur les qualit\u00e9s du produit sont visibles sur la face avant (partie centrale). <\/figcaption><\/figure>\n\n<div style=\"height:30px\" aria-hidden=\"true\" class=\"wp-block-spacer\"><\/div>\n\n<h3 class=\"wp-block-heading\">De la conception \u00e0 la mise en rayon<\/h3>\n\n<p>Les crit\u00e8res ci-dessus sont importants et obligatoires. Ils reposent sur une bonne compr\u00e9hension des canaux de vente et des groupes cibles. La conception d&rsquo;un emballage n\u00e9cessite toute une s\u00e9rie d&rsquo;autres connaissances et comp\u00e9tences : en mati\u00e8re de couleurs, de typographie, d&rsquo;illustration, de photographie, ainsi qu&rsquo;une bonne connaissance des propri\u00e9t\u00e9s des mat\u00e9riaux. Le processus, de la phase conceptuelle \u00e0 la fabrication de l&#8217;emballage final, peut \u00eatre long. Parfois, le produit lui-m\u00eame peut changer de propri\u00e9t\u00e9s ou de dur\u00e9e de conservation en fonction de l&#8217;emballage.   <\/p>\n\n<figure class=\"wp-block-image size-full\"><img loading=\"lazy\" decoding=\"async\" width=\"940\" height=\"691\" src=\"https:\/\/zen.studio\/wp-content\/uploads\/2025\/01\/rawganic-packaging-design.jpg\" alt=\"Image r&#xE9;elle d'un emballage r&#xE9;alis&#xE9;e par Zen Studio\" class=\"wp-image-1680\" srcset=\"https:\/\/zen.studio\/wp-content\/uploads\/2025\/01\/rawganic-packaging-design.jpg 940w, https:\/\/zen.studio\/wp-content\/uploads\/2025\/01\/rawganic-packaging-design-300x221.jpg 300w, https:\/\/zen.studio\/wp-content\/uploads\/2025\/01\/rawganic-packaging-design-768x565.jpg 768w\" sizes=\"auto, (max-width: 940px) 100vw, 940px\" \/><figcaption class=\"wp-element-caption\">Emballage d&rsquo;une barre dessert. Design : Zen Studio  <\/figcaption><\/figure>\n\n<div style=\"height:30px\" aria-hidden=\"true\" class=\"wp-block-spacer\"><\/div>\n\n<h3 class=\"wp-block-heading\">Comment se d\u00e9roule la conception d&rsquo;un emballage chez Zen Studio ?<\/h3>\n\n<p>Au d\u00e9but du projet, le studio \u00e9tudie le march\u00e9 et les tendances pour ce type de produit. Sur la base de cette analyse, le positionnement de l&#8217;emballage est d\u00e9termin\u00e9, en tenant compte de l&rsquo;histoire et des objectifs marketing du client. Une fois la strat\u00e9gie choisie, nous mettons en \u0153uvre nos connaissances dans le domaine des mat\u00e9riaux, des technologies, du graphisme et de l&rsquo;impression pour passer de l&rsquo;id\u00e9e au prototype. Nous nous effor\u00e7ons d&rsquo;obtenir un impact maximal tout en optimisant les gaspillages de mat\u00e9riaux et les co\u00fbts de production.   <\/p>\n\n<figure class=\"wp-block-image size-full\"><img loading=\"lazy\" decoding=\"async\" width=\"940\" height=\"732\" src=\"https:\/\/zen.studio\/wp-content\/uploads\/2025\/01\/blister-box-design.jpg\" alt=\"Conception d'une bo&#xEE;te blister pour barres dessert\" class=\"wp-image-1682\" srcset=\"https:\/\/zen.studio\/wp-content\/uploads\/2025\/01\/blister-box-design.jpg 940w, https:\/\/zen.studio\/wp-content\/uploads\/2025\/01\/blister-box-design-300x234.jpg 300w, https:\/\/zen.studio\/wp-content\/uploads\/2025\/01\/blister-box-design-768x598.jpg 768w\" sizes=\"auto, (max-width: 940px) 100vw, 940px\" \/><figcaption class=\"wp-element-caption\">Conception d&rsquo;une bo\u00eete blister pour la m\u00eame s\u00e9rie de barres dessert.<\/figcaption><\/figure>\n","protected":false},"excerpt":{"rendered":"<p>Quels sont les principaux crit\u00e8resd&rsquo;un emballage produit efficace ? Un bel emballage n&rsquo;est pas n\u00e9cessairement efficace. Pour bien se vendre, il doit r\u00e9pondre \u00e0 trois autres crit\u00e8res : De la conception \u00e0 la mise en rayon Les crit\u00e8res ci-dessus sont importants et obligatoires. Ils reposent sur une bonne compr\u00e9hension des canaux de vente et des [&hellip;]<\/p>\n","protected":false},"author":1,"featured_media":0,"parent":0,"menu_order":0,"comment_status":"closed","ping_status":"closed","template":"","meta":{"_acf_changed":false,"footnotes":""},"class_list":["post-3522","page","type-page","status-publish","hentry"],"acf":[],"_links":{"self":[{"href":"https:\/\/zen.studio\/fr\/wp-json\/wp\/v2\/pages\/3522","targetHints":{"allow":["GET"]}}],"collection":[{"href":"https:\/\/zen.studio\/fr\/wp-json\/wp\/v2\/pages"}],"about":[{"href":"https:\/\/zen.studio\/fr\/wp-json\/wp\/v2\/types\/page"}],"author":[{"embeddable":true,"href":"https:\/\/zen.studio\/fr\/wp-json\/wp\/v2\/users\/1"}],"replies":[{"embeddable":true,"href":"https:\/\/zen.studio\/fr\/wp-json\/wp\/v2\/comments?post=3522"}],"version-history":[{"count":0,"href":"https:\/\/zen.studio\/fr\/wp-json\/wp\/v2\/pages\/3522\/revisions"}],"wp:attachment":[{"href":"https:\/\/zen.studio\/fr\/wp-json\/wp\/v2\/media?parent=3522"}],"curies":[{"name":"wp","href":"https:\/\/api.w.org\/{rel}","templated":true}]}}