{"id":3529,"date":"2026-01-09T12:54:45","date_gmt":"2026-01-09T12:54:45","guid":{"rendered":"https:\/\/zen.studio\/on-site-seo-geo\/"},"modified":"2026-01-19T14:32:21","modified_gmt":"2026-01-19T14:32:21","slug":"on-site-seo-geo","status":"publish","type":"page","link":"https:\/\/zen.studio\/fr\/on-site-seo-geo\/","title":{"rendered":"On-site SEO &amp; GEO"},"content":{"rendered":"\n<figure class=\"wp-block-image size-full\"><img loading=\"lazy\" decoding=\"async\" width=\"940\" height=\"610\" src=\"https:\/\/zen.studio\/wp-content\/uploads\/2026\/01\/seo-geo-services.jpg\" alt=\"Optimisation SEO et GEO des sites web d'entreprise\" class=\"wp-image-3120\" srcset=\"https:\/\/zen.studio\/wp-content\/uploads\/2026\/01\/seo-geo-services.jpg 940w, https:\/\/zen.studio\/wp-content\/uploads\/2026\/01\/seo-geo-services-300x195.jpg 300w, https:\/\/zen.studio\/wp-content\/uploads\/2026\/01\/seo-geo-services-768x498.jpg 768w\" sizes=\"auto, (max-width: 940px) 100vw, 940px\" \/><\/figure>\n\n\n\n<div style=\"height:20px\" aria-hidden=\"true\" class=\"wp-block-spacer\"><\/div>\n\n\n\n<h2 class=\"wp-block-heading\">Nos services SEO<\/h2>\n\n\n\n<details class=\"wp-block-details is-layout-flow wp-block-details-is-layout-flow\"><summary>Structure strat\u00e9gique du site et \u00e9tude des mots cl\u00e9s<\/summary>\n<p>Un <strong>r\u00e9f\u00e9rencement naturel<\/strong> r\u00e9ussi commence par une strat\u00e9gie. Nous d\u00e9terminons les <strong>mots-cl\u00e9s et expressions cl\u00e9s<\/strong> pour votre activit\u00e9, les mots \u00e0 intention commerciale, et sur cette base, nous d\u00e9finissons la structure du contenu du site. <\/p>\n\n\n\n<h4 class=\"wp-block-heading\">Pyramide du contenu :<\/h4>\n\n\n\n<ol class=\"wp-block-list\">\n<li>Pages de support (Contenu du regroupement) : articles et ressources qui alimentent les pages fondamentales en mati\u00e8re d&rsquo;autorit\u00e9 th\u00e9matique et de liens internes.<\/li>\n\n\n\n<li><strong>Pages Cornerstone<\/strong> (contenu fondamental) : il s&rsquo;agit de vos pages \u00ab importantes \u00bb qui couvrent les mots-cl\u00e9s les plus volumineux et d\u00e9montrent votre plus grande autorit\u00e9.<\/li>\n\n\n\n<li><strong>Pages de destination<\/strong> pour la conversion : pages sp\u00e9cialis\u00e9es con\u00e7ues pour convertir le trafic en demandes et en ventes.<\/li>\n<\/ol>\n\n\n\n<div class=\"wp-block-buttons is-layout-flex wp-block-buttons-is-layout-flex\">\n<div class=\"wp-block-button\"><a class=\"wp-block-button__link wp-element-button\" href=\"https:\/\/zen.studio\/fr\/analyse-mots-cles\/#prilojenie-prouchvane-na-kluchovi-dumi\" style=\"border-top-left-radius:0px;border-top-right-radius:0px;border-bottom-left-radius:0px;border-bottom-right-radius:0px\">Savoir davantage<\/a><\/div>\n<\/div>\n<\/details>\n\n\n\n<details class=\"wp-block-details is-layout-flow wp-block-details-is-layout-flow\"><summary>On-page SEO &#8211; optimisation au niveau micro<\/summary>\n<p>Le On-page SEO est le processus d&rsquo;optimisation des diff\u00e9rents \u00e9l\u00e9ments d&rsquo;une page web sp\u00e9cifique. Imaginez-le comme la d\u00e9coration int\u00e9rieure d&rsquo;une pi\u00e8ce : nous r\u00e9digeons du contenu en fonction d&rsquo;objectifs r\u00e9els d&rsquo;indexation de la page, nous organisons les balises m\u00e9ta, les titres (H1-H6), les images et les liens internes de mani\u00e8re \u00e0 ce que l&rsquo;utilisateur et Google se sentent \u00e0 l&rsquo;aise et trouvent imm\u00e9diatement ce qu&rsquo;ils cherchent. <\/p>\n\n\n\n<p>Le contenu est un \u00e9l\u00e9ment essentiel du <strong>On-page SEO<\/strong>. Il sert de passerelle entre l&rsquo;algorithme et l&rsquo;utilisateur. Nos techniques de r\u00e9daction SEO vous permettent d&rsquo;offrir un contenu int\u00e9ressant et convaincant \u00e0 vos clients potentiels, qui est \u00e9galement optimis\u00e9 pour les robots. (Pour plus de d\u00e9tails, consultez notre page d\u00e9di\u00e9e aux <strong>services de r\u00e9daction SEO<\/strong>).   <\/p>\n<\/details>\n\n\n\n<details class=\"wp-block-details is-layout-flow wp-block-details-is-layout-flow\"><summary>On-site SEO &#8211; optimisation au niveau macro<\/summary>\n<p><strong>On-site SEO<\/strong> est une approche holistique de l&rsquo;optimisation de votre site web. Elle couvre tout, de la sant\u00e9 technique et la vitesse de chargement \u00e0 la hi\u00e9rarchie globale de l&rsquo;information. Google comprend non seulement le sujet d&rsquo;une page, mais aussi l&rsquo;autorit\u00e9 de l&rsquo;ensemble du domaine.  <\/p>\n<\/details>\n\n\n\n<details class=\"wp-block-details is-layout-flow wp-block-details-is-layout-flow\"><summary>SEO technique &#8211; la colonne vert\u00e9brale de votre site web<\/summary>\n<p>Sans <strong><a href=\"https:\/\/wgeoseo.com\/technical-seo\" target=\"_blank\" rel=\"noreferrer noopener\">SEO technique<\/a><\/strong>, m\u00eame le meilleur contenu restera invisible. Chez Zen Studio, nous suivons trois \u00e9tapes cl\u00e9s : <\/p>\n\n\n\n<ol start=\"1\" class=\"wp-block-list\">\n<li><strong>Audit technique<\/strong> et \u00ab crawlability \u00bb : nous v\u00e9rifions que les robots de Google peuvent parcourir le site sans difficult\u00e9. Nous supprimons les \u00ab pages orphelines \u00bb (pages sans liens vers elles) et corrigeons les erreurs d&rsquo;indexation. <\/li>\n\n\n\n<li><strong>Core Web Vitals &amp; Performance.<\/strong> La vitesse de chargement n&rsquo;est pas un luxe, mais un facteur de classement. Nous optimisons le LCP, le FID et le CLS pour garantir un chargement ultra-rapide. <\/li>\n\n\n\n<li><strong>S\u00e9curit\u00e9 et architecture<\/strong>. Nous mettons en place des protocoles HTTPS, optimisons le fichier robots.txt et cr\u00e9ons des cartes XML dynamiques du site. <\/li>\n<\/ol>\n<\/details>\n\n\n\n<details class=\"wp-block-details is-layout-flow wp-block-details-is-layout-flow\"><summary>High-tech On-site GEO<\/summary>\n<p>Chez Zen Studio, nous cr\u00e9ons la structure de donn\u00e9es invisible n\u00e9cessaire pour rendre le site compr\u00e9hensible pour l&rsquo;intelligence g\u00e9n\u00e9rative. GEO (Generative Engine Optimization) est l&rsquo;\u00e9volution de la recherche d&rsquo;informations. L&rsquo;optimisation GEO du contenu vise \u00e0 int\u00e9grer vos services et produits dans les r\u00e9ponses g\u00e9n\u00e9r\u00e9es par des mod\u00e8les d&rsquo;IA tels que Gemini ou ChatGPT.  <\/p>\n\n\n\n<p>Nous implementons l&rsquo;optimisation GEO (On-page et On-site) \u00e0 l&rsquo;aide de <strong>donn\u00e9es structur\u00e9es<\/strong>.<\/p>\n\n\n\n<ul class=\"wp-block-list\">\n<li>Marquage<strong> JSON-LD<\/strong> : nous pla\u00e7ons des \u00ab balises \u00bb dans le code de votre site web qui indiquent pr\u00e9cis\u00e9ment \u00e0 Google qui vous \u00eates, ce que vous proposez et o\u00f9 vous vous trouvez. Nous renfor\u00e7ons la confiance et am\u00e9liorons l&rsquo;autorit\u00e9 de vos pages gr\u00e2ce \u00e0 des avis clients, des citations, des produits et des services correctement structur\u00e9s. <\/li>\n\n\n\n<li><strong>Sp\u00e9cificit\u00e9 G\u00e9o<\/strong> : gr\u00e2ce au mod\u00e8les de Schema.org, nous aidons votre entreprise \u00e0 \u00eatre bien r\u00e9f\u00e9renc\u00e9e dans les recherches locales, en reliant votre emplacement physique et votre pr\u00e9sence num\u00e9rique.<\/li>\n<\/ul>\n<\/details>\n\n\n\n<div style=\"height:25px\" aria-hidden=\"true\" class=\"wp-block-spacer\"><\/div>\n\n\n\n<div class=\"wp-block-group cta-service has-global-padding is-layout-constrained wp-block-group-is-layout-constrained\">\n<figure class=\"wp-block-image size-full\"><img loading=\"lazy\" decoding=\"async\" width=\"980\" height=\"626\" src=\"https:\/\/zen.studio\/wp-content\/uploads\/2025\/11\/copywriter-space-zen-studio.jpg\" alt=\"Le r\u00e9dacteur SEO de Zen Studio structure un article pour un site web\" class=\"wp-image-2148\" srcset=\"https:\/\/zen.studio\/wp-content\/uploads\/2025\/11\/copywriter-space-zen-studio.jpg 980w, https:\/\/zen.studio\/wp-content\/uploads\/2025\/11\/copywriter-space-zen-studio-300x192.jpg 300w, https:\/\/zen.studio\/wp-content\/uploads\/2025\/11\/copywriter-space-zen-studio-768x491.jpg 768w\" sizes=\"auto, (max-width: 980px) 100vw, 980px\" \/><\/figure>\n\n\n\n<h2 class=\"wp-block-heading\">SEO copywriting (r\u00e9daction SEO)<\/h2>\n\n\n\n<p>Comment votre contenu peut-il contribuer efficacement \u00e0 votre activit\u00e9 ? D\u00e9couvrir pourquoi la r\u00e9daction de contenu web pertinent et optimis\u00e9 constitue le plus grand d\u00e9fi pour les sites web d&rsquo;entreprise et les boutiques en ligne. <\/p>\n\n\n\n<div class=\"wp-block-buttons is-layout-flex wp-block-buttons-is-layout-flex\">\n<div class=\"wp-block-button is-style-outline is-style-outline--1\"><a class=\"wp-block-button__link wp-element-button\" href=\"https:\/\/zen.studio\/fr\/seo-copywriting\/\" style=\"border-top-left-radius:0px;border-top-right-radius:0px;border-bottom-left-radius:0px;border-bottom-right-radius:0px\">Savoir davantage sur ce services<\/a><\/div>\n<\/div>\n<\/div>\n","protected":false},"excerpt":{"rendered":"<p>Nos services SEO SEO copywriting (r\u00e9daction SEO) Comment votre contenu peut-il contribuer efficacement \u00e0 votre activit\u00e9 ? D\u00e9couvrir pourquoi la r\u00e9daction de contenu web pertinent et optimis\u00e9 constitue le plus grand d\u00e9fi pour les sites web d&rsquo;entreprise et les boutiques en ligne.<\/p>\n","protected":false},"author":1,"featured_media":0,"parent":0,"menu_order":0,"comment_status":"closed","ping_status":"closed","template":"","meta":{"_acf_changed":false,"footnotes":""},"class_list":["post-3529","page","type-page","status-publish","hentry"],"acf":[],"_links":{"self":[{"href":"https:\/\/zen.studio\/fr\/wp-json\/wp\/v2\/pages\/3529","targetHints":{"allow":["GET"]}}],"collection":[{"href":"https:\/\/zen.studio\/fr\/wp-json\/wp\/v2\/pages"}],"about":[{"href":"https:\/\/zen.studio\/fr\/wp-json\/wp\/v2\/types\/page"}],"author":[{"embeddable":true,"href":"https:\/\/zen.studio\/fr\/wp-json\/wp\/v2\/users\/1"}],"replies":[{"embeddable":true,"href":"https:\/\/zen.studio\/fr\/wp-json\/wp\/v2\/comments?post=3529"}],"version-history":[{"count":0,"href":"https:\/\/zen.studio\/fr\/wp-json\/wp\/v2\/pages\/3529\/revisions"}],"wp:attachment":[{"href":"https:\/\/zen.studio\/fr\/wp-json\/wp\/v2\/media?parent=3529"}],"curies":[{"name":"wp","href":"https:\/\/api.w.org\/{rel}","templated":true}]}}